{"id":103,"date":"2022-02-22T15:01:17","date_gmt":"2022-02-22T15:01:17","guid":{"rendered":"https:\/\/metalprints.hu\/?page_id=103"},"modified":"2024-06-01T20:23:30","modified_gmt":"2024-06-01T19:23:30","slug":"rolunk","status":"publish","type":"page","link":"https:\/\/metalprints.hu\/en\/rolunk\/","title":{"rendered":"About us"},"content":{"rendered":"<div data-elementor-type=\"wp-page\" data-elementor-id=\"103\" class=\"elementor elementor-103\" data-elementor-post-type=\"page\">\n\t\t\t\t<div class=\"elementor-element elementor-element-f5c09bc e-flex e-con-boxed e-con e-parent\" data-id=\"f5c09bc\" data-element_type=\"container\" data-e-type=\"container\" data-settings=\"{&quot;background_background&quot;:&quot;classic&quot;}\">\n\t\t\t\t\t<div class=\"e-con-inner\">\n\t\t<div class=\"elementor-element elementor-element-f33af62 e-con-full e-flex e-con e-child\" data-id=\"f33af62\" data-element_type=\"container\" data-e-type=\"container\">\n\t\t\t\t<div class=\"elementor-element elementor-element-74f25ee elementor-widget elementor-widget-heading\" data-id=\"74f25ee\" data-element_type=\"widget\" data-e-type=\"widget\" data-widget_type=\"heading.default\">\n\t\t\t\t<div class=\"elementor-widget-container\">\n\t\t\t\t\t<h1 class=\"elementor-heading-title elementor-size-default\">About us<\/h1>\t\t\t\t<\/div>\n\t\t\t\t<\/div>\n\t\t\t\t<div class=\"elementor-element elementor-element-8f95ce1 elementor-widget elementor-widget-heading\" data-id=\"8f95ce1\" data-element_type=\"widget\" data-e-type=\"widget\" data-widget_type=\"heading.default\">\n\t\t\t\t<div class=\"elementor-widget-container\">\n\t\t\t\t\t<h2 class=\"elementor-heading-title elementor-size-default\">MetalPrints.hu - Learn about our company and our history<\/h2>\t\t\t\t<\/div>\n\t\t\t\t<\/div>\n\t\t\t\t<\/div>\n\t\t\t\t\t<\/div>\n\t\t\t\t<\/div>\n\t\t<div class=\"elementor-element elementor-element-3c30ef8 e-flex e-con-boxed e-con e-parent\" data-id=\"3c30ef8\" data-element_type=\"container\" data-e-type=\"container\">\n\t\t\t\t\t<div class=\"e-con-inner\">\n\t\t\t\t<div class=\"elementor-element elementor-element-34033fa elementor-widget elementor-widget-text-editor\" data-id=\"34033fa\" data-element_type=\"widget\" data-e-type=\"widget\" data-widget_type=\"text-editor.default\">\n\t\t\t\t<div class=\"elementor-widget-container\">\n\t\t\t\t\t\t\t\t\t<p>Since the foundation of our company <strong>premium quality images printed on aluminium<\/strong> where every print is a work of art. We pride ourselves on being a place where innovative technology meets sophisticated aesthetics, where your special moments are brought to life forever.<\/p><p>In our workshop the <strong>the latest sublimation printing techniques<\/strong> is used to bring the colours and details to life on the aluminium sheets. We believe that <strong>quality and uniqueness<\/strong> is key, which is why we treat every project with personal attention and care, whether it's a family photo, a stunning landscape or an inspirational quote.<\/p><p>Our team <strong>artists, technicians and design experts<\/strong> who are all committed to helping you realise your dream image. We pay attention to every little detail to ensure the end result not only meets, but <strong>exceeds your expectations<\/strong>.<\/p><p>A <strong>MetalPrints.hu<\/strong> not just a business for us; a <strong>Community<\/strong>where people can share their stories and memories. We proudly stand behind the clients who choose us to capture their memories in a unique and lasting way. <strong>Explore with us<\/strong> the magical world of aluminium printing and let us help you tell your story.<\/p><p>\u00a0<\/p>\t\t\t\t\t\t\t\t<\/div>\n\t\t\t\t<\/div>\n\t\t\t\t\t<\/div>\n\t\t\t\t<\/div>\n\t\t<div class=\"elementor-element elementor-element-4d38b7a e-flex e-con-boxed e-con e-parent\" data-id=\"4d38b7a\" data-element_type=\"container\" data-e-type=\"container\">\n\t\t\t\t\t<div class=\"e-con-inner\">\n\t\t\t\t<div class=\"elementor-element elementor-element-bbf984b elementor-widget elementor-widget-image\" data-id=\"bbf984b\" data-element_type=\"widget\" data-e-type=\"widget\" data-widget_type=\"image.default\">\n\t\t\t\t<div class=\"elementor-widget-container\">\n\t\t\t\t\t\t\t\t\t\t\t\t\t\t\t<img fetchpriority=\"high\" decoding=\"async\" width=\"960\" height=\"799\" src=\"https:\/\/metalprints.hu\/wp-content\/uploads\/2024\/03\/metlaprints-preview-min.png\" class=\"attachment-large size-large wp-image-1288\" alt=\"\" srcset=\"https:\/\/metalprints.hu\/wp-content\/uploads\/2024\/03\/metlaprints-preview-min.png 960w, https:\/\/metalprints.hu\/wp-content\/uploads\/2024\/03\/metlaprints-preview-min-600x499.png 600w, https:\/\/metalprints.hu\/wp-content\/uploads\/2024\/03\/metlaprints-preview-min-300x250.png 300w, https:\/\/metalprints.hu\/wp-content\/uploads\/2024\/03\/metlaprints-preview-min-768x639.png 768w, https:\/\/metalprints.hu\/wp-content\/uploads\/2024\/03\/metlaprints-preview-min-60x50.png 60w, https:\/\/metalprints.hu\/wp-content\/uploads\/2024\/03\/metlaprints-preview-min-110x92.png 110w\" sizes=\"(max-width: 960px) 100vw, 960px\" \/>\t\t\t\t\t\t\t\t\t\t\t\t\t\t\t<\/div>\n\t\t\t\t<\/div>\n\t\t\t\t\t<\/div>\n\t\t\t\t<\/div>\n\t\t<div class=\"elementor-element elementor-element-fb29f22 e-flex e-con-boxed e-con e-parent\" data-id=\"fb29f22\" data-element_type=\"container\" data-e-type=\"container\">\n\t\t\t\t\t<div class=\"e-con-inner\">\n\t\t\t\t<div class=\"elementor-element elementor-element-6f5b3c8 elementor-tablet-align-center elementor-align-center elementor-widget elementor-widget-button\" data-id=\"6f5b3c8\" data-element_type=\"widget\" data-e-type=\"widget\" data-widget_type=\"button.default\">\n\t\t\t\t<div class=\"elementor-widget-container\">\n\t\t\t\t\t\t\t\t\t<div class=\"elementor-button-wrapper\">\n\t\t\t\t\t<a class=\"elementor-button elementor-button-link elementor-size-md\" href=\"https:\/\/metalprints.hu\/en\/termek\/egyedi-aluminium-kep-nyomtatas\/\">\n\t\t\t\t\t\t<span class=\"elementor-button-content-wrapper\">\n\t\t\t\t\t\t<span class=\"elementor-button-icon\">\n\t\t\t\t<svg aria-hidden=\"true\" class=\"e-font-icon-svg e-fas-arrow-right\" viewbox=\"0 0 448 512\" xmlns=\"http:\/\/www.w3.org\/2000\/svg\"><path d=\"M190.5 66.9l22.2-22.2c9.4-9.4 24.6-9.4 33.9 0L441 239c9.4 9.4 9.4 24.6 0 33.9L246.6 467.3c-9.4 9.4-24.6 9.4-33.9 0l-22.2-22.2c-9.5-9.5-9.3-25 .4-34.3L311.4 296H24c-13.3 0-24-10.7-24-24v-32c0-13.3 10.7-24 24-24h287.4L190.9 101.2c-9.8-9.3-10-24.8-.4-34.3z\"><\/path><\/svg>\t\t\t<\/span>\n\t\t\t\t\t\t\t\t\t<span class=\"elementor-button-text\">Bring Your Memories to Life Now! <\/span>\n\t\t\t\t\t<\/span>\n\t\t\t\t\t<\/a>\n\t\t\t\t<\/div>\n\t\t\t\t\t\t\t\t<\/div>\n\t\t\t\t<\/div>\n\t\t\t\t\t<\/div>\n\t\t\t\t<\/div>\n\t\t\t\t<\/div>","protected":false},"excerpt":{"rendered":"<p>R\u00f3lunk MetalPrints.hu &#8211; Ismerje meg c\u00e9g\u00fcnket \u00e9s t\u00f6rt\u00e9net\u00fcnket V\u00e1llalkoz\u00e1sunk alap\u00edt\u00e1sa \u00f3ta a pr\u00e9mium min\u0151s\u00e9g\u0171, alum\u00edniumra nyomtatott k\u00e9pek vil\u00e1g\u00e1ban tev\u00e9kenyked\u00fcnk, ahol minden egyes nyomat egy m\u0171alkot\u00e1s. B\u00fcszk\u00e9k vagyunk arra, hogy az innovat\u00edv technol\u00f3gi\u00e1k \u00e9s a kifinomult eszt\u00e9tika tal\u00e1lkoz\u00e1s\u00e1nak helysz\u00ednei vagyunk, ahol az \u00d6n k\u00fcl\u00f6nleges pillanatai \u00f6r\u00f6k \u00e9letre kelnek. M\u0171hely\u00fcnkben a legmodernebb szublim\u00e1ci\u00f3s nyomtat\u00e1si technik\u00e1kat alkalmazzuk, hogy [&hellip;]<\/p>\n","protected":false},"author":1,"featured_media":0,"parent":0,"menu_order":2,"comment_status":"closed","ping_status":"closed","template":"","meta":{"site-sidebar-layout":"no-sidebar","site-content-layout":"page-builder","ast-site-content-layout":"full-width-container","site-content-style":"unboxed","site-sidebar-style":"unboxed","ast-global-header-display":"","ast-banner-title-visibility":"","ast-main-header-display":"","ast-hfb-above-header-display":"","ast-hfb-below-header-display":"","ast-hfb-mobile-header-display":"","site-post-title":"disabled","ast-breadcrumbs-content":"disabled","ast-featured-img":"disabled","footer-sml-layout":"","ast-disable-related-posts":"","theme-transparent-header-meta":"disabled","adv-header-id-meta":"","stick-header-meta":"","header-above-stick-meta":"","header-main-stick-meta":"","header-below-stick-meta":"","astra-migrate-meta-layouts":"set","ast-page-background-enabled":"default","ast-page-background-meta":{"desktop":{"background-color":"var(--ast-global-color-4)","background-image":"","background-repeat":"repeat","background-position":"center center","background-size":"auto","background-attachment":"scroll","background-type":"","background-media":"","overlay-type":"","overlay-color":"","overlay-opacity":"","overlay-gradient":""},"tablet":{"background-color":"","background-image":"","background-repeat":"repeat","background-position":"center center","background-size":"auto","background-attachment":"scroll","background-type":"","background-media":"","overlay-type":"","overlay-color":"","overlay-opacity":"","overlay-gradient":""},"mobile":{"background-color":"","background-image":"","background-repeat":"repeat","background-position":"center center","background-size":"auto","background-attachment":"scroll","background-type":"","background-media":"","overlay-type":"","overlay-color":"","overlay-opacity":"","overlay-gradient":""}},"ast-content-background-meta":{"desktop":{"background-color":"var(--ast-global-color-5)","background-image":"","background-repeat":"repeat","background-position":"center center","background-size":"auto","background-attachment":"scroll","background-type":"","background-media":"","overlay-type":"","overlay-color":"","overlay-opacity":"","overlay-gradient":""},"tablet":{"background-color":"var(--ast-global-color-5)","background-image":"","background-repeat":"repeat","background-position":"center center","background-size":"auto","background-attachment":"scroll","background-type":"","background-media":"","overlay-type":"","overlay-color":"","overlay-opacity":"","overlay-gradient":""},"mobile":{"background-color":"var(--ast-global-color-5)","background-image":"","background-repeat":"repeat","background-position":"center center","background-size":"auto","background-attachment":"scroll","background-type":"","background-media":"","overlay-type":"","overlay-color":"","overlay-opacity":"","overlay-gradient":""}},"footnotes":""},"class_list":["post-103","page","type-page","status-publish","hentry"],"_links":{"self":[{"href":"https:\/\/metalprints.hu\/en\/wp-json\/wp\/v2\/pages\/103","targetHints":{"allow":["GET"]}}],"collection":[{"href":"https:\/\/metalprints.hu\/en\/wp-json\/wp\/v2\/pages"}],"about":[{"href":"https:\/\/metalprints.hu\/en\/wp-json\/wp\/v2\/types\/page"}],"author":[{"embeddable":true,"href":"https:\/\/metalprints.hu\/en\/wp-json\/wp\/v2\/users\/1"}],"replies":[{"embeddable":true,"href":"https:\/\/metalprints.hu\/en\/wp-json\/wp\/v2\/comments?post=103"}],"version-history":[{"count":0,"href":"https:\/\/metalprints.hu\/en\/wp-json\/wp\/v2\/pages\/103\/revisions"}],"wp:attachment":[{"href":"https:\/\/metalprints.hu\/en\/wp-json\/wp\/v2\/media?parent=103"}],"curies":[{"name":"wp","href":"https:\/\/api.w.org\/{rel}","templated":true}]}}