{"id":1425,"date":"2024-03-22T11:15:56","date_gmt":"2024-03-22T10:15:56","guid":{"rendered":"https:\/\/metalprints.hu\/?page_id=1425"},"modified":"2026-03-31T19:17:43","modified_gmt":"2026-03-31T17:17:43","slug":"impresszum","status":"publish","type":"page","link":"https:\/\/metalprints.hu\/en\/impresszum\/","title":{"rendered":"masthead"},"content":{"rendered":"<div data-elementor-type=\"wp-page\" data-elementor-id=\"1425\" class=\"elementor elementor-1425\" data-elementor-post-type=\"page\">\n\t\t\t\t<div class=\"elementor-element elementor-element-f5c09bc e-flex e-con-boxed e-con e-parent\" data-id=\"f5c09bc\" data-element_type=\"container\" data-e-type=\"container\" data-settings=\"{&quot;background_background&quot;:&quot;classic&quot;}\">\n\t\t\t\t\t<div class=\"e-con-inner\">\n\t\t<div class=\"elementor-element elementor-element-f33af62 e-con-full e-flex e-con e-child\" data-id=\"f33af62\" data-element_type=\"container\" data-e-type=\"container\">\n\t\t\t\t<div class=\"elementor-element elementor-element-74f25ee elementor-widget elementor-widget-heading\" data-id=\"74f25ee\" data-element_type=\"widget\" data-e-type=\"widget\" data-widget_type=\"heading.default\">\n\t\t\t\t<div class=\"elementor-widget-container\">\n\t\t\t\t\t<h1 class=\"elementor-heading-title elementor-size-default\">masthead\n<\/h1>\t\t\t\t<\/div>\n\t\t\t\t<\/div>\n\t\t\t\t<\/div>\n\t\t\t\t\t<\/div>\n\t\t\t\t<\/div>\n\t\t<div class=\"elementor-element elementor-element-3c30ef8 e-flex e-con-boxed e-con e-parent\" data-id=\"3c30ef8\" data-element_type=\"container\" data-e-type=\"container\">\n\t\t\t\t\t<div class=\"e-con-inner\">\n\t\t\t\t<div class=\"elementor-element elementor-element-34033fa elementor-widget elementor-widget-text-editor\" data-id=\"34033fa\" data-element_type=\"widget\" data-e-type=\"widget\" data-widget_type=\"text-editor.default\">\n\t\t\t\t<div class=\"elementor-widget-container\">\n\t\t\t\t\t\t\t\t\t<h3>Powered by<strong>\u00a0company:<\/strong><\/h3><p><strong>Name:<\/strong> Erdes Samanta e.v.<br \/><strong>Seat:<\/strong> 1117 Budapest, B\u00edr\u00f3 L\u00e1szl\u00f3 J\u00f3zsef krt. 15A, 4-14.<br \/><strong>Tax number:<\/strong> 91581361-1-43<br \/><strong>Registration number:<\/strong> 61461954<br \/><strong>Central e-mail address: <\/strong><a href=\"mailto:info@metalprints.hu\">info@metalprints.hu<\/a><\/p><h3>Shared space provider:<\/h3><p><strong>Name:<\/strong> Hostinger International Ltd.<br \/><strong>Seat: <\/strong>61 Lordou Vironos st. 6023 Larnaca, the Republic of Cyprus<br \/><strong>Mailing address :<\/strong> 61 Lordou Vironos st. 6023 Larnaca, the Republic of Cyprus<br \/><strong>Website:<\/strong>\u00a0www.hostinger.hu<br \/><strong>Email:<\/strong> <a href=\"mailto:compliance@hostinger.com\">compliance@hostinger.com<\/a><\/p><h3>Authority registering the service provider:<\/h3><p><b>Name:\u00a0<\/b>Court of Justice of the Capital City Court<br \/><b>Title:<\/b>\u00a01051 Budapest, N\u00e1dor utca 28.<br \/><b>Mailing address:<\/b>\u00a01363 Budapest, Pf.:17<\/p>\t\t\t\t\t\t\t\t<\/div>\n\t\t\t\t<\/div>\n\t\t\t\t\t<\/div>\n\t\t\t\t<\/div>\n\t\t<div class=\"elementor-element elementor-element-4d38b7a e-flex e-con-boxed e-con e-parent\" data-id=\"4d38b7a\" data-element_type=\"container\" data-e-type=\"container\">\n\t\t\t\t\t<div class=\"e-con-inner\">\n\t\t\t\t<div class=\"elementor-element elementor-element-bbf984b elementor-widget elementor-widget-image\" data-id=\"bbf984b\" data-element_type=\"widget\" data-e-type=\"widget\" data-widget_type=\"image.default\">\n\t\t\t\t<div class=\"elementor-widget-container\">\n\t\t\t\t\t\t\t\t\t\t\t\t\t\t\t<img fetchpriority=\"high\" decoding=\"async\" width=\"960\" height=\"799\" src=\"https:\/\/metalprints.hu\/wp-content\/uploads\/2024\/03\/metlaprints-preview-min.png\" class=\"attachment-large size-large wp-image-1288\" alt=\"\" srcset=\"https:\/\/metalprints.hu\/wp-content\/uploads\/2024\/03\/metlaprints-preview-min.png 960w, https:\/\/metalprints.hu\/wp-content\/uploads\/2024\/03\/metlaprints-preview-min-600x499.png 600w, https:\/\/metalprints.hu\/wp-content\/uploads\/2024\/03\/metlaprints-preview-min-300x250.png 300w, https:\/\/metalprints.hu\/wp-content\/uploads\/2024\/03\/metlaprints-preview-min-768x639.png 768w, https:\/\/metalprints.hu\/wp-content\/uploads\/2024\/03\/metlaprints-preview-min-60x50.png 60w, https:\/\/metalprints.hu\/wp-content\/uploads\/2024\/03\/metlaprints-preview-min-110x92.png 110w\" sizes=\"(max-width: 960px) 100vw, 960px\" \/>\t\t\t\t\t\t\t\t\t\t\t\t\t\t\t<\/div>\n\t\t\t\t<\/div>\n\t\t\t\t\t<\/div>\n\t\t\t\t<\/div>\n\t\t<div class=\"elementor-element elementor-element-fb29f22 e-flex e-con-boxed e-con e-parent\" data-id=\"fb29f22\" data-element_type=\"container\" data-e-type=\"container\">\n\t\t\t\t\t<div class=\"e-con-inner\">\n\t\t\t\t<div class=\"elementor-element elementor-element-6f5b3c8 elementor-tablet-align-center elementor-align-center elementor-widget elementor-widget-button\" data-id=\"6f5b3c8\" data-element_type=\"widget\" data-e-type=\"widget\" data-widget_type=\"button.default\">\n\t\t\t\t<div class=\"elementor-widget-container\">\n\t\t\t\t\t\t\t\t\t<div class=\"elementor-button-wrapper\">\n\t\t\t\t\t<a class=\"elementor-button elementor-button-link elementor-size-md\" href=\"https:\/\/metalprints.hu\/en\/termek\/egyedi-aluminium-kep-nyomtatas\/\">\n\t\t\t\t\t\t<span class=\"elementor-button-content-wrapper\">\n\t\t\t\t\t\t<span class=\"elementor-button-icon\">\n\t\t\t\t<svg aria-hidden=\"true\" class=\"e-font-icon-svg e-fas-arrow-right\" viewbox=\"0 0 448 512\" xmlns=\"http:\/\/www.w3.org\/2000\/svg\"><path d=\"M190.5 66.9l22.2-22.2c9.4-9.4 24.6-9.4 33.9 0L441 239c9.4 9.4 9.4 24.6 0 33.9L246.6 467.3c-9.4 9.4-24.6 9.4-33.9 0l-22.2-22.2c-9.5-9.5-9.3-25 .4-34.3L311.4 296H24c-13.3 0-24-10.7-24-24v-32c0-13.3 10.7-24 24-24h287.4L190.9 101.2c-9.8-9.3-10-24.8-.4-34.3z\"><\/path><\/svg>\t\t\t<\/span>\n\t\t\t\t\t\t\t\t\t<span class=\"elementor-button-text\">Bring your memories to life now! <\/span>\n\t\t\t\t\t<\/span>\n\t\t\t\t\t<\/a>\n\t\t\t\t<\/div>\n\t\t\t\t\t\t\t\t<\/div>\n\t\t\t\t<\/div>\n\t\t\t\t\t<\/div>\n\t\t\t\t<\/div>\n\t\t\t\t<\/div>","protected":false},"excerpt":{"rendered":"<p>Impresszum \u00dczemeltet\u0151\u00a0c\u00e9g: N\u00e9v: Erdes Samanta e.v.Sz\u00e9khely: 1117 Budapest, B\u00edr\u00f3 L\u00e1szl\u00f3 J\u00f3zsef krt. 15A, 4-14.Ad\u00f3sz\u00e1m: 91581361-1-43Nyilv\u00e1ntart\u00e1si sz\u00e1m: 61461954K\u00f6zponti e-mail c\u00edm: info@metalprints.hu T\u00e1rhelyszolg\u00e1ltat\u00f3: N\u00e9v: Hostinger International Ltd.Sz\u00e9khely: 61 Lordou Vironos st. 6023 Larnaca, the Republic of CyprusLevelez\u00e9si c\u00edm : 61 Lordou Vironos st. 6023 Larnaca, the Republic of CyprusWeboldal:\u00a0www.hostinger.huEmail: compliance@hostinger.com Szolg\u00e1ltat\u00f3t nyilv\u00e1ntart\u00e1sba vev\u0151 hat\u00f3s\u00e1g: N\u00e9v:\u00a0F\u0151v\u00e1rosi T\u00f6rv\u00e9nysz\u00e9k C\u00e9gb\u00edr\u00f3s\u00e1gaC\u00edm:\u00a01051 [&hellip;]<\/p>\n","protected":false},"author":1,"featured_media":0,"parent":0,"menu_order":9,"comment_status":"closed","ping_status":"closed","template":"","meta":{"site-sidebar-layout":"no-sidebar","site-content-layout":"page-builder","ast-site-content-layout":"full-width-container","site-content-style":"unboxed","site-sidebar-style":"unboxed","ast-global-header-display":"","ast-banner-title-visibility":"","ast-main-header-display":"","ast-hfb-above-header-display":"","ast-hfb-below-header-display":"","ast-hfb-mobile-header-display":"","site-post-title":"disabled","ast-breadcrumbs-content":"disabled","ast-featured-img":"disabled","footer-sml-layout":"","ast-disable-related-posts":"","theme-transparent-header-meta":"disabled","adv-header-id-meta":"","stick-header-meta":"","header-above-stick-meta":"","header-main-stick-meta":"","header-below-stick-meta":"","astra-migrate-meta-layouts":"set","ast-page-background-enabled":"default","ast-page-background-meta":{"desktop":{"background-color":"var(--ast-global-color-4)","background-image":"","background-repeat":"repeat","background-position":"center center","background-size":"auto","background-attachment":"scroll","background-type":"","background-media":"","overlay-type":"","overlay-color":"","overlay-opacity":"","overlay-gradient":""},"tablet":{"background-color":"","background-image":"","background-repeat":"repeat","background-position":"center center","background-size":"auto","background-attachment":"scroll","background-type":"","background-media":"","overlay-type":"","overlay-color":"","overlay-opacity":"","overlay-gradient":""},"mobile":{"background-color":"","background-image":"","background-repeat":"repeat","background-position":"center center","background-size":"auto","background-attachment":"scroll","background-type":"","background-media":"","overlay-type":"","overlay-color":"","overlay-opacity":"","overlay-gradient":""}},"ast-content-background-meta":{"desktop":{"background-color":"var(--ast-global-color-5)","background-image":"","background-repeat":"repeat","background-position":"center center","background-size":"auto","background-attachment":"scroll","background-type":"","background-media":"","overlay-type":"","overlay-color":"","overlay-opacity":"","overlay-gradient":""},"tablet":{"background-color":"var(--ast-global-color-5)","background-image":"","background-repeat":"repeat","background-position":"center center","background-size":"auto","background-attachment":"scroll","background-type":"","background-media":"","overlay-type":"","overlay-color":"","overlay-opacity":"","overlay-gradient":""},"mobile":{"background-color":"var(--ast-global-color-5)","background-image":"","background-repeat":"repeat","background-position":"center center","background-size":"auto","background-attachment":"scroll","background-type":"","background-media":"","overlay-type":"","overlay-color":"","overlay-opacity":"","overlay-gradient":""}},"footnotes":""},"class_list":["post-1425","page","type-page","status-publish","hentry"],"_links":{"self":[{"href":"https:\/\/metalprints.hu\/en\/wp-json\/wp\/v2\/pages\/1425","targetHints":{"allow":["GET"]}}],"collection":[{"href":"https:\/\/metalprints.hu\/en\/wp-json\/wp\/v2\/pages"}],"about":[{"href":"https:\/\/metalprints.hu\/en\/wp-json\/wp\/v2\/types\/page"}],"author":[{"embeddable":true,"href":"https:\/\/metalprints.hu\/en\/wp-json\/wp\/v2\/users\/1"}],"replies":[{"embeddable":true,"href":"https:\/\/metalprints.hu\/en\/wp-json\/wp\/v2\/comments?post=1425"}],"version-history":[{"count":3,"href":"https:\/\/metalprints.hu\/en\/wp-json\/wp\/v2\/pages\/1425\/revisions"}],"predecessor-version":[{"id":6155,"href":"https:\/\/metalprints.hu\/en\/wp-json\/wp\/v2\/pages\/1425\/revisions\/6155"}],"wp:attachment":[{"href":"https:\/\/metalprints.hu\/en\/wp-json\/wp\/v2\/media?parent=1425"}],"curies":[{"name":"wp","href":"https:\/\/api.w.org\/{rel}","templated":true}]}}