{"id":1434,"date":"2024-03-22T11:20:43","date_gmt":"2024-03-22T10:20:43","guid":{"rendered":"https:\/\/metalprints.hu\/?page_id=1434"},"modified":"2024-03-22T11:22:39","modified_gmt":"2024-03-22T10:22:39","slug":"sutik","status":"publish","type":"page","link":"https:\/\/metalprints.hu\/en\/sutik\/","title":{"rendered":"Cookies"},"content":{"rendered":"\t\t<div data-elementor-type=\"wp-page\" data-elementor-id=\"1434\" class=\"elementor elementor-1434\" data-elementor-post-type=\"page\">\n\t\t\t\t<div class=\"elementor-element elementor-element-f5c09bc e-flex e-con-boxed e-con e-parent\" data-id=\"f5c09bc\" data-element_type=\"container\" data-e-type=\"container\" data-settings=\"{&quot;background_background&quot;:&quot;classic&quot;}\">\n\t\t\t\t\t<div class=\"e-con-inner\">\n\t\t<div class=\"elementor-element elementor-element-f33af62 e-con-full e-flex e-con e-child\" data-id=\"f33af62\" data-element_type=\"container\" data-e-type=\"container\">\n\t\t\t\t<div class=\"elementor-element elementor-element-74f25ee elementor-widget elementor-widget-heading\" data-id=\"74f25ee\" data-element_type=\"widget\" data-e-type=\"widget\" data-widget_type=\"heading.default\">\n\t\t\t\t<div class=\"elementor-widget-container\">\n\t\t\t\t\t<h1 class=\"elementor-heading-title elementor-size-default\">Impresszum\n<\/h1>\t\t\t\t<\/div>\n\t\t\t\t<\/div>\n\t\t\t\t<\/div>\n\t\t\t\t\t<\/div>\n\t\t\t\t<\/div>\n\t\t<div class=\"elementor-element elementor-element-3c30ef8 e-flex e-con-boxed e-con e-parent\" data-id=\"3c30ef8\" data-element_type=\"container\" data-e-type=\"container\">\n\t\t\t\t\t<div class=\"e-con-inner\">\n\t\t\t\t<div class=\"elementor-element elementor-element-34033fa elementor-widget elementor-widget-text-editor\" data-id=\"34033fa\" data-element_type=\"widget\" data-e-type=\"widget\" data-widget_type=\"text-editor.default\">\n\t\t\t\t<div class=\"elementor-widget-container\">\n\t\t\t\t\t\t\t\t\t<div id=\"content\" class=\"site-content\">\n<div class=\"ast-container\">\n<div id=\"primary\" class=\"content-area primary\"><p><\/p><main id=\"main\" class=\"site-main\"><p><\/p>\n<article id=\"post-1615\" class=\"post-1615 page type-page status-publish ast-article-single\">\n<div class=\"entry-content clear\">\n<div class=\"elementor elementor-1615\" data-elementor-type=\"wp-page\" data-elementor-id=\"1615\" data-elementor-post-type=\"page\">\n<div class=\"elementor-element elementor-element-73fd91e e-flex e-con-boxed e-con e-parent\" data-id=\"73fd91e\" data-element_type=\"container\" data-settings=\"{&quot;content_width&quot;:&quot;boxed&quot;}\" data-core-v316-plus=\"true\">\n<div class=\"e-con-inner\">\n<div class=\"elementor-element elementor-element-46d446c elementor-widget__width-initial elementor-widget elementor-widget-text-editor\" data-id=\"46d446c\" data-element_type=\"widget\" data-widget_type=\"text-editor.default\">\n<div class=\"elementor-widget-container\">\n<h3>S\u00fctikezel\u00e9s<\/h3>\n<p>Az&nbsp;<b>www.metalprints.hu<\/b>&nbsp;weboldal s\u00fctiket haszn\u00e1l a weboldal m\u0171k\u00f6dtet\u00e9s\u00e9hez, haszn\u00e1lat\u00e1nak megk\u00f6nny\u00edt\u00e9s\u00e9hez, a weboldalon v\u00e9gzett tev\u00e9kenys\u00e9gek nyomon k\u00f6vet\u00e9s\u00e9hez \u00e9s relev\u00e1ns aj\u00e1nlatok megjelen\u00edt\u00e9s\u00e9hez.<\/p>\n<p>K\u00e9rj\u00fck, olvassa el figyelmesen ezt a dokumentumot, \u00e9s csak akkor vegye ig\u00e9nybe a weboldal szolg\u00e1ltat\u00e1sait, ha egyet\u00e9rt az \u00f6sszes pontj\u00e1val \u00e9s elfogadja azokat k\u00f6telez\u0151 \u00e9rv\u00e9ny\u0171nek (a tov\u00e1bbiakban: Felhaszn\u00e1l\u00f3). Felh\u00edvjuk figyelm\u00e9t, hogy ez a szab\u00e1lyzat kiz\u00e1r\u00f3lag a s\u00fctikezel\u00e9sre vonatkozik az adott weboldalon.<\/p>\n<h3>Mi az a s\u00fcti?<\/h3>\n<p>A s\u00fcti (angolul \u201ecookie\u201d) egy kis adatcsomag, amelyet az internetes szolg\u00e1ltat\u00e1sok t\u00e1rolnak a b\u00f6ng\u00e9sz\u0151ben. Ez az alapvet\u0151 technol\u00f3gia n\u00e9lk\u00fcl\u00f6zhetetlen a hat\u00e9kony \u00e9s modern felhaszn\u00e1l\u00f3i \u00e9lm\u00e9ny biztos\u00edt\u00e1s\u00e1hoz, amelyet minden modern b\u00f6ng\u00e9sz\u0151 t\u00e1mogat.<\/p>\n<h3>Hogyan keletkezik a s\u00fcti?<\/h3>\n<p>El\u0151sz\u00f6r a kliens g\u00e9p k\u00fcld egy k\u00e9r\u00e9st a kiszolg\u00e1l\u00f3nak. A kiszolg\u00e1l\u00f3 l\u00e9trehoz egy egyedi azonos\u00edt\u00f3t, amelyet saj\u00e1t adatb\u00e1zis\u00e1ban t\u00e1rol, majd visszak\u00fcldi a kliensnek ezt a l\u00e9trehozott s\u00fctit az \u00f6sszes inform\u00e1ci\u00f3val egy\u00fctt. A kapott inform\u00e1ci\u00f3s s\u00fcti azt\u00e1n a kliens g\u00e9p\u00e9n t\u00e1rol\u00f3dik.<\/p>\n<h3>Hogyan hasznosul a s\u00fcti?<\/h3>\n<p>Amikor a kliens g\u00e9p \u00fajra kapcsolatba l\u00e9p a kiszolg\u00e1l\u00f3val, \u00f6sszehasonl\u00edtja az el\u0151z\u0151leg l\u00e9trehozott \u00e9s t\u00e1rolt s\u00fctit. A kiszolg\u00e1l\u00f3 \u00f6sszeveti a kapott s\u00fcti tartalm\u00e1t a saj\u00e1t t\u00e1rolt inform\u00e1ci\u00f3val. Ez lehet\u0151v\u00e9 teszi p\u00e9ld\u00e1ul a bejelentkezett regisztr\u00e1lt felhaszn\u00e1l\u00f3 k\u00f6nny\u0171 azonos\u00edt\u00e1s\u00e1t. En\u00e9lk\u00fcl nem lehetne p\u00e9ld\u00e1ul bejelentkezni egy weboldalra.<\/p>\n<h3><b>Milyen s\u00fctiket haszn\u00e1l a weboldal \u00e9s mire?<\/b><\/h3>\n<p><b>A weboldal a k\u00f6vetkez\u0151 c\u00e9lokra haszn\u00e1lja a s\u00fctiket:<\/b><\/p>\n<p>\u2013 Weboldalunk fejleszt\u00e9se<br>\u2013 Navig\u00e1ci\u00f3j\u00e1nak megk\u00f6nny\u00edt\u00e9se weboldalunkon \u00e9s az oldal funkci\u00f3inak haszn\u00e1lata sor\u00e1n, \u00edgy z\u00f6kken\u0151mentes felhaszn\u00e1l\u00f3i \u00e9lm\u00e9nyt biztos\u00edtva<br>\u2013 Inform\u00e1ci\u00f3 gy\u0171jt\u00e9se arr\u00f3l, hogyan haszn\u00e1lja weboldalunkat \u2013 annak felm\u00e9r\u00e9s\u00e9vel, hogy melyik r\u00e9szeit l\u00e1togatja vagy haszn\u00e1lja legink\u00e1bb, \u00edgy megtudhatjuk, hogyan biztos\u00edtsunk \u00d6nnek m\u00e9g jobb felhaszn\u00e1l\u00f3i \u00e9lm\u00e9nyt, ha \u00fajra megl\u00e1togatja oldalunkat<br>\u2013 A felhaszn\u00e1l\u00f3i \u00e9lm\u00e9ny tov\u00e1bbi jav\u00edt\u00e1sa, ha \u00fajra megl\u00e1togatja oldalunkat<br>\u2013 C\u00e9lzott hirdet\u00e9sek elhelyez\u00e9se m\u00e1s weboldalakon<br>\u2013 B\u00f6ng\u00e9sz\u0151 felhaszn\u00e1l\u00f3k megk\u00fcl\u00f6nb\u00f6ztet\u00e9se, azonos\u00edt\u00e1sa<br>\u2013 A weboldalon v\u00e9gzett tev\u00e9kenys\u00e9gek nyomon k\u00f6vet\u00e9se, hogy az \u00d6nt \u00e9rdekl\u0151 vagy fontos, relev\u00e1ns aj\u00e1nlatokr\u00f3l \u00fczenetet juttathassunk el \u00d6nnek<\/p>\n<h3>S\u00fcti t\u00edpusok:<\/h3>\n<p><b>Alapm\u0171k\u00f6d\u00e9st biztos\u00edt\u00f3 s\u00fctik<\/b><\/p>\n<p>Ezek a s\u00fctik biztos\u00edtj\u00e1k a weboldal megfelel\u0151 m\u0171k\u00f6d\u00e9s\u00e9t, megk\u00f6nny\u00edtik annak haszn\u00e1lat\u00e1t, \u00e9s inform\u00e1ci\u00f3kat gy\u0171jtenek a haszn\u00e1latr\u00f3l felhaszn\u00e1l\u00f3ink azonos\u00edt\u00e1sa n\u00e9lk\u00fcl.<\/p>\n<p><b>Statisztikai c\u00e9l\u00fa s\u00fctik<\/b><\/p>\n<p>Weboldalunk fejleszt\u00e9se \u00e9s a felhaszn\u00e1l\u00f3i \u00e9lm\u00e9ny jav\u00edt\u00e1sa c\u00e9lj\u00e1b\u00f3l olyan s\u00fctiket is haszn\u00e1lunk, amelyek inform\u00e1ci\u00f3kat gy\u0171jtenek arr\u00f3l, hogyan haszn\u00e1lj\u00e1k l\u00e1togat\u00f3ink weboldalunkat. Ezek a s\u00fctik nem azonos\u00edtj\u00e1k \u00d6nt szem\u00e9ly szerint, hanem olyan inform\u00e1ci\u00f3kat gy\u0171jtenek, mint p\u00e9ld\u00e1ul, hogy melyik oldalt n\u00e9zte meg a l\u00e1togat\u00f3, melyik r\u00e9szre kattintott, h\u00e1ny oldalt l\u00e1togatott meg, mennyi ideig tartottak a munkamenetek, \u00e9s milyen hiba\u00fczenetek jelentkeztek.<\/p>\n<p><b>Teljes\u00edtm\u00e9nyt biztos\u00edt\u00f3 s\u00fctik<\/b><\/p>\n<p>Ezek k\u00f6z\u00e9 tartoznak a Google Analytics s\u00fctik is, amelyek biztos\u00edtj\u00e1k a teljes\u00edtm\u00e9nyt. Tov\u00e1bbi inform\u00e1ci\u00f3k a Google Analytics s\u00fctijeir\u0151l itt tal\u00e1lhat\u00f3k:&nbsp;<a href=\"https:\/\/developers.google.com\/analytics\/devguides\/collection\/analyticsjs\/cookie-usage\" target=\"_blank\" rel=\"noopener\">Link<\/a><\/p>\n<p><b>C\u00e9lz\u00f3- \u00e9s hirdet\u00e9si s\u00fctik<\/b><\/p>\n<p>Ezeknek a s\u00fctiknek a c\u00e9lja, hogy az \u00d6n \u00e9rdekl\u0151d\u00e9s\u00e9re szabott vagy az \u00d6n sz\u00e1m\u00e1ra relev\u00e1ns hirdet\u00e9sek jelenjenek meg a weboldalakon. Ezek a s\u00fctik nem azonos\u00edtj\u00e1k \u00d6nt szem\u00e9ly szerint, hanem inform\u00e1ci\u00f3kat gy\u0171jtenek arr\u00f3l, hogy melyik oldalt n\u00e9zte meg a l\u00e1togat\u00f3, melyik r\u00e9szre kattintott, h\u00e1ny oldalt l\u00e1togatott meg, mindezt az \u00d6n \u00e9rdekl\u0151d\u00e9s\u00e9re sz\u00e1mot tart\u00f3 tartalmak megismer\u00e9se \u00e9rdek\u00e9ben.<\/p>\n<h3>Hogyan ellen\u0151rizheti \u00e9s kapcsolhatja ki a s\u00fctiket?<\/h3>\n<p>Minden modern b\u00f6ng\u00e9sz\u0151 lehet\u0151v\u00e9 teszi a s\u00fctik be\u00e1ll\u00edt\u00e1sainak m\u00f3dos\u00edt\u00e1s\u00e1t. A legt\u00f6bb b\u00f6ng\u00e9sz\u0151 alap\u00e9rtelmezettk\u00e9nt automatikusan elfogadja a s\u00fctiket, de ezeket a be\u00e1ll\u00edt\u00e1sokat \u00e1ltal\u00e1ban meg lehet v\u00e1ltoztatni. \u00cdgy a b\u00f6ng\u00e9sz\u0151 megakad\u00e1lyozhatja az automatikus elfogad\u00e1st \u00e9s minden alkalommal lehet\u0151s\u00e9get adhat a v\u00e1laszt\u00e1sra, hogy elfogadja-e a s\u00fctiket.<\/p>\n<p>Felh\u00edvjuk figyelm\u00e9t, hogy mivel a s\u00fctik a weboldalunk haszn\u00e1lat\u00e1nak megk\u00f6nny\u00edt\u00e9s\u00e9t vagy lehet\u0151v\u00e9 t\u00e9tel\u00e9t szolg\u00e1lj\u00e1k, a s\u00fctik megakad\u00e1lyoz\u00e1sa vagy t\u00f6rl\u00e9se miatt el\u0151fordulhat, hogy nem tudja a weboldalunk funkci\u00f3it teljes m\u00e9rt\u00e9kben haszn\u00e1lni, \u00e9s a weboldal m\u00e1sk\u00e9pp fog m\u0171k\u00f6dni a b\u00f6ng\u00e9sz\u0151j\u00e9ben, mint tervezve volt.<\/p>\n<h3><strong>A legn\u00e9pszer\u0171bb b\u00f6ng\u00e9sz\u0151k s\u00fcti be\u00e1ll\u00edt\u00e1sair\u00f3l az al\u00e1bbi linkeken t\u00e1j\u00e9koz\u00f3dhat:<\/strong><\/h3>\n<ul>\n<li><a href=\"https:\/\/support.google.com\/accounts\/answer\/61416?hl=hu\" target=\"_blank\" rel=\"noopener\">Google Chrome<\/a><\/li>\n<li><a href=\"https:\/\/support.mozilla.org\/hu\/kb\/sutik-informacio-amelyet-weboldalak-tarolnak-szami\" target=\"_blank\" rel=\"noopener\">Firefox<\/a><\/li>\n<li><a href=\"https:\/\/support.microsoft.com\/hu-hu\/help\/17442\/windows-internet-explorer-delete-manage-cookies#ie=ie-11\" target=\"_blank\" rel=\"noopener\">Microsoft Internet Explorer<\/a><\/li>\n<li><a href=\"https:\/\/privacy.microsoft.com\/hu-hu\/windows-10-microsoft-edge-and-privacy\" target=\"_blank\" rel=\"noopener\">Microsoft Edge<\/a><\/li>\n<li><a href=\"https:\/\/support.apple.com\/hu-hu\/guide\/safari\/manage-cookies-and-website-data-sfri11471\/mac\" target=\"_blank\" rel=\"noopener\">Safari<\/a><\/li>\n<\/ul>\n<\/div>\n<\/div>\n<\/div>\n<\/div>\n<\/div>\n<\/div>\n<\/article>\n<p><\/p><\/main><\/div>\n<\/div>\n<\/div>\n<footer id=\"colophon\" role=\"contentinfo\">\n<div class=\"footer-width-fixer\">\n<div class=\"elementor elementor-1182\" data-elementor-type=\"wp-post\" data-elementor-id=\"1182\" data-elementor-post-type=\"elementor-hf\">\n<div class=\"elementor-element elementor-element-222d3c6a day-card e-flex e-con-boxed e-con e-parent elementor-sticky\" data-id=\"222d3c6a\" data-element_type=\"container\" data-settings=\"{&quot;background_background&quot;:&quot;classic&quot;,&quot;sticky&quot;:&quot;top&quot;,&quot;sticky_effects_offset&quot;:1,&quot;animation&quot;:&quot;none&quot;,&quot;content_width&quot;:&quot;boxed&quot;,&quot;sticky_on&quot;:[&quot;desktop&quot;,&quot;tablet&quot;,&quot;mobile&quot;],&quot;sticky_offset&quot;:0}\" data-core-v316-plus=\"true\">\n<div class=\"e-con-inner\">\n<div class=\"elementor-element elementor-element-6eb0f9fb e-con-full e-flex e-con e-parent\" data-id=\"6eb0f9fb\" data-element_type=\"container\" data-settings=\"{&quot;content_width&quot;:&quot;full&quot;}\" data-core-v316-plus=\"true\">\n<div class=\"elementor-element elementor-element-2e1cf273 elementor-icon-list--layout-inline elementor-align-center elementor-tablet-align-left my-nav elementor-widget-tablet__width-inherit elementor-list-item-link-full_width elementor-widget elementor-widget-icon-list\" data-id=\"2e1cf273\" data-element_type=\"widget\" data-widget_type=\"icon-list.default\">\n<div class=\"elementor-widget-container\">&nbsp;<\/div>\n<\/div>\n<\/div>\n<\/div>\n<\/div>\n<\/div>\n<\/div>\n<\/footer>\t\t\t\t\t\t\t\t<\/div>\n\t\t\t\t<\/div>\n\t\t\t\t\t<\/div>\n\t\t\t\t<\/div>\n\t\t<div class=\"elementor-element elementor-element-4d38b7a e-flex e-con-boxed e-con e-parent\" data-id=\"4d38b7a\" data-element_type=\"container\" data-e-type=\"container\">\n\t\t\t\t\t<div class=\"e-con-inner\">\n\t\t\t\t<div class=\"elementor-element elementor-element-bbf984b elementor-widget elementor-widget-image\" data-id=\"bbf984b\" data-element_type=\"widget\" data-e-type=\"widget\" data-widget_type=\"image.default\">\n\t\t\t\t<div class=\"elementor-widget-container\">\n\t\t\t\t\t\t\t\t\t\t\t\t\t\t\t<img fetchpriority=\"high\" decoding=\"async\" width=\"960\" height=\"799\" src=\"https:\/\/metalprints.hu\/wp-content\/uploads\/2024\/03\/metlaprints-preview-min.png\" class=\"attachment-large size-large wp-image-1288\" alt=\"\" srcset=\"https:\/\/metalprints.hu\/wp-content\/uploads\/2024\/03\/metlaprints-preview-min.png 960w, https:\/\/metalprints.hu\/wp-content\/uploads\/2024\/03\/metlaprints-preview-min-600x499.png 600w, https:\/\/metalprints.hu\/wp-content\/uploads\/2024\/03\/metlaprints-preview-min-300x250.png 300w, https:\/\/metalprints.hu\/wp-content\/uploads\/2024\/03\/metlaprints-preview-min-768x639.png 768w, https:\/\/metalprints.hu\/wp-content\/uploads\/2024\/03\/metlaprints-preview-min-60x50.png 60w, https:\/\/metalprints.hu\/wp-content\/uploads\/2024\/03\/metlaprints-preview-min-110x92.png 110w\" sizes=\"(max-width: 960px) 100vw, 960px\" \/>\t\t\t\t\t\t\t\t\t\t\t\t\t\t\t<\/div>\n\t\t\t\t<\/div>\n\t\t\t\t\t<\/div>\n\t\t\t\t<\/div>\n\t\t<div class=\"elementor-element elementor-element-fb29f22 e-flex e-con-boxed e-con e-parent\" data-id=\"fb29f22\" data-element_type=\"container\" data-e-type=\"container\">\n\t\t\t\t\t<div class=\"e-con-inner\">\n\t\t\t\t<div class=\"elementor-element elementor-element-6f5b3c8 elementor-tablet-align-center elementor-align-center elementor-widget elementor-widget-button\" data-id=\"6f5b3c8\" data-element_type=\"widget\" data-e-type=\"widget\" data-widget_type=\"button.default\">\n\t\t\t\t<div class=\"elementor-widget-container\">\n\t\t\t\t\t\t\t\t\t<div class=\"elementor-button-wrapper\">\n\t\t\t\t\t<a class=\"elementor-button elementor-button-link elementor-size-md\" href=\"https:\/\/metalprints.hu\/termek\/egyedi-aluminium-kep-nyomtatas\/\">\n\t\t\t\t\t\t<span class=\"elementor-button-content-wrapper\">\n\t\t\t\t\t\t<span class=\"elementor-button-icon\">\n\t\t\t\t<svg aria-hidden=\"true\" class=\"e-font-icon-svg e-fas-arrow-right\" viewBox=\"0 0 448 512\" xmlns=\"http:\/\/www.w3.org\/2000\/svg\"><path d=\"M190.5 66.9l22.2-22.2c9.4-9.4 24.6-9.4 33.9 0L441 239c9.4 9.4 9.4 24.6 0 33.9L246.6 467.3c-9.4 9.4-24.6 9.4-33.9 0l-22.2-22.2c-9.5-9.5-9.3-25 .4-34.3L311.4 296H24c-13.3 0-24-10.7-24-24v-32c0-13.3 10.7-24 24-24h287.4L190.9 101.2c-9.8-9.3-10-24.8-.4-34.3z\"><\/path><\/svg>\t\t\t<\/span>\n\t\t\t\t\t\t\t\t\t<span class=\"elementor-button-text\">Keltse \u00c9letre Eml\u00e9keit Most! <\/span>\n\t\t\t\t\t<\/span>\n\t\t\t\t\t<\/a>\n\t\t\t\t<\/div>\n\t\t\t\t\t\t\t\t<\/div>\n\t\t\t\t<\/div>\n\t\t\t\t\t<\/div>\n\t\t\t\t<\/div>\n\t\t\t\t<\/div>\n\t\t","protected":false},"excerpt":{"rendered":"<p>Impresszum S\u00fctikezel\u00e9s Az&nbsp;www.metalprints.hu&nbsp;weboldal s\u00fctiket haszn\u00e1l a weboldal m\u0171k\u00f6dtet\u00e9s\u00e9hez, haszn\u00e1lat\u00e1nak megk\u00f6nny\u00edt\u00e9s\u00e9hez, a weboldalon v\u00e9gzett tev\u00e9kenys\u00e9gek nyomon k\u00f6vet\u00e9s\u00e9hez \u00e9s relev\u00e1ns aj\u00e1nlatok megjelen\u00edt\u00e9s\u00e9hez. K\u00e9rj\u00fck, olvassa el figyelmesen ezt a dokumentumot, \u00e9s csak akkor vegye ig\u00e9nybe a weboldal szolg\u00e1ltat\u00e1sait, ha egyet\u00e9rt az \u00f6sszes pontj\u00e1val \u00e9s elfogadja azokat k\u00f6telez\u0151 \u00e9rv\u00e9ny\u0171nek (a tov\u00e1bbiakban: Felhaszn\u00e1l\u00f3). Felh\u00edvjuk figyelm\u00e9t, hogy ez a szab\u00e1lyzat kiz\u00e1r\u00f3lag [&hellip;]<\/p>\n","protected":false},"author":1,"featured_media":0,"parent":0,"menu_order":10,"comment_status":"closed","ping_status":"closed","template":"","meta":{"site-sidebar-layout":"no-sidebar","site-content-layout":"page-builder","ast-site-content-layout":"full-width-container","site-content-style":"unboxed","site-sidebar-style":"unboxed","ast-global-header-display":"","ast-banner-title-visibility":"","ast-main-header-display":"","ast-hfb-above-header-display":"","ast-hfb-below-header-display":"","ast-hfb-mobile-header-display":"","site-post-title":"disabled","ast-breadcrumbs-content":"disabled","ast-featured-img":"disabled","footer-sml-layout":"","ast-disable-related-posts":"","theme-transparent-header-meta":"disabled","adv-header-id-meta":"","stick-header-meta":"","header-above-stick-meta":"","header-main-stick-meta":"","header-below-stick-meta":"","astra-migrate-meta-layouts":"set","ast-page-background-enabled":"default","ast-page-background-meta":{"desktop":{"background-color":"var(--ast-global-color-4)","background-image":"","background-repeat":"repeat","background-position":"center center","background-size":"auto","background-attachment":"scroll","background-type":"","background-media":"","overlay-type":"","overlay-color":"","overlay-opacity":"","overlay-gradient":""},"tablet":{"background-color":"","background-image":"","background-repeat":"repeat","background-position":"center center","background-size":"auto","background-attachment":"scroll","background-type":"","background-media":"","overlay-type":"","overlay-color":"","overlay-opacity":"","overlay-gradient":""},"mobile":{"background-color":"","background-image":"","background-repeat":"repeat","background-position":"center center","background-size":"auto","background-attachment":"scroll","background-type":"","background-media":"","overlay-type":"","overlay-color":"","overlay-opacity":"","overlay-gradient":""}},"ast-content-background-meta":{"desktop":{"background-color":"var(--ast-global-color-5)","background-image":"","background-repeat":"repeat","background-position":"center center","background-size":"auto","background-attachment":"scroll","background-type":"","background-media":"","overlay-type":"","overlay-color":"","overlay-opacity":"","overlay-gradient":""},"tablet":{"background-color":"var(--ast-global-color-5)","background-image":"","background-repeat":"repeat","background-position":"center center","background-size":"auto","background-attachment":"scroll","background-type":"","background-media":"","overlay-type":"","overlay-color":"","overlay-opacity":"","overlay-gradient":""},"mobile":{"background-color":"var(--ast-global-color-5)","background-image":"","background-repeat":"repeat","background-position":"center center","background-size":"auto","background-attachment":"scroll","background-type":"","background-media":"","overlay-type":"","overlay-color":"","overlay-opacity":"","overlay-gradient":""}},"footnotes":""},"class_list":["post-1434","page","type-page","status-publish","hentry"],"_links":{"self":[{"href":"https:\/\/metalprints.hu\/en\/wp-json\/wp\/v2\/pages\/1434","targetHints":{"allow":["GET"]}}],"collection":[{"href":"https:\/\/metalprints.hu\/en\/wp-json\/wp\/v2\/pages"}],"about":[{"href":"https:\/\/metalprints.hu\/en\/wp-json\/wp\/v2\/types\/page"}],"author":[{"embeddable":true,"href":"https:\/\/metalprints.hu\/en\/wp-json\/wp\/v2\/users\/1"}],"replies":[{"embeddable":true,"href":"https:\/\/metalprints.hu\/en\/wp-json\/wp\/v2\/comments?post=1434"}],"version-history":[{"count":0,"href":"https:\/\/metalprints.hu\/en\/wp-json\/wp\/v2\/pages\/1434\/revisions"}],"wp:attachment":[{"href":"https:\/\/metalprints.hu\/en\/wp-json\/wp\/v2\/media?parent=1434"}],"curies":[{"name":"wp","href":"https:\/\/api.w.org\/{rel}","templated":true}]}}