{"id":2178,"date":"2024-07-15T12:36:49","date_gmt":"2024-07-15T10:36:49","guid":{"rendered":"https:\/\/metalprints.hu\/?post_type=product&#038;p=2178"},"modified":"2024-08-02T12:19:36","modified_gmt":"2024-08-02T10:19:36","slug":"kozmikus-ut","status":"publish","type":"product","link":"https:\/\/metalprints.hu\/en\/art-kollekcio\/kepzeletbeli-utazasok\/kozmikus-ut\/","title":{"rendered":"Cosmic Way Aluminium Image"},"content":{"rendered":"<p>Explore the fascinating spectacle of infinite space with the \"Cosmic Way\" aluminium picture! This special print depicts the cosmos full of stars and planets as seen from the car. The 30\u00d745 cm landscape format image is not only an elegant decoration for modern interiors, but is also made of high quality aluminium, making it extremely durable and resistant. The perfect gift for anyone who loves the wonders of space and artistic depictions. Take this unique creation home and enjoy the experience of galactic travel every day! This picture is the perfect choice for those who love space exploration, science fiction themes or simply want a unique and inspiring piece of art for their home.<\/p>","protected":false},"excerpt":{"rendered":"<p>Fedezze fel a v\u00e9gtelen \u0171r leny\u0171g\u00f6z\u0151 l\u00e1tv\u00e1ny\u00e1t a &#8220;Kozmikus \u00dat&#8221; alum\u00ednium k\u00e9ppel! Ez a k\u00fcl\u00f6nleges nyomat az aut\u00f3b\u00f3l szeml\u00e9lve \u00e1br\u00e1zolja a csillagokkal \u00e9s bolyg\u00f3kkal teli kozmoszt. A 30&#215;45 cm-es fekv\u0151 form\u00e1tum\u00fa k\u00e9p nemcsak a modern enteri\u0151r\u00f6k eleg\u00e1ns d\u00edsze, hanem kiv\u00e1l\u00f3 min\u0151s\u00e9g\u0171 alum\u00edniumb\u00f3l k\u00e9sz\u00fclt, \u00edgy rendk\u00edv\u00fcl tart\u00f3s \u00e9s ellen\u00e1ll\u00f3. T\u00f6k\u00e9letes aj\u00e1nd\u00e9k mindazoknak, akik szeretik az \u0171r [&hellip;]<\/p>\n","protected":false},"featured_media":3222,"comment_status":"open","ping_status":"closed","template":"","meta":{"site-sidebar-layout":"default","site-content-layout":"","ast-site-content-layout":"default","site-content-style":"default","site-sidebar-style":"default","ast-global-header-display":"","ast-banner-title-visibility":"","ast-main-header-display":"","ast-hfb-above-header-display":"","ast-hfb-below-header-display":"","ast-hfb-mobile-header-display":"","site-post-title":"","ast-breadcrumbs-content":"","ast-featured-img":"","footer-sml-layout":"","ast-disable-related-posts":"","theme-transparent-header-meta":"default","adv-header-id-meta":"","stick-header-meta":"","header-above-stick-meta":"","header-main-stick-meta":"","header-below-stick-meta":"","astra-migrate-meta-layouts":"set","ast-page-background-enabled":"default","ast-page-background-meta":{"desktop":{"background-color":"var(--ast-global-color-4)","background-image":"","background-repeat":"repeat","background-position":"center center","background-size":"auto","background-attachment":"scroll","background-type":"","background-media":"","overlay-type":"","overlay-color":"","overlay-opacity":"","overlay-gradient":""},"tablet":{"background-color":"","background-image":"","background-repeat":"repeat","background-position":"center center","background-size":"auto","background-attachment":"scroll","background-type":"","background-media":"","overlay-type":"","overlay-color":"","overlay-opacity":"","overlay-gradient":""},"mobile":{"background-color":"","background-image":"","background-repeat":"repeat","background-position":"center center","background-size":"auto","background-attachment":"scroll","background-type":"","background-media":"","overlay-type":"","overlay-color":"","overlay-opacity":"","overlay-gradient":""}},"ast-content-background-meta":{"desktop":{"background-color":"var(--ast-global-color-5)","background-image":"","background-repeat":"repeat","background-position":"center center","background-size":"auto","background-attachment":"scroll","background-type":"","background-media":"","overlay-type":"","overlay-color":"","overlay-opacity":"","overlay-gradient":""},"tablet":{"background-color":"var(--ast-global-color-5)","background-image":"","background-repeat":"repeat","background-position":"center center","background-size":"auto","background-attachment":"scroll","background-type":"","background-media":"","overlay-type":"","overlay-color":"","overlay-opacity":"","overlay-gradient":""},"mobile":{"background-color":"var(--ast-global-color-5)","background-image":"","background-repeat":"repeat","background-position":"center center","background-size":"auto","background-attachment":"scroll","background-type":"","background-media":"","overlay-type":"","overlay-color":"","overlay-opacity":"","overlay-gradient":""}}},"product_brand":[],"product_cat":[60],"product_tag":[75],"class_list":{"0":"post-2178","1":"product","2":"type-product","3":"status-publish","4":"has-post-thumbnail","6":"product_cat-kepzeletbeli-utazasok","7":"product_tag-kiemeltalkotasok","8":"desktop-align-center","9":"tablet-align-left","10":"mobile-align-left","12":"first","13":"instock","14":"taxable","15":"shipping-taxable","16":"purchasable","17":"product-type-variable","18":"has-default-attributes","19":"add-to-wishlist-before_image","20":"wpzoom-wc-spi-has-enabled"},"_links":{"self":[{"href":"https:\/\/metalprints.hu\/en\/wp-json\/wp\/v2\/product\/2178","targetHints":{"allow":["GET"]}}],"collection":[{"href":"https:\/\/metalprints.hu\/en\/wp-json\/wp\/v2\/product"}],"about":[{"href":"https:\/\/metalprints.hu\/en\/wp-json\/wp\/v2\/types\/product"}],"replies":[{"embeddable":true,"href":"https:\/\/metalprints.hu\/en\/wp-json\/wp\/v2\/comments?post=2178"}],"version-history":[{"count":0,"href":"https:\/\/metalprints.hu\/en\/wp-json\/wp\/v2\/product\/2178\/revisions"}],"wp:featuredmedia":[{"embeddable":true,"href":"https:\/\/metalprints.hu\/en\/wp-json\/wp\/v2\/media\/3222"}],"wp:attachment":[{"href":"https:\/\/metalprints.hu\/en\/wp-json\/wp\/v2\/media?parent=2178"}],"wp:term":[{"taxonomy":"product_brand","embeddable":true,"href":"https:\/\/metalprints.hu\/en\/wp-json\/wp\/v2\/product_brand?post=2178"},{"taxonomy":"product_cat","embeddable":true,"href":"https:\/\/metalprints.hu\/en\/wp-json\/wp\/v2\/product_cat?post=2178"},{"taxonomy":"product_tag","embeddable":true,"href":"https:\/\/metalprints.hu\/en\/wp-json\/wp\/v2\/product_tag?post=2178"}],"curies":[{"name":"wp","href":"https:\/\/api.w.org\/{rel}","templated":true}]}}