{"id":2441,"date":"2024-07-28T22:09:03","date_gmt":"2024-07-28T20:09:03","guid":{"rendered":"https:\/\/metalprints.hu\/?post_type=product&#038;p=2441"},"modified":"2024-07-31T23:56:54","modified_gmt":"2024-07-31T21:56:54","slug":"modern-gyongy-lany-pop-art-aluminium-kep","status":"publish","type":"product","link":"https:\/\/metalprints.hu\/en\/art-kollekcio\/pop-art\/modern-gyongy-lany-pop-art-aluminium-kep\/","title":{"rendered":"Modern Bead Girl Pop Art Aluminium Picture"},"content":{"rendered":"<p>This unique and stunning aluminium image is a modern reinterpretation of Johannes Vermeer's classic painting of a girl with pearl earrings, in a contemporary style. Measuring 30\u00d745 cm, the picture is the perfect choice for any art lover looking for a unique and inspiring piece of art. The aluminium surface ensures the picture's durability and long-term preservation of its vibrant colours. This picture can become the central decoration of any room and create a special atmosphere.<\/p>","protected":false},"excerpt":{"rendered":"<p>Ez az egyedi \u00e9s leny\u0171g\u00f6z\u0151 alum\u00ednium k\u00e9p Johannes Vermeer klasszikus festm\u00e9ny\u00e9nek modern \u00fajra\u00e9rtelmez\u00e9s\u00e9t \u00e1br\u00e1zolja, ahol a l\u00e1ny gy\u00f6ngy f\u00fclbeval\u00f3val napjaink st\u00edlus\u00e1ban jelenik meg. A 30&#215;45 cm m\u00e9ret\u0171 k\u00e9p t\u00f6k\u00e9letes v\u00e1laszt\u00e1s minden m\u0171v\u00e9szetkedvel\u0151 sz\u00e1m\u00e1ra, aki egyedi \u00e9s inspir\u00e1l\u00f3 m\u0171v\u00e9szeti alkot\u00e1st keres. Az aluminium fel\u00fclet biztos\u00edtja a k\u00e9p tart\u00f3ss\u00e1g\u00e1t \u00e9s \u00e9l\u00e9nk sz\u00edneinek hossz\u00fa t\u00e1v\u00fa meg\u0151rz\u00e9s\u00e9t. Ez a [&hellip;]<\/p>\n","protected":false},"featured_media":2451,"comment_status":"open","ping_status":"closed","template":"","meta":{"site-sidebar-layout":"default","site-content-layout":"","ast-site-content-layout":"default","site-content-style":"default","site-sidebar-style":"default","ast-global-header-display":"","ast-banner-title-visibility":"","ast-main-header-display":"","ast-hfb-above-header-display":"","ast-hfb-below-header-display":"","ast-hfb-mobile-header-display":"","site-post-title":"","ast-breadcrumbs-content":"","ast-featured-img":"","footer-sml-layout":"","ast-disable-related-posts":"","theme-transparent-header-meta":"default","adv-header-id-meta":"","stick-header-meta":"","header-above-stick-meta":"","header-main-stick-meta":"","header-below-stick-meta":"","astra-migrate-meta-layouts":"set","ast-page-background-enabled":"default","ast-page-background-meta":{"desktop":{"background-color":"var(--ast-global-color-4)","background-image":"","background-repeat":"repeat","background-position":"center center","background-size":"auto","background-attachment":"scroll","background-type":"","background-media":"","overlay-type":"","overlay-color":"","overlay-opacity":"","overlay-gradient":""},"tablet":{"background-color":"","background-image":"","background-repeat":"repeat","background-position":"center center","background-size":"auto","background-attachment":"scroll","background-type":"","background-media":"","overlay-type":"","overlay-color":"","overlay-opacity":"","overlay-gradient":""},"mobile":{"background-color":"","background-image":"","background-repeat":"repeat","background-position":"center center","background-size":"auto","background-attachment":"scroll","background-type":"","background-media":"","overlay-type":"","overlay-color":"","overlay-opacity":"","overlay-gradient":""}},"ast-content-background-meta":{"desktop":{"background-color":"var(--ast-global-color-5)","background-image":"","background-repeat":"repeat","background-position":"center center","background-size":"auto","background-attachment":"scroll","background-type":"","background-media":"","overlay-type":"","overlay-color":"","overlay-opacity":"","overlay-gradient":""},"tablet":{"background-color":"var(--ast-global-color-5)","background-image":"","background-repeat":"repeat","background-position":"center center","background-size":"auto","background-attachment":"scroll","background-type":"","background-media":"","overlay-type":"","overlay-color":"","overlay-opacity":"","overlay-gradient":""},"mobile":{"background-color":"var(--ast-global-color-5)","background-image":"","background-repeat":"repeat","background-position":"center center","background-size":"auto","background-attachment":"scroll","background-type":"","background-media":"","overlay-type":"","overlay-color":"","overlay-opacity":"","overlay-gradient":""}}},"product_brand":[],"product_cat":[61],"product_tag":[],"class_list":{"0":"post-2441","1":"product","2":"type-product","3":"status-publish","4":"has-post-thumbnail","6":"product_cat-pop-art","7":"desktop-align-center","8":"tablet-align-left","9":"mobile-align-left","11":"first","12":"instock","13":"taxable","14":"shipping-taxable","15":"purchasable","16":"product-type-variable","17":"has-default-attributes","18":"add-to-wishlist-before_image","19":"wpzoom-wc-spi-has-enabled"},"_links":{"self":[{"href":"https:\/\/metalprints.hu\/en\/wp-json\/wp\/v2\/product\/2441","targetHints":{"allow":["GET"]}}],"collection":[{"href":"https:\/\/metalprints.hu\/en\/wp-json\/wp\/v2\/product"}],"about":[{"href":"https:\/\/metalprints.hu\/en\/wp-json\/wp\/v2\/types\/product"}],"replies":[{"embeddable":true,"href":"https:\/\/metalprints.hu\/en\/wp-json\/wp\/v2\/comments?post=2441"}],"version-history":[{"count":0,"href":"https:\/\/metalprints.hu\/en\/wp-json\/wp\/v2\/product\/2441\/revisions"}],"wp:featuredmedia":[{"embeddable":true,"href":"https:\/\/metalprints.hu\/en\/wp-json\/wp\/v2\/media\/2451"}],"wp:attachment":[{"href":"https:\/\/metalprints.hu\/en\/wp-json\/wp\/v2\/media?parent=2441"}],"wp:term":[{"taxonomy":"product_brand","embeddable":true,"href":"https:\/\/metalprints.hu\/en\/wp-json\/wp\/v2\/product_brand?post=2441"},{"taxonomy":"product_cat","embeddable":true,"href":"https:\/\/metalprints.hu\/en\/wp-json\/wp\/v2\/product_cat?post=2441"},{"taxonomy":"product_tag","embeddable":true,"href":"https:\/\/metalprints.hu\/en\/wp-json\/wp\/v2\/product_tag?post=2441"}],"curies":[{"name":"wp","href":"https:\/\/api.w.org\/{rel}","templated":true}]}}