{"id":2881,"date":"2024-07-30T00:58:41","date_gmt":"2024-07-29T22:58:41","guid":{"rendered":"https:\/\/metalprints.hu\/?post_type=product&#038;p=2881"},"modified":"2024-08-01T00:26:45","modified_gmt":"2024-07-31T22:26:45","slug":"ejfeli-ragyogas-aluminium-kep","status":"publish","type":"product","link":"https:\/\/metalprints.hu\/en\/art-kollekcio\/fekete-arany-elegancia\/ejfeli-ragyogas-aluminium-kep\/","title":{"rendered":"Midnight Glow Aluminium Picture"},"content":{"rendered":"<p>The \"Midnight Glow\" Aluminium Picture is a stunning and unique piece of art, depicting a black and gold female face with a gold newsprint-like texture partially decorating her face. This picture highlights the combination of modern art and classic elements, adding a unique character to any interior. Measuring 30\u00d745 cm, the picture is the perfect choice for homes and offices alike looking for something truly unique. The aluminium base ensures the picture's durability and the vividness of the colours, ensuring long-term preservation. \"Midnight Glow\" can easily become the focal point of a room, creating an elegant and luxurious effect.<\/p>","protected":false},"excerpt":{"rendered":"<p>Az &#8220;\u00c9jf\u00e9li Ragyog\u00e1s&#8221; Alum\u00ednium K\u00e9p egy leny\u0171g\u00f6z\u0151 \u00e9s k\u00fcl\u00f6nleges m\u0171alkot\u00e1s, amely egy fekete-arany sz\u00edn\u0171 n\u0151i arcot \u00e1br\u00e1zol, akinek arca r\u00e9szben arany \u00fajs\u00e1gpap\u00edrszer\u0171 text\u00far\u00e1val van d\u00edsz\u00edtve. Ez a k\u00e9p kiemeli a modern m\u0171v\u00e9szet \u00e9s a klasszikus elemek \u00f6tv\u00f6z\u00e9s\u00e9t, egyedi karaktert adva b\u00e1rmely enteri\u0151rnek. A 30&#215;45 cm m\u00e9ret\u0171 k\u00e9p t\u00f6k\u00e9letes v\u00e1laszt\u00e1s otthonok \u00e9s irod\u00e1k sz\u00e1m\u00e1ra egyar\u00e1nt, akik [&hellip;]<\/p>\n","protected":false},"featured_media":2889,"comment_status":"open","ping_status":"closed","template":"","meta":{"site-sidebar-layout":"default","site-content-layout":"","ast-site-content-layout":"default","site-content-style":"default","site-sidebar-style":"default","ast-global-header-display":"","ast-banner-title-visibility":"","ast-main-header-display":"","ast-hfb-above-header-display":"","ast-hfb-below-header-display":"","ast-hfb-mobile-header-display":"","site-post-title":"","ast-breadcrumbs-content":"","ast-featured-img":"","footer-sml-layout":"","ast-disable-related-posts":"","theme-transparent-header-meta":"default","adv-header-id-meta":"","stick-header-meta":"","header-above-stick-meta":"","header-main-stick-meta":"","header-below-stick-meta":"","astra-migrate-meta-layouts":"set","ast-page-background-enabled":"default","ast-page-background-meta":{"desktop":{"background-color":"var(--ast-global-color-4)","background-image":"","background-repeat":"repeat","background-position":"center center","background-size":"auto","background-attachment":"scroll","background-type":"","background-media":"","overlay-type":"","overlay-color":"","overlay-opacity":"","overlay-gradient":""},"tablet":{"background-color":"","background-image":"","background-repeat":"repeat","background-position":"center center","background-size":"auto","background-attachment":"scroll","background-type":"","background-media":"","overlay-type":"","overlay-color":"","overlay-opacity":"","overlay-gradient":""},"mobile":{"background-color":"","background-image":"","background-repeat":"repeat","background-position":"center center","background-size":"auto","background-attachment":"scroll","background-type":"","background-media":"","overlay-type":"","overlay-color":"","overlay-opacity":"","overlay-gradient":""}},"ast-content-background-meta":{"desktop":{"background-color":"var(--ast-global-color-5)","background-image":"","background-repeat":"repeat","background-position":"center center","background-size":"auto","background-attachment":"scroll","background-type":"","background-media":"","overlay-type":"","overlay-color":"","overlay-opacity":"","overlay-gradient":""},"tablet":{"background-color":"var(--ast-global-color-5)","background-image":"","background-repeat":"repeat","background-position":"center center","background-size":"auto","background-attachment":"scroll","background-type":"","background-media":"","overlay-type":"","overlay-color":"","overlay-opacity":"","overlay-gradient":""},"mobile":{"background-color":"var(--ast-global-color-5)","background-image":"","background-repeat":"repeat","background-position":"center center","background-size":"auto","background-attachment":"scroll","background-type":"","background-media":"","overlay-type":"","overlay-color":"","overlay-opacity":"","overlay-gradient":""}}},"product_brand":[],"product_cat":[62],"product_tag":[],"class_list":{"0":"post-2881","1":"product","2":"type-product","3":"status-publish","4":"has-post-thumbnail","6":"product_cat-fekete-arany-elegancia","7":"desktop-align-center","8":"tablet-align-left","9":"mobile-align-left","11":"first","12":"instock","13":"taxable","14":"shipping-taxable","15":"purchasable","16":"product-type-variable","17":"has-default-attributes","18":"add-to-wishlist-before_image","19":"wpzoom-wc-spi-has-enabled"},"_links":{"self":[{"href":"https:\/\/metalprints.hu\/en\/wp-json\/wp\/v2\/product\/2881","targetHints":{"allow":["GET"]}}],"collection":[{"href":"https:\/\/metalprints.hu\/en\/wp-json\/wp\/v2\/product"}],"about":[{"href":"https:\/\/metalprints.hu\/en\/wp-json\/wp\/v2\/types\/product"}],"replies":[{"embeddable":true,"href":"https:\/\/metalprints.hu\/en\/wp-json\/wp\/v2\/comments?post=2881"}],"version-history":[{"count":0,"href":"https:\/\/metalprints.hu\/en\/wp-json\/wp\/v2\/product\/2881\/revisions"}],"wp:featuredmedia":[{"embeddable":true,"href":"https:\/\/metalprints.hu\/en\/wp-json\/wp\/v2\/media\/2889"}],"wp:attachment":[{"href":"https:\/\/metalprints.hu\/en\/wp-json\/wp\/v2\/media?parent=2881"}],"wp:term":[{"taxonomy":"product_brand","embeddable":true,"href":"https:\/\/metalprints.hu\/en\/wp-json\/wp\/v2\/product_brand?post=2881"},{"taxonomy":"product_cat","embeddable":true,"href":"https:\/\/metalprints.hu\/en\/wp-json\/wp\/v2\/product_cat?post=2881"},{"taxonomy":"product_tag","embeddable":true,"href":"https:\/\/metalprints.hu\/en\/wp-json\/wp\/v2\/product_tag?post=2881"}],"curies":[{"name":"wp","href":"https:\/\/api.w.org\/{rel}","templated":true}]}}