{"id":2892,"date":"2024-07-30T01:03:51","date_gmt":"2024-07-29T23:03:51","guid":{"rendered":"https:\/\/metalprints.hu\/?post_type=product&#038;p=2892"},"modified":"2024-08-01T00:26:09","modified_gmt":"2024-07-31T22:26:09","slug":"arany-fenyek-aluminium-kep","status":"publish","type":"product","link":"https:\/\/metalprints.hu\/en\/art-kollekcio\/fekete-arany-elegancia\/arany-fenyek-aluminium-kep\/","title":{"rendered":"Golden Lights Aluminium Picture"},"content":{"rendered":"<p>The \"Golden Lights\" Aluminium Picture is a dazzling work of art, depicting a portrait of a woman in black and gold. The face and body of the woman in the painting are black, while her jewellery and make-up are gold, creating a contrasting yet harmonious look. The 30\u00d745 cm picture is perfect for homes and offices looking for something really special and elegant. The aluminium base ensures the picture's durability and the vividness of the colours, preserving them for a long time. The \"Golden Lights\" picture can easily become the focal point of a room, creating an elegant and luxurious effect.<\/p>","protected":false},"excerpt":{"rendered":"<p>Az &#8220;Arany F\u00e9nyek&#8221; Alum\u00ednium K\u00e9p egy k\u00e1pr\u00e1zatos m\u0171alkot\u00e1s, amely egy fekete-arany sz\u00ednvil\u00e1g\u00fa n\u0151i portr\u00e9t \u00e1br\u00e1zol. A k\u00e9pen l\u00e1that\u00f3 n\u0151 arca \u00e9s teste fekete, m\u00edg \u00e9kszerei \u00e9s sminkje arany sz\u00edn\u0171ek, amely kontrasztos, m\u00e9gis harmonikus megjelen\u00e9st k\u00f6lcs\u00f6n\u00f6z. A 30&#215;45 cm m\u00e9ret\u0171 k\u00e9p t\u00f6k\u00e9letes v\u00e1laszt\u00e1s otthonok \u00e9s irod\u00e1k sz\u00e1m\u00e1ra, akik valami igaz\u00e1n k\u00fcl\u00f6nlegeset \u00e9s eleg\u00e1nsat keresnek. Az aluminium [&hellip;]<\/p>\n","protected":false},"featured_media":2895,"comment_status":"open","ping_status":"closed","template":"","meta":{"site-sidebar-layout":"default","site-content-layout":"","ast-site-content-layout":"default","site-content-style":"default","site-sidebar-style":"default","ast-global-header-display":"","ast-banner-title-visibility":"","ast-main-header-display":"","ast-hfb-above-header-display":"","ast-hfb-below-header-display":"","ast-hfb-mobile-header-display":"","site-post-title":"","ast-breadcrumbs-content":"","ast-featured-img":"","footer-sml-layout":"","ast-disable-related-posts":"","theme-transparent-header-meta":"default","adv-header-id-meta":"","stick-header-meta":"","header-above-stick-meta":"","header-main-stick-meta":"","header-below-stick-meta":"","astra-migrate-meta-layouts":"set","ast-page-background-enabled":"default","ast-page-background-meta":{"desktop":{"background-color":"var(--ast-global-color-4)","background-image":"","background-repeat":"repeat","background-position":"center center","background-size":"auto","background-attachment":"scroll","background-type":"","background-media":"","overlay-type":"","overlay-color":"","overlay-opacity":"","overlay-gradient":""},"tablet":{"background-color":"","background-image":"","background-repeat":"repeat","background-position":"center center","background-size":"auto","background-attachment":"scroll","background-type":"","background-media":"","overlay-type":"","overlay-color":"","overlay-opacity":"","overlay-gradient":""},"mobile":{"background-color":"","background-image":"","background-repeat":"repeat","background-position":"center center","background-size":"auto","background-attachment":"scroll","background-type":"","background-media":"","overlay-type":"","overlay-color":"","overlay-opacity":"","overlay-gradient":""}},"ast-content-background-meta":{"desktop":{"background-color":"var(--ast-global-color-5)","background-image":"","background-repeat":"repeat","background-position":"center center","background-size":"auto","background-attachment":"scroll","background-type":"","background-media":"","overlay-type":"","overlay-color":"","overlay-opacity":"","overlay-gradient":""},"tablet":{"background-color":"var(--ast-global-color-5)","background-image":"","background-repeat":"repeat","background-position":"center center","background-size":"auto","background-attachment":"scroll","background-type":"","background-media":"","overlay-type":"","overlay-color":"","overlay-opacity":"","overlay-gradient":""},"mobile":{"background-color":"var(--ast-global-color-5)","background-image":"","background-repeat":"repeat","background-position":"center center","background-size":"auto","background-attachment":"scroll","background-type":"","background-media":"","overlay-type":"","overlay-color":"","overlay-opacity":"","overlay-gradient":""}}},"product_brand":[],"product_cat":[62],"product_tag":[],"class_list":{"0":"post-2892","1":"product","2":"type-product","3":"status-publish","4":"has-post-thumbnail","6":"product_cat-fekete-arany-elegancia","7":"desktop-align-center","8":"tablet-align-left","9":"mobile-align-left","11":"first","12":"instock","13":"taxable","14":"shipping-taxable","15":"purchasable","16":"product-type-variable","17":"has-default-attributes","18":"add-to-wishlist-before_image","19":"wpzoom-wc-spi-has-enabled"},"_links":{"self":[{"href":"https:\/\/metalprints.hu\/en\/wp-json\/wp\/v2\/product\/2892","targetHints":{"allow":["GET"]}}],"collection":[{"href":"https:\/\/metalprints.hu\/en\/wp-json\/wp\/v2\/product"}],"about":[{"href":"https:\/\/metalprints.hu\/en\/wp-json\/wp\/v2\/types\/product"}],"replies":[{"embeddable":true,"href":"https:\/\/metalprints.hu\/en\/wp-json\/wp\/v2\/comments?post=2892"}],"version-history":[{"count":0,"href":"https:\/\/metalprints.hu\/en\/wp-json\/wp\/v2\/product\/2892\/revisions"}],"wp:featuredmedia":[{"embeddable":true,"href":"https:\/\/metalprints.hu\/en\/wp-json\/wp\/v2\/media\/2895"}],"wp:attachment":[{"href":"https:\/\/metalprints.hu\/en\/wp-json\/wp\/v2\/media?parent=2892"}],"wp:term":[{"taxonomy":"product_brand","embeddable":true,"href":"https:\/\/metalprints.hu\/en\/wp-json\/wp\/v2\/product_brand?post=2892"},{"taxonomy":"product_cat","embeddable":true,"href":"https:\/\/metalprints.hu\/en\/wp-json\/wp\/v2\/product_cat?post=2892"},{"taxonomy":"product_tag","embeddable":true,"href":"https:\/\/metalprints.hu\/en\/wp-json\/wp\/v2\/product_tag?post=2892"}],"curies":[{"name":"wp","href":"https:\/\/api.w.org\/{rel}","templated":true}]}}