{"id":2980,"date":"2024-07-30T12:18:23","date_gmt":"2024-07-30T10:18:23","guid":{"rendered":"https:\/\/metalprints.hu\/?post_type=product&#038;p=2980"},"modified":"2024-07-31T23:47:00","modified_gmt":"2024-07-31T21:47:00","slug":"jason-voorhees-varosi-stilusban-aluminium-kep","status":"publish","type":"product","link":"https:\/\/metalprints.hu\/en\/art-kollekcio\/film-karakterek\/jason-voorhees-varosi-stilusban-aluminium-kep\/","title":{"rendered":"Jason Voorhees Urban Style Aluminum Image"},"content":{"rendered":"<p>The \"Jason Voorhees Urban Style\" Aluminium Picture is a stunning piece of art for any horror fan. This modern, urban-style image depicts Jason Voorhees, the famous \"Friday the 13th.\" series. The dark and mysterious colour scheme of the image highlights the character's fearsome presence, while the urban clothing and background give him a modern feel. The image measures 30\u00d745 cm and the aluminium base material guarantees durability and high quality. This piece of art is the perfect choice for any horror movie lover looking for unique and exciting decoration for their home.<\/p>","protected":false},"excerpt":{"rendered":"<p>A &#8220;Jason Voorhees V\u00e1rosi St\u00edlusban&#8221; Alum\u00ednium K\u00e9p leny\u0171g\u00f6z\u0151 m\u0171alkot\u00e1s minden horror rajong\u00f3 sz\u00e1m\u00e1ra. Ez a k\u00e9p modern, v\u00e1rosi st\u00edlusban \u00e1br\u00e1zolja Jason Voorhees-t, a h\u00edres &#8220;P\u00e9ntek 13.&#8221; sorozat ikonikus karakter\u00e9t. A k\u00e9p s\u00f6t\u00e9t \u00e9s misztikus sz\u00ednvil\u00e1ga kiemeli a karakter f\u00e9lelmetes jelenl\u00e9t\u00e9t, mik\u00f6zben a v\u00e1rosi ruh\u00e1zat \u00e9s a h\u00e1tt\u00e9r modern hangulatot k\u00f6lcs\u00f6n\u00f6z neki. A k\u00e9p m\u00e9rete 30&#215;45 [&hellip;]<\/p>\n","protected":false},"featured_media":2989,"comment_status":"open","ping_status":"closed","template":"","meta":{"site-sidebar-layout":"default","site-content-layout":"","ast-site-content-layout":"default","site-content-style":"default","site-sidebar-style":"default","ast-global-header-display":"","ast-banner-title-visibility":"","ast-main-header-display":"","ast-hfb-above-header-display":"","ast-hfb-below-header-display":"","ast-hfb-mobile-header-display":"","site-post-title":"","ast-breadcrumbs-content":"","ast-featured-img":"","footer-sml-layout":"","ast-disable-related-posts":"","theme-transparent-header-meta":"default","adv-header-id-meta":"","stick-header-meta":"","header-above-stick-meta":"","header-main-stick-meta":"","header-below-stick-meta":"","astra-migrate-meta-layouts":"set","ast-page-background-enabled":"default","ast-page-background-meta":{"desktop":{"background-color":"var(--ast-global-color-4)","background-image":"","background-repeat":"repeat","background-position":"center center","background-size":"auto","background-attachment":"scroll","background-type":"","background-media":"","overlay-type":"","overlay-color":"","overlay-opacity":"","overlay-gradient":""},"tablet":{"background-color":"","background-image":"","background-repeat":"repeat","background-position":"center center","background-size":"auto","background-attachment":"scroll","background-type":"","background-media":"","overlay-type":"","overlay-color":"","overlay-opacity":"","overlay-gradient":""},"mobile":{"background-color":"","background-image":"","background-repeat":"repeat","background-position":"center center","background-size":"auto","background-attachment":"scroll","background-type":"","background-media":"","overlay-type":"","overlay-color":"","overlay-opacity":"","overlay-gradient":""}},"ast-content-background-meta":{"desktop":{"background-color":"var(--ast-global-color-5)","background-image":"","background-repeat":"repeat","background-position":"center center","background-size":"auto","background-attachment":"scroll","background-type":"","background-media":"","overlay-type":"","overlay-color":"","overlay-opacity":"","overlay-gradient":""},"tablet":{"background-color":"var(--ast-global-color-5)","background-image":"","background-repeat":"repeat","background-position":"center center","background-size":"auto","background-attachment":"scroll","background-type":"","background-media":"","overlay-type":"","overlay-color":"","overlay-opacity":"","overlay-gradient":""},"mobile":{"background-color":"var(--ast-global-color-5)","background-image":"","background-repeat":"repeat","background-position":"center center","background-size":"auto","background-attachment":"scroll","background-type":"","background-media":"","overlay-type":"","overlay-color":"","overlay-opacity":"","overlay-gradient":""}}},"product_brand":[],"product_cat":[64],"product_tag":[],"class_list":{"0":"post-2980","1":"product","2":"type-product","3":"status-publish","4":"has-post-thumbnail","6":"product_cat-film-karakterek","7":"desktop-align-center","8":"tablet-align-left","9":"mobile-align-left","11":"first","12":"instock","13":"taxable","14":"shipping-taxable","15":"purchasable","16":"product-type-variable","17":"has-default-attributes","18":"add-to-wishlist-before_image","19":"wpzoom-wc-spi-has-enabled"},"_links":{"self":[{"href":"https:\/\/metalprints.hu\/en\/wp-json\/wp\/v2\/product\/2980","targetHints":{"allow":["GET"]}}],"collection":[{"href":"https:\/\/metalprints.hu\/en\/wp-json\/wp\/v2\/product"}],"about":[{"href":"https:\/\/metalprints.hu\/en\/wp-json\/wp\/v2\/types\/product"}],"replies":[{"embeddable":true,"href":"https:\/\/metalprints.hu\/en\/wp-json\/wp\/v2\/comments?post=2980"}],"version-history":[{"count":0,"href":"https:\/\/metalprints.hu\/en\/wp-json\/wp\/v2\/product\/2980\/revisions"}],"wp:featuredmedia":[{"embeddable":true,"href":"https:\/\/metalprints.hu\/en\/wp-json\/wp\/v2\/media\/2989"}],"wp:attachment":[{"href":"https:\/\/metalprints.hu\/en\/wp-json\/wp\/v2\/media?parent=2980"}],"wp:term":[{"taxonomy":"product_brand","embeddable":true,"href":"https:\/\/metalprints.hu\/en\/wp-json\/wp\/v2\/product_brand?post=2980"},{"taxonomy":"product_cat","embeddable":true,"href":"https:\/\/metalprints.hu\/en\/wp-json\/wp\/v2\/product_cat?post=2980"},{"taxonomy":"product_tag","embeddable":true,"href":"https:\/\/metalprints.hu\/en\/wp-json\/wp\/v2\/product_tag?post=2980"}],"curies":[{"name":"wp","href":"https:\/\/api.w.org\/{rel}","templated":true}]}}