{"id":3115,"date":"2024-07-30T13:34:31","date_gmt":"2024-07-30T11:34:31","guid":{"rendered":"https:\/\/metalprints.hu\/?post_type=product&#038;p=3115"},"modified":"2024-07-30T13:37:33","modified_gmt":"2024-07-30T11:37:33","slug":"gamer-girl-aluminium-kep","status":"publish","type":"product","link":"https:\/\/metalprints.hu\/en\/art-kollekcio\/gamer-vibraciok\/gamer-girl-aluminium-kep\/","title":{"rendered":"Gamer Girl Aluminium Image"},"content":{"rendered":"<p>The \"Gamer Girl Aluminum Image\" is an eye-catching, modern piece of art that perfectly expresses the passion of gamer girls. The glossy pink, blue and white neon letters on the black brick wall create a stark contrast and immediately grab attention. The neon lettering - \"Gamer Girl\" - celebrates the community of gamer girls and fits perfectly into any gamer room decor. The 30\u00d745 cm aluminium image is made from high quality material that provides a durable and modern look, making it an ideal choice for any gaming room, office or room decoration.<\/p>","protected":false},"excerpt":{"rendered":"<p>A &#8220;Gamer Girl Alum\u00ednium K\u00e9p&#8221; egy szemet gy\u00f6ny\u00f6rk\u00f6dtet\u0151, modern m\u0171alkot\u00e1s, amely t\u00f6k\u00e9letesen kifejezi a gamer l\u00e1nyok szenved\u00e9ly\u00e9t. A fekete t\u00e9glafalon f\u00e9nyl\u0151 r\u00f3zsasz\u00edn, k\u00e9k \u00e9s feh\u00e9r neon bet\u0171k er\u0151teljes kontrasztot alkotnak, \u00e9s azonnal magukra vonzz\u00e1k a figyelmet. A neon felirat \u2013 &#8220;Gamer Girl&#8221; \u2013 a j\u00e1t\u00e9kos l\u00e1nyok k\u00f6z\u00f6ss\u00e9g\u00e9t \u00fcnnepli, \u00e9s t\u00f6k\u00e9letesen illeszkedik b\u00e1rmely gamer szoba dekor\u00e1ci\u00f3j\u00e1hoz. [&hellip;]<\/p>\n","protected":false},"featured_media":3118,"comment_status":"open","ping_status":"closed","template":"","meta":{"site-sidebar-layout":"default","site-content-layout":"","ast-site-content-layout":"default","site-content-style":"default","site-sidebar-style":"default","ast-global-header-display":"","ast-banner-title-visibility":"","ast-main-header-display":"","ast-hfb-above-header-display":"","ast-hfb-below-header-display":"","ast-hfb-mobile-header-display":"","site-post-title":"","ast-breadcrumbs-content":"","ast-featured-img":"","footer-sml-layout":"","ast-disable-related-posts":"","theme-transparent-header-meta":"default","adv-header-id-meta":"","stick-header-meta":"","header-above-stick-meta":"","header-main-stick-meta":"","header-below-stick-meta":"","astra-migrate-meta-layouts":"set","ast-page-background-enabled":"default","ast-page-background-meta":{"desktop":{"background-color":"var(--ast-global-color-4)","background-image":"","background-repeat":"repeat","background-position":"center center","background-size":"auto","background-attachment":"scroll","background-type":"","background-media":"","overlay-type":"","overlay-color":"","overlay-opacity":"","overlay-gradient":""},"tablet":{"background-color":"","background-image":"","background-repeat":"repeat","background-position":"center center","background-size":"auto","background-attachment":"scroll","background-type":"","background-media":"","overlay-type":"","overlay-color":"","overlay-opacity":"","overlay-gradient":""},"mobile":{"background-color":"","background-image":"","background-repeat":"repeat","background-position":"center center","background-size":"auto","background-attachment":"scroll","background-type":"","background-media":"","overlay-type":"","overlay-color":"","overlay-opacity":"","overlay-gradient":""}},"ast-content-background-meta":{"desktop":{"background-color":"var(--ast-global-color-5)","background-image":"","background-repeat":"repeat","background-position":"center center","background-size":"auto","background-attachment":"scroll","background-type":"","background-media":"","overlay-type":"","overlay-color":"","overlay-opacity":"","overlay-gradient":""},"tablet":{"background-color":"var(--ast-global-color-5)","background-image":"","background-repeat":"repeat","background-position":"center center","background-size":"auto","background-attachment":"scroll","background-type":"","background-media":"","overlay-type":"","overlay-color":"","overlay-opacity":"","overlay-gradient":""},"mobile":{"background-color":"var(--ast-global-color-5)","background-image":"","background-repeat":"repeat","background-position":"center center","background-size":"auto","background-attachment":"scroll","background-type":"","background-media":"","overlay-type":"","overlay-color":"","overlay-opacity":"","overlay-gradient":""}}},"product_brand":[],"product_cat":[63],"product_tag":[],"class_list":{"0":"post-3115","1":"product","2":"type-product","3":"status-publish","4":"has-post-thumbnail","6":"product_cat-gamer-vibraciok","7":"desktop-align-center","8":"tablet-align-left","9":"mobile-align-left","11":"first","12":"instock","13":"taxable","14":"shipping-taxable","15":"purchasable","16":"product-type-variable","17":"has-default-attributes","18":"add-to-wishlist-before_image","19":"wpzoom-wc-spi-has-enabled"},"_links":{"self":[{"href":"https:\/\/metalprints.hu\/en\/wp-json\/wp\/v2\/product\/3115","targetHints":{"allow":["GET"]}}],"collection":[{"href":"https:\/\/metalprints.hu\/en\/wp-json\/wp\/v2\/product"}],"about":[{"href":"https:\/\/metalprints.hu\/en\/wp-json\/wp\/v2\/types\/product"}],"replies":[{"embeddable":true,"href":"https:\/\/metalprints.hu\/en\/wp-json\/wp\/v2\/comments?post=3115"}],"version-history":[{"count":0,"href":"https:\/\/metalprints.hu\/en\/wp-json\/wp\/v2\/product\/3115\/revisions"}],"wp:featuredmedia":[{"embeddable":true,"href":"https:\/\/metalprints.hu\/en\/wp-json\/wp\/v2\/media\/3118"}],"wp:attachment":[{"href":"https:\/\/metalprints.hu\/en\/wp-json\/wp\/v2\/media?parent=3115"}],"wp:term":[{"taxonomy":"product_brand","embeddable":true,"href":"https:\/\/metalprints.hu\/en\/wp-json\/wp\/v2\/product_brand?post=3115"},{"taxonomy":"product_cat","embeddable":true,"href":"https:\/\/metalprints.hu\/en\/wp-json\/wp\/v2\/product_cat?post=3115"},{"taxonomy":"product_tag","embeddable":true,"href":"https:\/\/metalprints.hu\/en\/wp-json\/wp\/v2\/product_tag?post=3115"}],"curies":[{"name":"wp","href":"https:\/\/api.w.org\/{rel}","templated":true}]}}