{"id":3224,"date":"2024-07-30T14:16:25","date_gmt":"2024-07-30T12:16:25","guid":{"rendered":"https:\/\/metalprints.hu\/?post_type=product&#038;p=3224"},"modified":"2024-07-30T14:19:58","modified_gmt":"2024-07-30T12:19:58","slug":"galaktikus-alomutazas-aluminium-kep","status":"publish","type":"product","link":"https:\/\/metalprints.hu\/en\/art-kollekcio\/kepzeletbeli-utazasok\/galaktikus-alomutazas-aluminium-kep\/","title":{"rendered":"Galactic Dream Voyage Aluminium Image"},"content":{"rendered":"<p>The \"Galactic Dream Voyage Aluminum Image\" is a stunning work of art that transports you to the wonderful world of fantasy and space. It depicts a woman looking out of a kitchen window at the stunning sight of stars and galaxies. The richly detailed graphics and vibrant colours create a special atmosphere and can be a decorative feature in any room. The 30\u00d745 cm picture is made from high quality aluminium for durability and a modern look. An ideal choice for anyone who loves unique and inspiring artwork.<\/p>","protected":false},"excerpt":{"rendered":"<p>A &#8220;Galaktikus \u00c1lomutaz\u00e1s Alum\u00ednium K\u00e9p&#8221; egy leny\u0171g\u00f6z\u0151 m\u0171v\u00e9szeti alkot\u00e1s, amely a fant\u00e1zia \u00e9s az \u0171r csod\u00e1latos vil\u00e1g\u00e1ba rep\u00edt. Ez a k\u00e9p egy n\u0151t \u00e1br\u00e1zol, aki egy konyhai ablakon kereszt\u00fcl a csillagok \u00e9s galaxisok leny\u0171g\u00f6z\u0151 l\u00e1tv\u00e1ny\u00e1ban gy\u00f6ny\u00f6rk\u00f6dik. A r\u00e9szletgazdag grafika \u00e9s a vibr\u00e1l\u00f3 sz\u00ednek k\u00fcl\u00f6nleges atmoszf\u00e9r\u00e1t teremtenek, \u00e9s b\u00e1rmely helyis\u00e9g d\u00edsz\u00e9v\u00e9 v\u00e1lhatnak. A 30&#215;45 cm m\u00e9ret\u0171 [&hellip;]<\/p>\n","protected":false},"featured_media":3233,"comment_status":"open","ping_status":"closed","template":"","meta":{"site-sidebar-layout":"default","site-content-layout":"","ast-site-content-layout":"default","site-content-style":"default","site-sidebar-style":"default","ast-global-header-display":"","ast-banner-title-visibility":"","ast-main-header-display":"","ast-hfb-above-header-display":"","ast-hfb-below-header-display":"","ast-hfb-mobile-header-display":"","site-post-title":"","ast-breadcrumbs-content":"","ast-featured-img":"","footer-sml-layout":"","ast-disable-related-posts":"","theme-transparent-header-meta":"default","adv-header-id-meta":"","stick-header-meta":"","header-above-stick-meta":"","header-main-stick-meta":"","header-below-stick-meta":"","astra-migrate-meta-layouts":"set","ast-page-background-enabled":"default","ast-page-background-meta":{"desktop":{"background-color":"var(--ast-global-color-4)","background-image":"","background-repeat":"repeat","background-position":"center center","background-size":"auto","background-attachment":"scroll","background-type":"","background-media":"","overlay-type":"","overlay-color":"","overlay-opacity":"","overlay-gradient":""},"tablet":{"background-color":"","background-image":"","background-repeat":"repeat","background-position":"center center","background-size":"auto","background-attachment":"scroll","background-type":"","background-media":"","overlay-type":"","overlay-color":"","overlay-opacity":"","overlay-gradient":""},"mobile":{"background-color":"","background-image":"","background-repeat":"repeat","background-position":"center center","background-size":"auto","background-attachment":"scroll","background-type":"","background-media":"","overlay-type":"","overlay-color":"","overlay-opacity":"","overlay-gradient":""}},"ast-content-background-meta":{"desktop":{"background-color":"var(--ast-global-color-5)","background-image":"","background-repeat":"repeat","background-position":"center center","background-size":"auto","background-attachment":"scroll","background-type":"","background-media":"","overlay-type":"","overlay-color":"","overlay-opacity":"","overlay-gradient":""},"tablet":{"background-color":"var(--ast-global-color-5)","background-image":"","background-repeat":"repeat","background-position":"center center","background-size":"auto","background-attachment":"scroll","background-type":"","background-media":"","overlay-type":"","overlay-color":"","overlay-opacity":"","overlay-gradient":""},"mobile":{"background-color":"var(--ast-global-color-5)","background-image":"","background-repeat":"repeat","background-position":"center center","background-size":"auto","background-attachment":"scroll","background-type":"","background-media":"","overlay-type":"","overlay-color":"","overlay-opacity":"","overlay-gradient":""}}},"product_brand":[],"product_cat":[60],"product_tag":[],"class_list":{"0":"post-3224","1":"product","2":"type-product","3":"status-publish","4":"has-post-thumbnail","6":"product_cat-kepzeletbeli-utazasok","7":"desktop-align-center","8":"tablet-align-left","9":"mobile-align-left","11":"first","12":"instock","13":"taxable","14":"shipping-taxable","15":"purchasable","16":"product-type-variable","17":"has-default-attributes","18":"add-to-wishlist-before_image","19":"wpzoom-wc-spi-has-enabled"},"_links":{"self":[{"href":"https:\/\/metalprints.hu\/en\/wp-json\/wp\/v2\/product\/3224","targetHints":{"allow":["GET"]}}],"collection":[{"href":"https:\/\/metalprints.hu\/en\/wp-json\/wp\/v2\/product"}],"about":[{"href":"https:\/\/metalprints.hu\/en\/wp-json\/wp\/v2\/types\/product"}],"replies":[{"embeddable":true,"href":"https:\/\/metalprints.hu\/en\/wp-json\/wp\/v2\/comments?post=3224"}],"version-history":[{"count":0,"href":"https:\/\/metalprints.hu\/en\/wp-json\/wp\/v2\/product\/3224\/revisions"}],"wp:featuredmedia":[{"embeddable":true,"href":"https:\/\/metalprints.hu\/en\/wp-json\/wp\/v2\/media\/3233"}],"wp:attachment":[{"href":"https:\/\/metalprints.hu\/en\/wp-json\/wp\/v2\/media?parent=3224"}],"wp:term":[{"taxonomy":"product_brand","embeddable":true,"href":"https:\/\/metalprints.hu\/en\/wp-json\/wp\/v2\/product_brand?post=3224"},{"taxonomy":"product_cat","embeddable":true,"href":"https:\/\/metalprints.hu\/en\/wp-json\/wp\/v2\/product_cat?post=3224"},{"taxonomy":"product_tag","embeddable":true,"href":"https:\/\/metalprints.hu\/en\/wp-json\/wp\/v2\/product_tag?post=3224"}],"curies":[{"name":"wp","href":"https:\/\/api.w.org\/{rel}","templated":true}]}}