{"id":3316,"date":"2024-07-30T14:43:15","date_gmt":"2024-07-30T12:43:15","guid":{"rendered":"https:\/\/metalprints.hu\/?post_type=product&#038;p=3316"},"modified":"2024-07-30T14:45:14","modified_gmt":"2024-07-30T12:45:14","slug":"galaktikus-fantazia-aluminium-kep","status":"publish","type":"product","link":"https:\/\/metalprints.hu\/en\/art-kollekcio\/kepzeletbeli-utazasok\/galaktikus-fantazia-aluminium-kep\/","title":{"rendered":"Galactic Fantasy Aluminium Picture"},"content":{"rendered":"<p>The \"Galactic Fantasy Aluminium Image\" is a stunning and surreal creation that invites the viewer on a cosmic journey. The image depicts a modern, futuristic woman standing in front of a colourful background full of planets, wearing a crown with a rocket on her head, glasses and headphones. This artistic creation is the perfect choice to brighten up the mood of any room and is ideal for those who love creative, imaginative decorations. The picture measures 30\u00d745 cm and is made from high quality aluminium, giving it a durable and stylish look.<\/p>","protected":false},"excerpt":{"rendered":"<p>A &#8220;Galaktikus Fant\u00e1zia Alum\u00ednium K\u00e9p&#8221; egy leny\u0171g\u00f6z\u0151 \u00e9s sz\u00fcrre\u00e1lis alkot\u00e1s, amely egy kozmikus utaz\u00e1sra h\u00edvja a n\u00e9z\u0151t. A k\u00e9p egy modern, futurisztikus n\u0151t \u00e1br\u00e1zol, aki egy sz\u00ednes, bolyg\u00f3kkal teli h\u00e1tt\u00e9r el\u0151tt \u00e1ll, fej\u00e9n egy rak\u00e9t\u00e1val d\u00edsz\u00edtett koron\u00e1val, szem\u00fcvegben \u00e9s fejhallgat\u00f3ban. Ez a m\u0171v\u00e9szi alkot\u00e1s t\u00f6k\u00e9letes v\u00e1laszt\u00e1s b\u00e1rmilyen helyis\u00e9g hangulat\u00e1nak feldob\u00e1s\u00e1ra, \u00e9s ide\u00e1lis azok sz\u00e1m\u00e1ra, akik [&hellip;]<\/p>\n","protected":false},"featured_media":3306,"comment_status":"open","ping_status":"closed","template":"","meta":{"site-sidebar-layout":"default","site-content-layout":"","ast-site-content-layout":"default","site-content-style":"default","site-sidebar-style":"default","ast-global-header-display":"","ast-banner-title-visibility":"","ast-main-header-display":"","ast-hfb-above-header-display":"","ast-hfb-below-header-display":"","ast-hfb-mobile-header-display":"","site-post-title":"","ast-breadcrumbs-content":"","ast-featured-img":"","footer-sml-layout":"","ast-disable-related-posts":"","theme-transparent-header-meta":"default","adv-header-id-meta":"","stick-header-meta":"","header-above-stick-meta":"","header-main-stick-meta":"","header-below-stick-meta":"","astra-migrate-meta-layouts":"set","ast-page-background-enabled":"default","ast-page-background-meta":{"desktop":{"background-color":"var(--ast-global-color-4)","background-image":"","background-repeat":"repeat","background-position":"center center","background-size":"auto","background-attachment":"scroll","background-type":"","background-media":"","overlay-type":"","overlay-color":"","overlay-opacity":"","overlay-gradient":""},"tablet":{"background-color":"","background-image":"","background-repeat":"repeat","background-position":"center center","background-size":"auto","background-attachment":"scroll","background-type":"","background-media":"","overlay-type":"","overlay-color":"","overlay-opacity":"","overlay-gradient":""},"mobile":{"background-color":"","background-image":"","background-repeat":"repeat","background-position":"center center","background-size":"auto","background-attachment":"scroll","background-type":"","background-media":"","overlay-type":"","overlay-color":"","overlay-opacity":"","overlay-gradient":""}},"ast-content-background-meta":{"desktop":{"background-color":"var(--ast-global-color-5)","background-image":"","background-repeat":"repeat","background-position":"center center","background-size":"auto","background-attachment":"scroll","background-type":"","background-media":"","overlay-type":"","overlay-color":"","overlay-opacity":"","overlay-gradient":""},"tablet":{"background-color":"var(--ast-global-color-5)","background-image":"","background-repeat":"repeat","background-position":"center center","background-size":"auto","background-attachment":"scroll","background-type":"","background-media":"","overlay-type":"","overlay-color":"","overlay-opacity":"","overlay-gradient":""},"mobile":{"background-color":"var(--ast-global-color-5)","background-image":"","background-repeat":"repeat","background-position":"center center","background-size":"auto","background-attachment":"scroll","background-type":"","background-media":"","overlay-type":"","overlay-color":"","overlay-opacity":"","overlay-gradient":""}}},"product_brand":[],"product_cat":[60],"product_tag":[],"class_list":{"0":"post-3316","1":"product","2":"type-product","3":"status-publish","4":"has-post-thumbnail","6":"product_cat-kepzeletbeli-utazasok","7":"desktop-align-center","8":"tablet-align-left","9":"mobile-align-left","11":"first","12":"instock","13":"taxable","14":"shipping-taxable","15":"purchasable","16":"product-type-variable","17":"has-default-attributes","18":"add-to-wishlist-before_image","19":"wpzoom-wc-spi-has-enabled"},"_links":{"self":[{"href":"https:\/\/metalprints.hu\/en\/wp-json\/wp\/v2\/product\/3316","targetHints":{"allow":["GET"]}}],"collection":[{"href":"https:\/\/metalprints.hu\/en\/wp-json\/wp\/v2\/product"}],"about":[{"href":"https:\/\/metalprints.hu\/en\/wp-json\/wp\/v2\/types\/product"}],"replies":[{"embeddable":true,"href":"https:\/\/metalprints.hu\/en\/wp-json\/wp\/v2\/comments?post=3316"}],"version-history":[{"count":0,"href":"https:\/\/metalprints.hu\/en\/wp-json\/wp\/v2\/product\/3316\/revisions"}],"wp:featuredmedia":[{"embeddable":true,"href":"https:\/\/metalprints.hu\/en\/wp-json\/wp\/v2\/media\/3306"}],"wp:attachment":[{"href":"https:\/\/metalprints.hu\/en\/wp-json\/wp\/v2\/media?parent=3316"}],"wp:term":[{"taxonomy":"product_brand","embeddable":true,"href":"https:\/\/metalprints.hu\/en\/wp-json\/wp\/v2\/product_brand?post=3316"},{"taxonomy":"product_cat","embeddable":true,"href":"https:\/\/metalprints.hu\/en\/wp-json\/wp\/v2\/product_cat?post=3316"},{"taxonomy":"product_tag","embeddable":true,"href":"https:\/\/metalprints.hu\/en\/wp-json\/wp\/v2\/product_tag?post=3316"}],"curies":[{"name":"wp","href":"https:\/\/api.w.org\/{rel}","templated":true}]}}