{"id":3395,"date":"2024-07-30T15:09:12","date_gmt":"2024-07-30T13:09:12","guid":{"rendered":"https:\/\/metalprints.hu\/?post_type=product&#038;p=3395"},"modified":"2024-07-30T15:11:05","modified_gmt":"2024-07-30T13:11:05","slug":"kozmikus-rejtelyek-aluminium-kep","status":"publish","type":"product","link":"https:\/\/metalprints.hu\/en\/art-kollekcio\/kepzeletbeli-utazasok\/kozmikus-rejtelyek-aluminium-kep\/","title":{"rendered":"Cosmic Mysteries Aluminium Image"},"content":{"rendered":"<p>The \"Cosmic Mysteries Aluminium Image\" is a fascinating and imaginative work of art depicting the skeleton of a dinosaur on a distant alien planet. The image is set against a backdrop of starry skies and mysterious mountains, giving the artwork a unique and mystical feel. This surreal composition perfectly combines science fiction and archaeology to create a visual experience in any space. Measuring 30\u00d745 cm, it is made of high quality aluminium for long-lasting durability and elegance.<\/p>","protected":false},"excerpt":{"rendered":"<p>A &#8220;Kozmikus Rejt\u00e9lyek Alum\u00ednium K\u00e9p&#8221; egy leny\u0171g\u00f6z\u0151 \u00e9s fant\u00e1ziad\u00fas m\u0171alkot\u00e1s, amely egy dinoszaurusz csontv\u00e1z\u00e1t \u00e1br\u00e1zolja egy t\u00e1voli, idegen bolyg\u00f3n. A k\u00e9p h\u00e1tt\u00e9r\u00e9ben csillagos \u00e9gbolt \u00e9s titokzatos hegyek l\u00e1that\u00f3ak, amelyek egyedi \u00e9s misztikus hangulatot k\u00f6lcs\u00f6n\u00f6znek az alkot\u00e1snak. Ez a sz\u00fcrre\u00e1lis kompoz\u00edci\u00f3 t\u00f6k\u00e9letesen \u00f6tv\u00f6zi a tudom\u00e1nyos fantasztikumot \u00e9s a r\u00e9g\u00e9szetet, vizu\u00e1lis \u00e9lm\u00e9nyt ny\u00fajtva b\u00e1rmely t\u00e9rben. A 30&#215;45 [&hellip;]<\/p>\n","protected":false},"featured_media":3382,"comment_status":"open","ping_status":"closed","template":"","meta":{"site-sidebar-layout":"default","site-content-layout":"","ast-site-content-layout":"default","site-content-style":"default","site-sidebar-style":"default","ast-global-header-display":"","ast-banner-title-visibility":"","ast-main-header-display":"","ast-hfb-above-header-display":"","ast-hfb-below-header-display":"","ast-hfb-mobile-header-display":"","site-post-title":"","ast-breadcrumbs-content":"","ast-featured-img":"","footer-sml-layout":"","ast-disable-related-posts":"","theme-transparent-header-meta":"default","adv-header-id-meta":"","stick-header-meta":"","header-above-stick-meta":"","header-main-stick-meta":"","header-below-stick-meta":"","astra-migrate-meta-layouts":"set","ast-page-background-enabled":"default","ast-page-background-meta":{"desktop":{"background-color":"var(--ast-global-color-4)","background-image":"","background-repeat":"repeat","background-position":"center center","background-size":"auto","background-attachment":"scroll","background-type":"","background-media":"","overlay-type":"","overlay-color":"","overlay-opacity":"","overlay-gradient":""},"tablet":{"background-color":"","background-image":"","background-repeat":"repeat","background-position":"center center","background-size":"auto","background-attachment":"scroll","background-type":"","background-media":"","overlay-type":"","overlay-color":"","overlay-opacity":"","overlay-gradient":""},"mobile":{"background-color":"","background-image":"","background-repeat":"repeat","background-position":"center center","background-size":"auto","background-attachment":"scroll","background-type":"","background-media":"","overlay-type":"","overlay-color":"","overlay-opacity":"","overlay-gradient":""}},"ast-content-background-meta":{"desktop":{"background-color":"var(--ast-global-color-5)","background-image":"","background-repeat":"repeat","background-position":"center center","background-size":"auto","background-attachment":"scroll","background-type":"","background-media":"","overlay-type":"","overlay-color":"","overlay-opacity":"","overlay-gradient":""},"tablet":{"background-color":"var(--ast-global-color-5)","background-image":"","background-repeat":"repeat","background-position":"center center","background-size":"auto","background-attachment":"scroll","background-type":"","background-media":"","overlay-type":"","overlay-color":"","overlay-opacity":"","overlay-gradient":""},"mobile":{"background-color":"var(--ast-global-color-5)","background-image":"","background-repeat":"repeat","background-position":"center center","background-size":"auto","background-attachment":"scroll","background-type":"","background-media":"","overlay-type":"","overlay-color":"","overlay-opacity":"","overlay-gradient":""}}},"product_brand":[],"product_cat":[60],"product_tag":[],"class_list":{"0":"post-3395","1":"product","2":"type-product","3":"status-publish","4":"has-post-thumbnail","6":"product_cat-kepzeletbeli-utazasok","7":"desktop-align-center","8":"tablet-align-left","9":"mobile-align-left","11":"first","12":"instock","13":"taxable","14":"shipping-taxable","15":"purchasable","16":"product-type-variable","17":"has-default-attributes","18":"add-to-wishlist-before_image","19":"wpzoom-wc-spi-has-enabled"},"_links":{"self":[{"href":"https:\/\/metalprints.hu\/en\/wp-json\/wp\/v2\/product\/3395","targetHints":{"allow":["GET"]}}],"collection":[{"href":"https:\/\/metalprints.hu\/en\/wp-json\/wp\/v2\/product"}],"about":[{"href":"https:\/\/metalprints.hu\/en\/wp-json\/wp\/v2\/types\/product"}],"replies":[{"embeddable":true,"href":"https:\/\/metalprints.hu\/en\/wp-json\/wp\/v2\/comments?post=3395"}],"version-history":[{"count":0,"href":"https:\/\/metalprints.hu\/en\/wp-json\/wp\/v2\/product\/3395\/revisions"}],"wp:featuredmedia":[{"embeddable":true,"href":"https:\/\/metalprints.hu\/en\/wp-json\/wp\/v2\/media\/3382"}],"wp:attachment":[{"href":"https:\/\/metalprints.hu\/en\/wp-json\/wp\/v2\/media?parent=3395"}],"wp:term":[{"taxonomy":"product_brand","embeddable":true,"href":"https:\/\/metalprints.hu\/en\/wp-json\/wp\/v2\/product_brand?post=3395"},{"taxonomy":"product_cat","embeddable":true,"href":"https:\/\/metalprints.hu\/en\/wp-json\/wp\/v2\/product_cat?post=3395"},{"taxonomy":"product_tag","embeddable":true,"href":"https:\/\/metalprints.hu\/en\/wp-json\/wp\/v2\/product_tag?post=3395"}],"curies":[{"name":"wp","href":"https:\/\/api.w.org\/{rel}","templated":true}]}}