{"id":3399,"date":"2024-07-30T15:11:31","date_gmt":"2024-07-30T13:11:31","guid":{"rendered":"https:\/\/metalprints.hu\/?post_type=product&#038;p=3399"},"modified":"2024-07-30T15:13:28","modified_gmt":"2024-07-30T13:13:28","slug":"csillagkozi-utazas-aluminium-kep","status":"publish","type":"product","link":"https:\/\/metalprints.hu\/en\/art-kollekcio\/kepzeletbeli-utazasok\/csillagkozi-utazas-aluminium-kep\/","title":{"rendered":"Interstellar Travel Aluminium Image"},"content":{"rendered":"<p>The \"Interstellar Journey Aluminum Image\" is a breathtaking work of art depicting a train passing through a stunning alien landscape. In the background are monumental rock formations and a star-filled sky, with celestial bodies and meteor showers adding to the magic of the composition. This image perfectly combines a retro-futuristic train with sci-fi elements, creating a unique and special scene. The 30\u00d745 cm picture is made of high quality aluminium for long lasting durability and elegance.<\/p>","protected":false},"excerpt":{"rendered":"<p>A &#8220;Csillagk\u00f6zi Utaz\u00e1s Alum\u00ednium K\u00e9p&#8221; egy l\u00e9legzetel\u00e1ll\u00edt\u00f3 m\u0171alkot\u00e1s, amely egy vonatot \u00e1br\u00e1zol, amint egy leny\u0171g\u00f6z\u0151, idegen t\u00e1jon halad \u00e1t. A h\u00e1tt\u00e9rben monument\u00e1lis sziklak\u00e9pz\u0151dm\u00e9nyek \u00e9s egy csillagokkal teli \u00e9gbolt l\u00e1that\u00f3, ahol \u00e9gitestek \u00e9s meteorz\u00e1porok teszik var\u00e1zslatoss\u00e1 a kompoz\u00edci\u00f3t. Ez a k\u00e9p t\u00f6k\u00e9letesen \u00f6tv\u00f6zi a retro-futurisztikus vonatot a sci-fi elemekkel, k\u00fcl\u00f6nleges \u00e9s egyedi l\u00e1tv\u00e1nyt ny\u00fajtva. A 30&#215;45 [&hellip;]<\/p>\n","protected":false},"featured_media":3389,"comment_status":"open","ping_status":"closed","template":"","meta":{"site-sidebar-layout":"default","site-content-layout":"","ast-site-content-layout":"default","site-content-style":"default","site-sidebar-style":"default","ast-global-header-display":"","ast-banner-title-visibility":"","ast-main-header-display":"","ast-hfb-above-header-display":"","ast-hfb-below-header-display":"","ast-hfb-mobile-header-display":"","site-post-title":"","ast-breadcrumbs-content":"","ast-featured-img":"","footer-sml-layout":"","ast-disable-related-posts":"","theme-transparent-header-meta":"default","adv-header-id-meta":"","stick-header-meta":"","header-above-stick-meta":"","header-main-stick-meta":"","header-below-stick-meta":"","astra-migrate-meta-layouts":"set","ast-page-background-enabled":"default","ast-page-background-meta":{"desktop":{"background-color":"var(--ast-global-color-4)","background-image":"","background-repeat":"repeat","background-position":"center center","background-size":"auto","background-attachment":"scroll","background-type":"","background-media":"","overlay-type":"","overlay-color":"","overlay-opacity":"","overlay-gradient":""},"tablet":{"background-color":"","background-image":"","background-repeat":"repeat","background-position":"center center","background-size":"auto","background-attachment":"scroll","background-type":"","background-media":"","overlay-type":"","overlay-color":"","overlay-opacity":"","overlay-gradient":""},"mobile":{"background-color":"","background-image":"","background-repeat":"repeat","background-position":"center center","background-size":"auto","background-attachment":"scroll","background-type":"","background-media":"","overlay-type":"","overlay-color":"","overlay-opacity":"","overlay-gradient":""}},"ast-content-background-meta":{"desktop":{"background-color":"var(--ast-global-color-5)","background-image":"","background-repeat":"repeat","background-position":"center center","background-size":"auto","background-attachment":"scroll","background-type":"","background-media":"","overlay-type":"","overlay-color":"","overlay-opacity":"","overlay-gradient":""},"tablet":{"background-color":"var(--ast-global-color-5)","background-image":"","background-repeat":"repeat","background-position":"center center","background-size":"auto","background-attachment":"scroll","background-type":"","background-media":"","overlay-type":"","overlay-color":"","overlay-opacity":"","overlay-gradient":""},"mobile":{"background-color":"var(--ast-global-color-5)","background-image":"","background-repeat":"repeat","background-position":"center center","background-size":"auto","background-attachment":"scroll","background-type":"","background-media":"","overlay-type":"","overlay-color":"","overlay-opacity":"","overlay-gradient":""}}},"product_brand":[],"product_cat":[60],"product_tag":[],"class_list":{"0":"post-3399","1":"product","2":"type-product","3":"status-publish","4":"has-post-thumbnail","6":"product_cat-kepzeletbeli-utazasok","7":"desktop-align-center","8":"tablet-align-left","9":"mobile-align-left","11":"first","12":"instock","13":"taxable","14":"shipping-taxable","15":"purchasable","16":"product-type-variable","17":"has-default-attributes","18":"add-to-wishlist-before_image","19":"wpzoom-wc-spi-has-enabled"},"_links":{"self":[{"href":"https:\/\/metalprints.hu\/en\/wp-json\/wp\/v2\/product\/3399","targetHints":{"allow":["GET"]}}],"collection":[{"href":"https:\/\/metalprints.hu\/en\/wp-json\/wp\/v2\/product"}],"about":[{"href":"https:\/\/metalprints.hu\/en\/wp-json\/wp\/v2\/types\/product"}],"replies":[{"embeddable":true,"href":"https:\/\/metalprints.hu\/en\/wp-json\/wp\/v2\/comments?post=3399"}],"version-history":[{"count":0,"href":"https:\/\/metalprints.hu\/en\/wp-json\/wp\/v2\/product\/3399\/revisions"}],"wp:featuredmedia":[{"embeddable":true,"href":"https:\/\/metalprints.hu\/en\/wp-json\/wp\/v2\/media\/3389"}],"wp:attachment":[{"href":"https:\/\/metalprints.hu\/en\/wp-json\/wp\/v2\/media?parent=3399"}],"wp:term":[{"taxonomy":"product_brand","embeddable":true,"href":"https:\/\/metalprints.hu\/en\/wp-json\/wp\/v2\/product_brand?post=3399"},{"taxonomy":"product_cat","embeddable":true,"href":"https:\/\/metalprints.hu\/en\/wp-json\/wp\/v2\/product_cat?post=3399"},{"taxonomy":"product_tag","embeddable":true,"href":"https:\/\/metalprints.hu\/en\/wp-json\/wp\/v2\/product_tag?post=3399"}],"curies":[{"name":"wp","href":"https:\/\/api.w.org\/{rel}","templated":true}]}}