{"id":3403,"date":"2024-07-30T15:49:54","date_gmt":"2024-07-30T13:49:54","guid":{"rendered":"https:\/\/metalprints.hu\/?post_type=product&#038;p=3403"},"modified":"2024-07-30T15:54:15","modified_gmt":"2024-07-30T13:54:15","slug":"galaktikus-urlakos-aluminium-kep","status":"publish","type":"product","link":"https:\/\/metalprints.hu\/en\/art-kollekcio\/galaktikus-muveszet\/galaktikus-urlakos-aluminium-kep\/","title":{"rendered":"Galactic Spaceman Aluminium Picture"},"content":{"rendered":"<p>The \"Galactic Spaceman Aluminum Image\" is a stunning work of art depicting a mysterious space alien deep in the heart of the galaxy. The bluish-green colours reflected in the space alien's face and the stars of the night sky make for a magical sight. The spaceman's big black eyes hold secrets and stories that lead to the depths of the universe. This artistic creation perfectly combines sci-fi elements with artistic expression, creating a special and unique look for your home. Measuring 30\u00d745 cm, it is made of high quality aluminium, guaranteeing long-lasting durability and elegance.<\/p>","protected":false},"excerpt":{"rendered":"<p>A &#8220;Galaktikus \u0170rlakos Alum\u00ednium K\u00e9p&#8221; egy leny\u0171g\u00f6z\u0151 m\u0171alkot\u00e1s, amely egy misztikus \u0171rlak\u00f3t \u00e1br\u00e1zol, m\u00e9lyen a galaxis sz\u00edv\u00e9ben. Az \u0171rlakos arc\u00e1n t\u00fckr\u00f6z\u0151d\u0151, k\u00e9kes-z\u00f6ld sz\u00ednek \u00e9s az \u00e9jszakai \u00e9gbolt csillagai var\u00e1zslatos l\u00e1tv\u00e1nyt ny\u00fajtanak. Az \u0171rlakos nagy, fekete szemei titkokat \u00e9s t\u00f6rt\u00e9neteket rejtenek, amelyek az univerzum m\u00e9lys\u00e9geibe vezetnek. Ez a m\u0171v\u00e9szi alkot\u00e1s t\u00f6k\u00e9letesen \u00f6tv\u00f6zi a sci-fi elemeket a [&hellip;]<\/p>\n","protected":false},"featured_media":3411,"comment_status":"open","ping_status":"closed","template":"","meta":{"site-sidebar-layout":"default","site-content-layout":"","ast-site-content-layout":"default","site-content-style":"default","site-sidebar-style":"default","ast-global-header-display":"","ast-banner-title-visibility":"","ast-main-header-display":"","ast-hfb-above-header-display":"","ast-hfb-below-header-display":"","ast-hfb-mobile-header-display":"","site-post-title":"","ast-breadcrumbs-content":"","ast-featured-img":"","footer-sml-layout":"","ast-disable-related-posts":"","theme-transparent-header-meta":"default","adv-header-id-meta":"","stick-header-meta":"","header-above-stick-meta":"","header-main-stick-meta":"","header-below-stick-meta":"","astra-migrate-meta-layouts":"set","ast-page-background-enabled":"default","ast-page-background-meta":{"desktop":{"background-color":"var(--ast-global-color-4)","background-image":"","background-repeat":"repeat","background-position":"center center","background-size":"auto","background-attachment":"scroll","background-type":"","background-media":"","overlay-type":"","overlay-color":"","overlay-opacity":"","overlay-gradient":""},"tablet":{"background-color":"","background-image":"","background-repeat":"repeat","background-position":"center center","background-size":"auto","background-attachment":"scroll","background-type":"","background-media":"","overlay-type":"","overlay-color":"","overlay-opacity":"","overlay-gradient":""},"mobile":{"background-color":"","background-image":"","background-repeat":"repeat","background-position":"center center","background-size":"auto","background-attachment":"scroll","background-type":"","background-media":"","overlay-type":"","overlay-color":"","overlay-opacity":"","overlay-gradient":""}},"ast-content-background-meta":{"desktop":{"background-color":"var(--ast-global-color-5)","background-image":"","background-repeat":"repeat","background-position":"center center","background-size":"auto","background-attachment":"scroll","background-type":"","background-media":"","overlay-type":"","overlay-color":"","overlay-opacity":"","overlay-gradient":""},"tablet":{"background-color":"var(--ast-global-color-5)","background-image":"","background-repeat":"repeat","background-position":"center center","background-size":"auto","background-attachment":"scroll","background-type":"","background-media":"","overlay-type":"","overlay-color":"","overlay-opacity":"","overlay-gradient":""},"mobile":{"background-color":"var(--ast-global-color-5)","background-image":"","background-repeat":"repeat","background-position":"center center","background-size":"auto","background-attachment":"scroll","background-type":"","background-media":"","overlay-type":"","overlay-color":"","overlay-opacity":"","overlay-gradient":""}}},"product_brand":[],"product_cat":[65],"product_tag":[],"class_list":{"0":"post-3403","1":"product","2":"type-product","3":"status-publish","4":"has-post-thumbnail","6":"product_cat-galaktikus-muveszet","7":"desktop-align-center","8":"tablet-align-left","9":"mobile-align-left","11":"first","12":"instock","13":"taxable","14":"shipping-taxable","15":"purchasable","16":"product-type-variable","17":"has-default-attributes","18":"add-to-wishlist-before_image","19":"wpzoom-wc-spi-has-enabled"},"_links":{"self":[{"href":"https:\/\/metalprints.hu\/en\/wp-json\/wp\/v2\/product\/3403","targetHints":{"allow":["GET"]}}],"collection":[{"href":"https:\/\/metalprints.hu\/en\/wp-json\/wp\/v2\/product"}],"about":[{"href":"https:\/\/metalprints.hu\/en\/wp-json\/wp\/v2\/types\/product"}],"replies":[{"embeddable":true,"href":"https:\/\/metalprints.hu\/en\/wp-json\/wp\/v2\/comments?post=3403"}],"version-history":[{"count":0,"href":"https:\/\/metalprints.hu\/en\/wp-json\/wp\/v2\/product\/3403\/revisions"}],"wp:featuredmedia":[{"embeddable":true,"href":"https:\/\/metalprints.hu\/en\/wp-json\/wp\/v2\/media\/3411"}],"wp:attachment":[{"href":"https:\/\/metalprints.hu\/en\/wp-json\/wp\/v2\/media?parent=3403"}],"wp:term":[{"taxonomy":"product_brand","embeddable":true,"href":"https:\/\/metalprints.hu\/en\/wp-json\/wp\/v2\/product_brand?post=3403"},{"taxonomy":"product_cat","embeddable":true,"href":"https:\/\/metalprints.hu\/en\/wp-json\/wp\/v2\/product_cat?post=3403"},{"taxonomy":"product_tag","embeddable":true,"href":"https:\/\/metalprints.hu\/en\/wp-json\/wp\/v2\/product_tag?post=3403"}],"curies":[{"name":"wp","href":"https:\/\/api.w.org\/{rel}","templated":true}]}}