{"id":3428,"date":"2024-07-30T15:54:28","date_gmt":"2024-07-30T13:54:28","guid":{"rendered":"https:\/\/metalprints.hu\/?post_type=product&#038;p=3428"},"modified":"2024-07-30T15:56:45","modified_gmt":"2024-07-30T13:56:45","slug":"csillagrendszerek-tanca-aluminium-kep","status":"publish","type":"product","link":"https:\/\/metalprints.hu\/en\/art-kollekcio\/galaktikus-muveszet\/csillagrendszerek-tanca-aluminium-kep\/","title":{"rendered":"Star Systems Dance Aluminum Image"},"content":{"rendered":"<p>The \"Dance of the Star Systems Aluminium Picture\" is a magical work of art that captures the radiant beauty of the galaxies. The lights streaking across the sky and the stars shining through the clouds are a stunning sight to behold. In the centre of the image, a bright starburst unites the sky and the earth, creating the illusion of a galactic dance. This artistic creation can be the perfect addition to any home or office, creating a special atmosphere. The 30\u00d745 cm picture is made of high quality aluminium for durability and elegance.<\/p>","protected":false},"excerpt":{"rendered":"<p>A &#8220;Csillagrendszerek T\u00e1nca Alum\u00ednium K\u00e9p&#8221; egy var\u00e1zslatos m\u0171alkot\u00e1s, amely a galaxisok t\u00fcnd\u00f6kl\u0151 sz\u00e9ps\u00e9g\u00e9t \u00f6r\u00f6k\u00edti meg. Az \u00e9gbolton \u00e1tsz\u00e1guld\u00f3 f\u00e9nyek \u00e9s a felh\u0151k\u00f6n \u00e1tsz\u0171r\u0151d\u0151 csillagok f\u00e9nye leny\u0171g\u00f6z\u0151 l\u00e1tv\u00e1nyt ny\u00fajt. A k\u00e9p k\u00f6zep\u00e9n egy f\u00e9nyes csillagkit\u00f6r\u00e9s l\u00e1that\u00f3, amely egyes\u00edti az \u00e9gboltot \u00e9s a f\u00f6ldet, megteremtve a galaktikus t\u00e1nc ill\u00fazi\u00f3j\u00e1t. Ez a m\u0171v\u00e9szi alkot\u00e1s t\u00f6k\u00e9letes kieg\u00e9sz\u00edt\u0151je lehet b\u00e1rmely [&hellip;]<\/p>\n","protected":false},"featured_media":3414,"comment_status":"open","ping_status":"closed","template":"","meta":{"site-sidebar-layout":"default","site-content-layout":"","ast-site-content-layout":"default","site-content-style":"default","site-sidebar-style":"default","ast-global-header-display":"","ast-banner-title-visibility":"","ast-main-header-display":"","ast-hfb-above-header-display":"","ast-hfb-below-header-display":"","ast-hfb-mobile-header-display":"","site-post-title":"","ast-breadcrumbs-content":"","ast-featured-img":"","footer-sml-layout":"","ast-disable-related-posts":"","theme-transparent-header-meta":"default","adv-header-id-meta":"","stick-header-meta":"","header-above-stick-meta":"","header-main-stick-meta":"","header-below-stick-meta":"","astra-migrate-meta-layouts":"set","ast-page-background-enabled":"default","ast-page-background-meta":{"desktop":{"background-color":"var(--ast-global-color-4)","background-image":"","background-repeat":"repeat","background-position":"center center","background-size":"auto","background-attachment":"scroll","background-type":"","background-media":"","overlay-type":"","overlay-color":"","overlay-opacity":"","overlay-gradient":""},"tablet":{"background-color":"","background-image":"","background-repeat":"repeat","background-position":"center center","background-size":"auto","background-attachment":"scroll","background-type":"","background-media":"","overlay-type":"","overlay-color":"","overlay-opacity":"","overlay-gradient":""},"mobile":{"background-color":"","background-image":"","background-repeat":"repeat","background-position":"center center","background-size":"auto","background-attachment":"scroll","background-type":"","background-media":"","overlay-type":"","overlay-color":"","overlay-opacity":"","overlay-gradient":""}},"ast-content-background-meta":{"desktop":{"background-color":"var(--ast-global-color-5)","background-image":"","background-repeat":"repeat","background-position":"center center","background-size":"auto","background-attachment":"scroll","background-type":"","background-media":"","overlay-type":"","overlay-color":"","overlay-opacity":"","overlay-gradient":""},"tablet":{"background-color":"var(--ast-global-color-5)","background-image":"","background-repeat":"repeat","background-position":"center center","background-size":"auto","background-attachment":"scroll","background-type":"","background-media":"","overlay-type":"","overlay-color":"","overlay-opacity":"","overlay-gradient":""},"mobile":{"background-color":"var(--ast-global-color-5)","background-image":"","background-repeat":"repeat","background-position":"center center","background-size":"auto","background-attachment":"scroll","background-type":"","background-media":"","overlay-type":"","overlay-color":"","overlay-opacity":"","overlay-gradient":""}}},"product_brand":[],"product_cat":[65],"product_tag":[],"class_list":{"0":"post-3428","1":"product","2":"type-product","3":"status-publish","4":"has-post-thumbnail","6":"product_cat-galaktikus-muveszet","7":"desktop-align-center","8":"tablet-align-left","9":"mobile-align-left","11":"first","12":"instock","13":"taxable","14":"shipping-taxable","15":"purchasable","16":"product-type-variable","17":"has-default-attributes","18":"add-to-wishlist-before_image","19":"wpzoom-wc-spi-has-enabled"},"_links":{"self":[{"href":"https:\/\/metalprints.hu\/en\/wp-json\/wp\/v2\/product\/3428","targetHints":{"allow":["GET"]}}],"collection":[{"href":"https:\/\/metalprints.hu\/en\/wp-json\/wp\/v2\/product"}],"about":[{"href":"https:\/\/metalprints.hu\/en\/wp-json\/wp\/v2\/types\/product"}],"replies":[{"embeddable":true,"href":"https:\/\/metalprints.hu\/en\/wp-json\/wp\/v2\/comments?post=3428"}],"version-history":[{"count":0,"href":"https:\/\/metalprints.hu\/en\/wp-json\/wp\/v2\/product\/3428\/revisions"}],"wp:featuredmedia":[{"embeddable":true,"href":"https:\/\/metalprints.hu\/en\/wp-json\/wp\/v2\/media\/3414"}],"wp:attachment":[{"href":"https:\/\/metalprints.hu\/en\/wp-json\/wp\/v2\/media?parent=3428"}],"wp:term":[{"taxonomy":"product_brand","embeddable":true,"href":"https:\/\/metalprints.hu\/en\/wp-json\/wp\/v2\/product_brand?post=3428"},{"taxonomy":"product_cat","embeddable":true,"href":"https:\/\/metalprints.hu\/en\/wp-json\/wp\/v2\/product_cat?post=3428"},{"taxonomy":"product_tag","embeddable":true,"href":"https:\/\/metalprints.hu\/en\/wp-json\/wp\/v2\/product_tag?post=3428"}],"curies":[{"name":"wp","href":"https:\/\/api.w.org\/{rel}","templated":true}]}}