{"id":3512,"date":"2024-07-30T16:25:55","date_gmt":"2024-07-30T14:25:55","guid":{"rendered":"https:\/\/metalprints.hu\/?post_type=product&#038;p=3512"},"modified":"2024-07-30T16:27:58","modified_gmt":"2024-07-30T14:27:58","slug":"urjaro-hos-aluminium-kep","status":"publish","type":"product","link":"https:\/\/metalprints.hu\/en\/art-kollekcio\/galaktikus-muveszet\/urjaro-hos-aluminium-kep\/","title":{"rendered":"Spaceship Hero Aluminium Image"},"content":{"rendered":"<p>The \"Astronaut Hero Aluminum Image\" is a stunning work of art depicting an astronaut standing in the middle of the Martian landscape with the giant red planet in the background. This image is a symbolic representation of courage and the desire to explore, a perfect choice for any room with a taste for modern and inspiring decor. The picture measures 30\u00d745 cm and is made of high quality aluminium, giving it a durable and elegant look. This artwork can be the perfect gift for loved ones or a special piece for your home to remind you of the wonders of space and heroism every day.<\/p>","protected":false},"excerpt":{"rendered":"<p>Az &#8220;\u0170rj\u00e1r\u00f3 H\u0151s Alum\u00ednium K\u00e9p&#8221; egy leny\u0171g\u00f6z\u0151 m\u0171alkot\u00e1s, amely egy \u0171rhaj\u00f3st \u00e1br\u00e1zol, amint a marsi t\u00e1j k\u00f6zep\u00e9n \u00e1ll, h\u00e1tt\u00e9rben a hatalmas v\u00f6r\u00f6s bolyg\u00f3val. Ez a k\u00e9p a b\u00e1tors\u00e1g \u00e9s a felfedez\u00e9s ir\u00e1nti v\u00e1gy szimbolikus megjelen\u00edt\u00e9se, t\u00f6k\u00e9letes v\u00e1laszt\u00e1s minden olyan helyis\u00e9gbe, ahol a modern \u00e9s inspir\u00e1l\u00f3 dekor\u00e1ci\u00f3t kedvelik. A k\u00e9p m\u00e9rete 30&#215;45 cm, \u00e9s kiv\u00e1l\u00f3 min\u0151s\u00e9g\u0171 [&hellip;]<\/p>\n","protected":false},"featured_media":3503,"comment_status":"open","ping_status":"closed","template":"","meta":{"site-sidebar-layout":"default","site-content-layout":"","ast-site-content-layout":"default","site-content-style":"default","site-sidebar-style":"default","ast-global-header-display":"","ast-banner-title-visibility":"","ast-main-header-display":"","ast-hfb-above-header-display":"","ast-hfb-below-header-display":"","ast-hfb-mobile-header-display":"","site-post-title":"","ast-breadcrumbs-content":"","ast-featured-img":"","footer-sml-layout":"","ast-disable-related-posts":"","theme-transparent-header-meta":"default","adv-header-id-meta":"","stick-header-meta":"","header-above-stick-meta":"","header-main-stick-meta":"","header-below-stick-meta":"","astra-migrate-meta-layouts":"set","ast-page-background-enabled":"default","ast-page-background-meta":{"desktop":{"background-color":"var(--ast-global-color-4)","background-image":"","background-repeat":"repeat","background-position":"center center","background-size":"auto","background-attachment":"scroll","background-type":"","background-media":"","overlay-type":"","overlay-color":"","overlay-opacity":"","overlay-gradient":""},"tablet":{"background-color":"","background-image":"","background-repeat":"repeat","background-position":"center center","background-size":"auto","background-attachment":"scroll","background-type":"","background-media":"","overlay-type":"","overlay-color":"","overlay-opacity":"","overlay-gradient":""},"mobile":{"background-color":"","background-image":"","background-repeat":"repeat","background-position":"center center","background-size":"auto","background-attachment":"scroll","background-type":"","background-media":"","overlay-type":"","overlay-color":"","overlay-opacity":"","overlay-gradient":""}},"ast-content-background-meta":{"desktop":{"background-color":"var(--ast-global-color-5)","background-image":"","background-repeat":"repeat","background-position":"center center","background-size":"auto","background-attachment":"scroll","background-type":"","background-media":"","overlay-type":"","overlay-color":"","overlay-opacity":"","overlay-gradient":""},"tablet":{"background-color":"var(--ast-global-color-5)","background-image":"","background-repeat":"repeat","background-position":"center center","background-size":"auto","background-attachment":"scroll","background-type":"","background-media":"","overlay-type":"","overlay-color":"","overlay-opacity":"","overlay-gradient":""},"mobile":{"background-color":"var(--ast-global-color-5)","background-image":"","background-repeat":"repeat","background-position":"center center","background-size":"auto","background-attachment":"scroll","background-type":"","background-media":"","overlay-type":"","overlay-color":"","overlay-opacity":"","overlay-gradient":""}}},"product_brand":[],"product_cat":[65],"product_tag":[],"class_list":{"0":"post-3512","1":"product","2":"type-product","3":"status-publish","4":"has-post-thumbnail","6":"product_cat-galaktikus-muveszet","7":"desktop-align-center","8":"tablet-align-left","9":"mobile-align-left","11":"first","12":"instock","13":"taxable","14":"shipping-taxable","15":"purchasable","16":"product-type-variable","17":"has-default-attributes","18":"add-to-wishlist-before_image","19":"wpzoom-wc-spi-has-enabled"},"_links":{"self":[{"href":"https:\/\/metalprints.hu\/en\/wp-json\/wp\/v2\/product\/3512","targetHints":{"allow":["GET"]}}],"collection":[{"href":"https:\/\/metalprints.hu\/en\/wp-json\/wp\/v2\/product"}],"about":[{"href":"https:\/\/metalprints.hu\/en\/wp-json\/wp\/v2\/types\/product"}],"replies":[{"embeddable":true,"href":"https:\/\/metalprints.hu\/en\/wp-json\/wp\/v2\/comments?post=3512"}],"version-history":[{"count":0,"href":"https:\/\/metalprints.hu\/en\/wp-json\/wp\/v2\/product\/3512\/revisions"}],"wp:featuredmedia":[{"embeddable":true,"href":"https:\/\/metalprints.hu\/en\/wp-json\/wp\/v2\/media\/3503"}],"wp:attachment":[{"href":"https:\/\/metalprints.hu\/en\/wp-json\/wp\/v2\/media?parent=3512"}],"wp:term":[{"taxonomy":"product_brand","embeddable":true,"href":"https:\/\/metalprints.hu\/en\/wp-json\/wp\/v2\/product_brand?post=3512"},{"taxonomy":"product_cat","embeddable":true,"href":"https:\/\/metalprints.hu\/en\/wp-json\/wp\/v2\/product_cat?post=3512"},{"taxonomy":"product_tag","embeddable":true,"href":"https:\/\/metalprints.hu\/en\/wp-json\/wp\/v2\/product_tag?post=3512"}],"curies":[{"name":"wp","href":"https:\/\/api.w.org\/{rel}","templated":true}]}}