{"id":3845,"date":"2024-07-30T20:39:40","date_gmt":"2024-07-30T18:39:40","guid":{"rendered":"https:\/\/metalprints.hu\/?post_type=product&#038;p=3845"},"modified":"2024-07-30T20:41:37","modified_gmt":"2024-07-30T18:41:37","slug":"rejtelyes-uzenet-aluminium-kep","status":"publish","type":"product","link":"https:\/\/metalprints.hu\/en\/art-kollekcio\/humoros-muveszet\/rejtelyes-uzenet-aluminium-kep\/","title":{"rendered":"Mysterious Message Aluminium Image"},"content":{"rendered":"<p>Spruce up your home with a unique and humorous style with this Mysterious Message Aluminium Picture. The picture is in a classic painting style, featuring an elegant lady with modern graphic elements: pink crossed out eyes and cheerful symbols. The humorous and provocative inscriptions create a unique contrast with the traditional artistic elements, guaranteed to attract attention and put a smile on the face of every visitor. The picture measures 30\u00d745 cm and fits perfectly on the wall of any room, creating a modern and unique atmosphere. The aluminium material ensures long-term durability, preserving the vivid colours and details of the image. An ideal choice for anyone who loves humorous and creative art.<\/p>","protected":false},"excerpt":{"rendered":"<p>Dobd fel otthonod egyedi \u00e9s humoros st\u00edlussal ezzel a Rejt\u00e9lyes \u00dczenet Alum\u00ednium K\u00e9ppel. A k\u00e9p egy klasszikus festm\u00e9ny st\u00edlusban k\u00e9sz\u00fclt, amelyen egy eleg\u00e1ns h\u00f6lgy l\u00e1that\u00f3, modern grafikai elemekkel kieg\u00e9sz\u00edtve: r\u00f3zsasz\u00edn \u00e1th\u00fazott szemek \u00e9s vid\u00e1m szimb\u00f3lumok. A humoros \u00e9s provokat\u00edv feliratok k\u00fcl\u00f6nleges kontrasztot teremtenek a tradicion\u00e1lis m\u0171v\u00e9szeti elemekkel, garant\u00e1ltan figyelmet vonzva \u00e9s mosolyt csalva minden l\u00e1togat\u00f3 [&hellip;]<\/p>\n","protected":false},"featured_media":3810,"comment_status":"open","ping_status":"closed","template":"","meta":{"site-sidebar-layout":"default","site-content-layout":"","ast-site-content-layout":"default","site-content-style":"default","site-sidebar-style":"default","ast-global-header-display":"","ast-banner-title-visibility":"","ast-main-header-display":"","ast-hfb-above-header-display":"","ast-hfb-below-header-display":"","ast-hfb-mobile-header-display":"","site-post-title":"","ast-breadcrumbs-content":"","ast-featured-img":"","footer-sml-layout":"","ast-disable-related-posts":"","theme-transparent-header-meta":"default","adv-header-id-meta":"","stick-header-meta":"","header-above-stick-meta":"","header-main-stick-meta":"","header-below-stick-meta":"","astra-migrate-meta-layouts":"set","ast-page-background-enabled":"default","ast-page-background-meta":{"desktop":{"background-color":"var(--ast-global-color-4)","background-image":"","background-repeat":"repeat","background-position":"center center","background-size":"auto","background-attachment":"scroll","background-type":"","background-media":"","overlay-type":"","overlay-color":"","overlay-opacity":"","overlay-gradient":""},"tablet":{"background-color":"","background-image":"","background-repeat":"repeat","background-position":"center center","background-size":"auto","background-attachment":"scroll","background-type":"","background-media":"","overlay-type":"","overlay-color":"","overlay-opacity":"","overlay-gradient":""},"mobile":{"background-color":"","background-image":"","background-repeat":"repeat","background-position":"center center","background-size":"auto","background-attachment":"scroll","background-type":"","background-media":"","overlay-type":"","overlay-color":"","overlay-opacity":"","overlay-gradient":""}},"ast-content-background-meta":{"desktop":{"background-color":"var(--ast-global-color-5)","background-image":"","background-repeat":"repeat","background-position":"center center","background-size":"auto","background-attachment":"scroll","background-type":"","background-media":"","overlay-type":"","overlay-color":"","overlay-opacity":"","overlay-gradient":""},"tablet":{"background-color":"var(--ast-global-color-5)","background-image":"","background-repeat":"repeat","background-position":"center center","background-size":"auto","background-attachment":"scroll","background-type":"","background-media":"","overlay-type":"","overlay-color":"","overlay-opacity":"","overlay-gradient":""},"mobile":{"background-color":"var(--ast-global-color-5)","background-image":"","background-repeat":"repeat","background-position":"center center","background-size":"auto","background-attachment":"scroll","background-type":"","background-media":"","overlay-type":"","overlay-color":"","overlay-opacity":"","overlay-gradient":""}}},"product_brand":[],"product_cat":[67],"product_tag":[],"class_list":{"0":"post-3845","1":"product","2":"type-product","3":"status-publish","4":"has-post-thumbnail","6":"product_cat-humoros-muveszet","7":"desktop-align-center","8":"tablet-align-left","9":"mobile-align-left","11":"first","12":"instock","13":"taxable","14":"shipping-taxable","15":"purchasable","16":"product-type-variable","17":"has-default-attributes","18":"add-to-wishlist-before_image","19":"wpzoom-wc-spi-has-enabled"},"_links":{"self":[{"href":"https:\/\/metalprints.hu\/en\/wp-json\/wp\/v2\/product\/3845","targetHints":{"allow":["GET"]}}],"collection":[{"href":"https:\/\/metalprints.hu\/en\/wp-json\/wp\/v2\/product"}],"about":[{"href":"https:\/\/metalprints.hu\/en\/wp-json\/wp\/v2\/types\/product"}],"replies":[{"embeddable":true,"href":"https:\/\/metalprints.hu\/en\/wp-json\/wp\/v2\/comments?post=3845"}],"version-history":[{"count":0,"href":"https:\/\/metalprints.hu\/en\/wp-json\/wp\/v2\/product\/3845\/revisions"}],"wp:featuredmedia":[{"embeddable":true,"href":"https:\/\/metalprints.hu\/en\/wp-json\/wp\/v2\/media\/3810"}],"wp:attachment":[{"href":"https:\/\/metalprints.hu\/en\/wp-json\/wp\/v2\/media?parent=3845"}],"wp:term":[{"taxonomy":"product_brand","embeddable":true,"href":"https:\/\/metalprints.hu\/en\/wp-json\/wp\/v2\/product_brand?post=3845"},{"taxonomy":"product_cat","embeddable":true,"href":"https:\/\/metalprints.hu\/en\/wp-json\/wp\/v2\/product_cat?post=3845"},{"taxonomy":"product_tag","embeddable":true,"href":"https:\/\/metalprints.hu\/en\/wp-json\/wp\/v2\/product_tag?post=3845"}],"curies":[{"name":"wp","href":"https:\/\/api.w.org\/{rel}","templated":true}]}}