{"id":4056,"date":"2024-07-30T22:04:06","date_gmt":"2024-07-30T20:04:06","guid":{"rendered":"https:\/\/metalprints.hu\/?post_type=product&#038;p=4056"},"modified":"2024-07-30T22:06:02","modified_gmt":"2024-07-30T20:06:02","slug":"pszichedelikus-harmonia-aluminium-kep","status":"publish","type":"product","link":"https:\/\/metalprints.hu\/en\/art-kollekcio\/szurrealis-vilagok\/pszichedelikus-harmonia-aluminium-kep\/","title":{"rendered":"Psychedelic Harmony Aluminium Picture"},"content":{"rendered":"<p>Explore the meeting of art and psychedelic experience with this Psychedelic Harmony Aluminum Painting. The image depicts a deeply expressive, detailed face swimming in a cavalcade of colours and shapes. The vibrant colours and dynamic patterns of the artwork create a truly unique and surreal sight that is guaranteed to grab the attention. The 30\u00d745 cm aluminium picture fits perfectly on the wall of any room, giving it a modern and artistic feel. The aluminium material ensures long-term durability, preserving the vivid colours and details of the image. An ideal choice for anyone who loves surreal art and deep emotional expressions.<\/p>","protected":false},"excerpt":{"rendered":"<p>Fedezd fel a m\u0171v\u00e9szet \u00e9s a pszichedelikus \u00e9lm\u00e9ny tal\u00e1lkoz\u00e1s\u00e1t ezzel a Pszichedelikus Harm\u00f3nia Alum\u00ednium K\u00e9ppel. A k\u00e9p egy m\u00e9lyen kifejez\u0151, r\u00e9szletgazdag arcot \u00e1br\u00e1zol, amely a sz\u00ednek \u00e9s form\u00e1k kavalk\u00e1dj\u00e1ban \u00faszik. Az alkot\u00e1s \u00e9l\u00e9nk sz\u00ednei \u00e9s dinamikus mint\u00e1i egy igaz\u00e1n egyedi \u00e9s sz\u00fcrre\u00e1lis l\u00e1tv\u00e1nyt ny\u00fajtanak, amely garant\u00e1ltan megragadja a figyelmet. A 30&#215;45 cm m\u00e9ret\u0171 alum\u00ednium k\u00e9p [&hellip;]<\/p>\n","protected":false},"featured_media":3996,"comment_status":"open","ping_status":"closed","template":"","meta":{"site-sidebar-layout":"default","site-content-layout":"","ast-site-content-layout":"default","site-content-style":"default","site-sidebar-style":"default","ast-global-header-display":"","ast-banner-title-visibility":"","ast-main-header-display":"","ast-hfb-above-header-display":"","ast-hfb-below-header-display":"","ast-hfb-mobile-header-display":"","site-post-title":"","ast-breadcrumbs-content":"","ast-featured-img":"","footer-sml-layout":"","ast-disable-related-posts":"","theme-transparent-header-meta":"default","adv-header-id-meta":"","stick-header-meta":"","header-above-stick-meta":"","header-main-stick-meta":"","header-below-stick-meta":"","astra-migrate-meta-layouts":"set","ast-page-background-enabled":"default","ast-page-background-meta":{"desktop":{"background-color":"var(--ast-global-color-4)","background-image":"","background-repeat":"repeat","background-position":"center center","background-size":"auto","background-attachment":"scroll","background-type":"","background-media":"","overlay-type":"","overlay-color":"","overlay-opacity":"","overlay-gradient":""},"tablet":{"background-color":"","background-image":"","background-repeat":"repeat","background-position":"center center","background-size":"auto","background-attachment":"scroll","background-type":"","background-media":"","overlay-type":"","overlay-color":"","overlay-opacity":"","overlay-gradient":""},"mobile":{"background-color":"","background-image":"","background-repeat":"repeat","background-position":"center center","background-size":"auto","background-attachment":"scroll","background-type":"","background-media":"","overlay-type":"","overlay-color":"","overlay-opacity":"","overlay-gradient":""}},"ast-content-background-meta":{"desktop":{"background-color":"var(--ast-global-color-5)","background-image":"","background-repeat":"repeat","background-position":"center center","background-size":"auto","background-attachment":"scroll","background-type":"","background-media":"","overlay-type":"","overlay-color":"","overlay-opacity":"","overlay-gradient":""},"tablet":{"background-color":"var(--ast-global-color-5)","background-image":"","background-repeat":"repeat","background-position":"center center","background-size":"auto","background-attachment":"scroll","background-type":"","background-media":"","overlay-type":"","overlay-color":"","overlay-opacity":"","overlay-gradient":""},"mobile":{"background-color":"var(--ast-global-color-5)","background-image":"","background-repeat":"repeat","background-position":"center center","background-size":"auto","background-attachment":"scroll","background-type":"","background-media":"","overlay-type":"","overlay-color":"","overlay-opacity":"","overlay-gradient":""}}},"product_brand":[],"product_cat":[68],"product_tag":[],"class_list":{"0":"post-4056","1":"product","2":"type-product","3":"status-publish","4":"has-post-thumbnail","6":"product_cat-szurrealis-vilagok","7":"desktop-align-center","8":"tablet-align-left","9":"mobile-align-left","11":"first","12":"instock","13":"taxable","14":"shipping-taxable","15":"purchasable","16":"product-type-variable","17":"has-default-attributes","18":"add-to-wishlist-before_image","19":"wpzoom-wc-spi-has-enabled"},"_links":{"self":[{"href":"https:\/\/metalprints.hu\/en\/wp-json\/wp\/v2\/product\/4056","targetHints":{"allow":["GET"]}}],"collection":[{"href":"https:\/\/metalprints.hu\/en\/wp-json\/wp\/v2\/product"}],"about":[{"href":"https:\/\/metalprints.hu\/en\/wp-json\/wp\/v2\/types\/product"}],"replies":[{"embeddable":true,"href":"https:\/\/metalprints.hu\/en\/wp-json\/wp\/v2\/comments?post=4056"}],"version-history":[{"count":0,"href":"https:\/\/metalprints.hu\/en\/wp-json\/wp\/v2\/product\/4056\/revisions"}],"wp:featuredmedia":[{"embeddable":true,"href":"https:\/\/metalprints.hu\/en\/wp-json\/wp\/v2\/media\/3996"}],"wp:attachment":[{"href":"https:\/\/metalprints.hu\/en\/wp-json\/wp\/v2\/media?parent=4056"}],"wp:term":[{"taxonomy":"product_brand","embeddable":true,"href":"https:\/\/metalprints.hu\/en\/wp-json\/wp\/v2\/product_brand?post=4056"},{"taxonomy":"product_cat","embeddable":true,"href":"https:\/\/metalprints.hu\/en\/wp-json\/wp\/v2\/product_cat?post=4056"},{"taxonomy":"product_tag","embeddable":true,"href":"https:\/\/metalprints.hu\/en\/wp-json\/wp\/v2\/product_tag?post=4056"}],"curies":[{"name":"wp","href":"https:\/\/api.w.org\/{rel}","templated":true}]}}