{"id":4147,"date":"2024-07-30T22:34:55","date_gmt":"2024-07-30T20:34:55","guid":{"rendered":"https:\/\/metalprints.hu\/?post_type=product&#038;p=4147"},"modified":"2024-07-30T22:36:48","modified_gmt":"2024-07-30T20:36:48","slug":"szines-kaprazat-aluminium-kep","status":"publish","type":"product","link":"https:\/\/metalprints.hu\/en\/art-kollekcio\/szurrealis-vilagok\/szines-kaprazat-aluminium-kep\/","title":{"rendered":"Colour Dazzle Aluminium Picture"},"content":{"rendered":"<p>Discover the special world of the Colourful Dazzle Aluminium Picture. This artwork will enchant you with stunning, vibrant colours and detailed surreal landscapes full of fantastic shapes and elements. Measuring 30\u00d745 cm, the picture is an ideal choice for decorating modern interiors, creating a unique style and vibrant atmosphere. The aluminium finish guarantees durability and high quality, so you can decorate your home for a long time. Perfect choice for those who love unique and inspiring decorations.<\/p>","protected":false},"excerpt":{"rendered":"<p>Fedezd fel a Sz\u00ednes K\u00e1pr\u00e1zat Alum\u00ednium K\u00e9p k\u00fcl\u00f6nleges vil\u00e1g\u00e1t. Ez a m\u0171alkot\u00e1s leny\u0171g\u00f6z\u0151, \u00e9l\u00e9nk sz\u00ednekkel \u00e9s r\u00e9szletesen kidolgozott sz\u00fcrre\u00e1lis t\u00e1jjal var\u00e1zsol el, amely tele van fantasztikus form\u00e1kkal \u00e9s elemekkel. A 30&#215;45 cm m\u00e9ret\u0171 k\u00e9p ide\u00e1lis v\u00e1laszt\u00e1s modern bels\u0151 terek dekor\u00e1ci\u00f3j\u00e1hoz, egyedi st\u00edlust \u00e9s vibr\u00e1l\u00f3 hangulatot teremtve. Az alum\u00ednium fel\u00fclet garant\u00e1lja a tart\u00f3ss\u00e1got \u00e9s a kiv\u00e1l\u00f3 [&hellip;]<\/p>\n","protected":false},"featured_media":4082,"comment_status":"open","ping_status":"closed","template":"","meta":{"site-sidebar-layout":"default","site-content-layout":"","ast-site-content-layout":"default","site-content-style":"default","site-sidebar-style":"default","ast-global-header-display":"","ast-banner-title-visibility":"","ast-main-header-display":"","ast-hfb-above-header-display":"","ast-hfb-below-header-display":"","ast-hfb-mobile-header-display":"","site-post-title":"","ast-breadcrumbs-content":"","ast-featured-img":"","footer-sml-layout":"","ast-disable-related-posts":"","theme-transparent-header-meta":"default","adv-header-id-meta":"","stick-header-meta":"","header-above-stick-meta":"","header-main-stick-meta":"","header-below-stick-meta":"","astra-migrate-meta-layouts":"set","ast-page-background-enabled":"default","ast-page-background-meta":{"desktop":{"background-color":"var(--ast-global-color-4)","background-image":"","background-repeat":"repeat","background-position":"center center","background-size":"auto","background-attachment":"scroll","background-type":"","background-media":"","overlay-type":"","overlay-color":"","overlay-opacity":"","overlay-gradient":""},"tablet":{"background-color":"","background-image":"","background-repeat":"repeat","background-position":"center center","background-size":"auto","background-attachment":"scroll","background-type":"","background-media":"","overlay-type":"","overlay-color":"","overlay-opacity":"","overlay-gradient":""},"mobile":{"background-color":"","background-image":"","background-repeat":"repeat","background-position":"center center","background-size":"auto","background-attachment":"scroll","background-type":"","background-media":"","overlay-type":"","overlay-color":"","overlay-opacity":"","overlay-gradient":""}},"ast-content-background-meta":{"desktop":{"background-color":"var(--ast-global-color-5)","background-image":"","background-repeat":"repeat","background-position":"center center","background-size":"auto","background-attachment":"scroll","background-type":"","background-media":"","overlay-type":"","overlay-color":"","overlay-opacity":"","overlay-gradient":""},"tablet":{"background-color":"var(--ast-global-color-5)","background-image":"","background-repeat":"repeat","background-position":"center center","background-size":"auto","background-attachment":"scroll","background-type":"","background-media":"","overlay-type":"","overlay-color":"","overlay-opacity":"","overlay-gradient":""},"mobile":{"background-color":"var(--ast-global-color-5)","background-image":"","background-repeat":"repeat","background-position":"center center","background-size":"auto","background-attachment":"scroll","background-type":"","background-media":"","overlay-type":"","overlay-color":"","overlay-opacity":"","overlay-gradient":""}}},"product_brand":[],"product_cat":[68],"product_tag":[],"class_list":{"0":"post-4147","1":"product","2":"type-product","3":"status-publish","4":"has-post-thumbnail","6":"product_cat-szurrealis-vilagok","7":"desktop-align-center","8":"tablet-align-left","9":"mobile-align-left","11":"first","12":"instock","13":"taxable","14":"shipping-taxable","15":"purchasable","16":"product-type-variable","17":"has-default-attributes","18":"add-to-wishlist-before_image","19":"wpzoom-wc-spi-has-enabled"},"_links":{"self":[{"href":"https:\/\/metalprints.hu\/en\/wp-json\/wp\/v2\/product\/4147","targetHints":{"allow":["GET"]}}],"collection":[{"href":"https:\/\/metalprints.hu\/en\/wp-json\/wp\/v2\/product"}],"about":[{"href":"https:\/\/metalprints.hu\/en\/wp-json\/wp\/v2\/types\/product"}],"replies":[{"embeddable":true,"href":"https:\/\/metalprints.hu\/en\/wp-json\/wp\/v2\/comments?post=4147"}],"version-history":[{"count":0,"href":"https:\/\/metalprints.hu\/en\/wp-json\/wp\/v2\/product\/4147\/revisions"}],"wp:featuredmedia":[{"embeddable":true,"href":"https:\/\/metalprints.hu\/en\/wp-json\/wp\/v2\/media\/4082"}],"wp:attachment":[{"href":"https:\/\/metalprints.hu\/en\/wp-json\/wp\/v2\/media?parent=4147"}],"wp:term":[{"taxonomy":"product_brand","embeddable":true,"href":"https:\/\/metalprints.hu\/en\/wp-json\/wp\/v2\/product_brand?post=4147"},{"taxonomy":"product_cat","embeddable":true,"href":"https:\/\/metalprints.hu\/en\/wp-json\/wp\/v2\/product_cat?post=4147"},{"taxonomy":"product_tag","embeddable":true,"href":"https:\/\/metalprints.hu\/en\/wp-json\/wp\/v2\/product_tag?post=4147"}],"curies":[{"name":"wp","href":"https:\/\/api.w.org\/{rel}","templated":true}]}}