{"id":4159,"date":"2024-07-30T22:41:58","date_gmt":"2024-07-30T20:41:58","guid":{"rendered":"https:\/\/metalprints.hu\/?post_type=product&#038;p=4159"},"modified":"2024-07-30T22:44:12","modified_gmt":"2024-07-30T20:44:12","slug":"pszichedelikus-tarkasag-aluminium-kep","status":"publish","type":"product","link":"https:\/\/metalprints.hu\/en\/art-kollekcio\/szurrealis-vilagok\/pszichedelikus-tarkasag-aluminium-kep\/","title":{"rendered":"Psychedelic Wisdom Aluminium Image"},"content":{"rendered":"<p>Immerse yourself in the colourful and magical world of Psychedelic Wisdom Aluminium Image! This dazzling work of art takes you on a journey through a fabulous mushroom garden, where mushrooms are bursting with vibrant colours and bathed in mystical light. The stunning detail and vibrant colours of this 30\u00d745 cm painting are guaranteed to brighten up any room. The aluminium finish gives it a timeless quality and modern look. Ideal for those who love psychedelic art and are looking for unique, eye-catching decoration for their home.<\/p>","protected":false},"excerpt":{"rendered":"<p>Mer\u00fclj el a Pszichedelikus Tarkas\u00e1g Alum\u00ednium K\u00e9p sz\u00ednpomp\u00e1s \u00e9s var\u00e1zslatos vil\u00e1g\u00e1ban! Ez a k\u00e1pr\u00e1zatos m\u0171alkot\u00e1s egy mes\u00e9s gombakertben kalauzol el, ahol a gomb\u00e1k \u00e9l\u00e9nk sz\u00ednekben pomp\u00e1znak \u00e9s misztikus f\u00e9nyekben f\u00fcrdenek. A 30&#215;45 cm m\u00e9ret\u0171 k\u00e9p leny\u0171g\u00f6z\u0151 r\u00e9szletei \u00e9s \u00e9l\u00e9nk sz\u00ednei garant\u00e1ltan feldobj\u00e1k b\u00e1rmely helyis\u00e9g hangulat\u00e1t. Az alum\u00ednium fel\u00fclet id\u0151t\u00e1ll\u00f3 min\u0151s\u00e9get \u00e9s modern megjelen\u00e9st biztos\u00edt. Ide\u00e1lis [&hellip;]<\/p>\n","protected":false},"featured_media":4106,"comment_status":"open","ping_status":"closed","template":"","meta":{"site-sidebar-layout":"default","site-content-layout":"","ast-site-content-layout":"default","site-content-style":"default","site-sidebar-style":"default","ast-global-header-display":"","ast-banner-title-visibility":"","ast-main-header-display":"","ast-hfb-above-header-display":"","ast-hfb-below-header-display":"","ast-hfb-mobile-header-display":"","site-post-title":"","ast-breadcrumbs-content":"","ast-featured-img":"","footer-sml-layout":"","ast-disable-related-posts":"","theme-transparent-header-meta":"default","adv-header-id-meta":"","stick-header-meta":"","header-above-stick-meta":"","header-main-stick-meta":"","header-below-stick-meta":"","astra-migrate-meta-layouts":"set","ast-page-background-enabled":"default","ast-page-background-meta":{"desktop":{"background-color":"var(--ast-global-color-4)","background-image":"","background-repeat":"repeat","background-position":"center center","background-size":"auto","background-attachment":"scroll","background-type":"","background-media":"","overlay-type":"","overlay-color":"","overlay-opacity":"","overlay-gradient":""},"tablet":{"background-color":"","background-image":"","background-repeat":"repeat","background-position":"center center","background-size":"auto","background-attachment":"scroll","background-type":"","background-media":"","overlay-type":"","overlay-color":"","overlay-opacity":"","overlay-gradient":""},"mobile":{"background-color":"","background-image":"","background-repeat":"repeat","background-position":"center center","background-size":"auto","background-attachment":"scroll","background-type":"","background-media":"","overlay-type":"","overlay-color":"","overlay-opacity":"","overlay-gradient":""}},"ast-content-background-meta":{"desktop":{"background-color":"var(--ast-global-color-5)","background-image":"","background-repeat":"repeat","background-position":"center center","background-size":"auto","background-attachment":"scroll","background-type":"","background-media":"","overlay-type":"","overlay-color":"","overlay-opacity":"","overlay-gradient":""},"tablet":{"background-color":"var(--ast-global-color-5)","background-image":"","background-repeat":"repeat","background-position":"center center","background-size":"auto","background-attachment":"scroll","background-type":"","background-media":"","overlay-type":"","overlay-color":"","overlay-opacity":"","overlay-gradient":""},"mobile":{"background-color":"var(--ast-global-color-5)","background-image":"","background-repeat":"repeat","background-position":"center center","background-size":"auto","background-attachment":"scroll","background-type":"","background-media":"","overlay-type":"","overlay-color":"","overlay-opacity":"","overlay-gradient":""}}},"product_brand":[],"product_cat":[68],"product_tag":[],"class_list":{"0":"post-4159","1":"product","2":"type-product","3":"status-publish","4":"has-post-thumbnail","6":"product_cat-szurrealis-vilagok","7":"desktop-align-center","8":"tablet-align-left","9":"mobile-align-left","11":"first","12":"instock","13":"taxable","14":"shipping-taxable","15":"purchasable","16":"product-type-variable","17":"has-default-attributes","18":"add-to-wishlist-before_image","19":"wpzoom-wc-spi-has-enabled"},"_links":{"self":[{"href":"https:\/\/metalprints.hu\/en\/wp-json\/wp\/v2\/product\/4159","targetHints":{"allow":["GET"]}}],"collection":[{"href":"https:\/\/metalprints.hu\/en\/wp-json\/wp\/v2\/product"}],"about":[{"href":"https:\/\/metalprints.hu\/en\/wp-json\/wp\/v2\/types\/product"}],"replies":[{"embeddable":true,"href":"https:\/\/metalprints.hu\/en\/wp-json\/wp\/v2\/comments?post=4159"}],"version-history":[{"count":0,"href":"https:\/\/metalprints.hu\/en\/wp-json\/wp\/v2\/product\/4159\/revisions"}],"wp:featuredmedia":[{"embeddable":true,"href":"https:\/\/metalprints.hu\/en\/wp-json\/wp\/v2\/media\/4106"}],"wp:attachment":[{"href":"https:\/\/metalprints.hu\/en\/wp-json\/wp\/v2\/media?parent=4159"}],"wp:term":[{"taxonomy":"product_brand","embeddable":true,"href":"https:\/\/metalprints.hu\/en\/wp-json\/wp\/v2\/product_brand?post=4159"},{"taxonomy":"product_cat","embeddable":true,"href":"https:\/\/metalprints.hu\/en\/wp-json\/wp\/v2\/product_cat?post=4159"},{"taxonomy":"product_tag","embeddable":true,"href":"https:\/\/metalprints.hu\/en\/wp-json\/wp\/v2\/product_tag?post=4159"}],"curies":[{"name":"wp","href":"https:\/\/api.w.org\/{rel}","templated":true}]}}