{"id":4194,"date":"2024-07-30T22:59:28","date_gmt":"2024-07-30T20:59:28","guid":{"rendered":"https:\/\/metalprints.hu\/?post_type=product&#038;p=4194"},"modified":"2024-07-30T23:02:24","modified_gmt":"2024-07-30T21:02:24","slug":"pszichedelikus-meduza-aluminium-kep","status":"publish","type":"product","link":"https:\/\/metalprints.hu\/en\/art-kollekcio\/szurrealis-vilagok\/pszichedelikus-meduza-aluminium-kep\/","title":{"rendered":"Psychedelic Medusa Aluminium Picture"},"content":{"rendered":"<p>Explore the world of the Psychedelic Medusa with this stunning aluminium image! This unique piece of artwork depicts the mystical world of jellyfish and coral reefs in vibrant colours and rich detail. The 30\u00d745 cm aluminium image gives a modern look that will fit perfectly into any room's decor. Thanks to its durable material, it guarantees a long lifespan, so you can enjoy the beauty of the underwater world at any time. Gift yourself or your loved ones with this unique piece of art that is sure to enchant!<\/p>","protected":false},"excerpt":{"rendered":"<p>Fedezd fel a Pszichedelikus Med\u00faza vil\u00e1g\u00e1t ezzel a leny\u0171g\u00f6z\u0151 alum\u00ednium k\u00e9ppel! Ez a k\u00fcl\u00f6nleges m\u0171alkot\u00e1s \u00e9l\u00e9nk sz\u00ednekkel \u00e9s r\u00e9szletgazdag kidolgoz\u00e1ssal \u00e1br\u00e1zolja a med\u00faz\u00e1k \u00e9s a korallz\u00e1tonyok misztikus vil\u00e1g\u00e1t. A 30&#215;45 cm m\u00e9ret\u0171 alum\u00ednium k\u00e9p modern megjelen\u00e9st biztos\u00edt, amely t\u00f6k\u00e9letesen illeszkedik b\u00e1rmely helyis\u00e9g dekor\u00e1ci\u00f3j\u00e1hoz. Tart\u00f3s anyag\u00e1nak k\u00f6sz\u00f6nhet\u0151en hossz\u00fa \u00e9lettartamot garant\u00e1l, \u00edgy b\u00e1rmikor gy\u00f6ny\u00f6rk\u00f6dhetsz a v\u00edz alatti [&hellip;]<\/p>\n","protected":false},"featured_media":4190,"comment_status":"open","ping_status":"closed","template":"","meta":{"site-sidebar-layout":"default","site-content-layout":"","ast-site-content-layout":"default","site-content-style":"default","site-sidebar-style":"default","ast-global-header-display":"","ast-banner-title-visibility":"","ast-main-header-display":"","ast-hfb-above-header-display":"","ast-hfb-below-header-display":"","ast-hfb-mobile-header-display":"","site-post-title":"","ast-breadcrumbs-content":"","ast-featured-img":"","footer-sml-layout":"","ast-disable-related-posts":"","theme-transparent-header-meta":"default","adv-header-id-meta":"","stick-header-meta":"","header-above-stick-meta":"","header-main-stick-meta":"","header-below-stick-meta":"","astra-migrate-meta-layouts":"set","ast-page-background-enabled":"default","ast-page-background-meta":{"desktop":{"background-color":"var(--ast-global-color-4)","background-image":"","background-repeat":"repeat","background-position":"center center","background-size":"auto","background-attachment":"scroll","background-type":"","background-media":"","overlay-type":"","overlay-color":"","overlay-opacity":"","overlay-gradient":""},"tablet":{"background-color":"","background-image":"","background-repeat":"repeat","background-position":"center center","background-size":"auto","background-attachment":"scroll","background-type":"","background-media":"","overlay-type":"","overlay-color":"","overlay-opacity":"","overlay-gradient":""},"mobile":{"background-color":"","background-image":"","background-repeat":"repeat","background-position":"center center","background-size":"auto","background-attachment":"scroll","background-type":"","background-media":"","overlay-type":"","overlay-color":"","overlay-opacity":"","overlay-gradient":""}},"ast-content-background-meta":{"desktop":{"background-color":"var(--ast-global-color-5)","background-image":"","background-repeat":"repeat","background-position":"center center","background-size":"auto","background-attachment":"scroll","background-type":"","background-media":"","overlay-type":"","overlay-color":"","overlay-opacity":"","overlay-gradient":""},"tablet":{"background-color":"var(--ast-global-color-5)","background-image":"","background-repeat":"repeat","background-position":"center center","background-size":"auto","background-attachment":"scroll","background-type":"","background-media":"","overlay-type":"","overlay-color":"","overlay-opacity":"","overlay-gradient":""},"mobile":{"background-color":"var(--ast-global-color-5)","background-image":"","background-repeat":"repeat","background-position":"center center","background-size":"auto","background-attachment":"scroll","background-type":"","background-media":"","overlay-type":"","overlay-color":"","overlay-opacity":"","overlay-gradient":""}}},"product_brand":[],"product_cat":[68],"product_tag":[],"class_list":{"0":"post-4194","1":"product","2":"type-product","3":"status-publish","4":"has-post-thumbnail","6":"product_cat-szurrealis-vilagok","7":"desktop-align-center","8":"tablet-align-left","9":"mobile-align-left","11":"first","12":"instock","13":"taxable","14":"shipping-taxable","15":"purchasable","16":"product-type-variable","17":"has-default-attributes","18":"add-to-wishlist-before_image","19":"wpzoom-wc-spi-has-enabled"},"_links":{"self":[{"href":"https:\/\/metalprints.hu\/en\/wp-json\/wp\/v2\/product\/4194","targetHints":{"allow":["GET"]}}],"collection":[{"href":"https:\/\/metalprints.hu\/en\/wp-json\/wp\/v2\/product"}],"about":[{"href":"https:\/\/metalprints.hu\/en\/wp-json\/wp\/v2\/types\/product"}],"replies":[{"embeddable":true,"href":"https:\/\/metalprints.hu\/en\/wp-json\/wp\/v2\/comments?post=4194"}],"version-history":[{"count":0,"href":"https:\/\/metalprints.hu\/en\/wp-json\/wp\/v2\/product\/4194\/revisions"}],"wp:featuredmedia":[{"embeddable":true,"href":"https:\/\/metalprints.hu\/en\/wp-json\/wp\/v2\/media\/4190"}],"wp:attachment":[{"href":"https:\/\/metalprints.hu\/en\/wp-json\/wp\/v2\/media?parent=4194"}],"wp:term":[{"taxonomy":"product_brand","embeddable":true,"href":"https:\/\/metalprints.hu\/en\/wp-json\/wp\/v2\/product_brand?post=4194"},{"taxonomy":"product_cat","embeddable":true,"href":"https:\/\/metalprints.hu\/en\/wp-json\/wp\/v2\/product_cat?post=4194"},{"taxonomy":"product_tag","embeddable":true,"href":"https:\/\/metalprints.hu\/en\/wp-json\/wp\/v2\/product_tag?post=4194"}],"curies":[{"name":"wp","href":"https:\/\/api.w.org\/{rel}","templated":true}]}}