{"id":4198,"date":"2024-07-30T23:25:00","date_gmt":"2024-07-30T21:25:00","guid":{"rendered":"https:\/\/metalprints.hu\/?post_type=product&#038;p=4198"},"modified":"2024-07-30T23:31:42","modified_gmt":"2024-07-30T21:31:42","slug":"romantikus-emlekek-aluminium-kep","status":"publish","type":"product","link":"https:\/\/metalprints.hu\/en\/art-kollekcio\/vintage-romantika\/romantikus-emlekek-aluminium-kep\/","title":{"rendered":"Romantic Memories Aluminium Picture"},"content":{"rendered":"<p>Immerse yourself in the world of Romantic Memories with this special aluminium picture! This unique piece of art features a vintage-style guest cheque background with a romantic lady in a glass, dice and exotic fruit decorating the composition. The 30\u00d745 cm aluminium image gives a modern and elegant look that will fit perfectly into any room decor. The timeless material and rich detailing ensure that this piece of art will provide years of enjoyment. Give yourself or a loved one the gift of this magical picture that evokes a sense of romance and nostalgia!<\/p>","protected":false},"excerpt":{"rendered":"<p>Mer\u00fclj el a Romantikus Eml\u00e9kek vil\u00e1g\u00e1ban ezzel a k\u00fcl\u00f6nleges alum\u00ednium k\u00e9ppel! Ez az egyedi m\u0171alkot\u00e1s egy vintage st\u00edlus\u00fa vend\u00e9gcsekk h\u00e1tt\u00e9rrel rendelkezik, melyen egy poh\u00e1rba \u00fcltetett romantikus h\u00f6lgy l\u00e1that\u00f3, mellette kock\u00e1k \u00e9s egzotikus gy\u00fcm\u00f6lcs\u00f6k d\u00edsz\u00edtik a kompoz\u00edci\u00f3t. A 30&#215;45 cm m\u00e9ret\u0171 alum\u00ednium k\u00e9p modern \u00e9s eleg\u00e1ns megjelen\u00e9st biztos\u00edt, amely t\u00f6k\u00e9letesen illik b\u00e1rmely helyis\u00e9g dekor\u00e1ci\u00f3j\u00e1hoz. Az id\u0151t\u00e1ll\u00f3 [&hellip;]<\/p>\n","protected":false},"featured_media":4207,"comment_status":"open","ping_status":"closed","template":"","meta":{"site-sidebar-layout":"default","site-content-layout":"","ast-site-content-layout":"default","site-content-style":"default","site-sidebar-style":"default","ast-global-header-display":"","ast-banner-title-visibility":"","ast-main-header-display":"","ast-hfb-above-header-display":"","ast-hfb-below-header-display":"","ast-hfb-mobile-header-display":"","site-post-title":"","ast-breadcrumbs-content":"","ast-featured-img":"","footer-sml-layout":"","ast-disable-related-posts":"","theme-transparent-header-meta":"default","adv-header-id-meta":"","stick-header-meta":"","header-above-stick-meta":"","header-main-stick-meta":"","header-below-stick-meta":"","astra-migrate-meta-layouts":"set","ast-page-background-enabled":"default","ast-page-background-meta":{"desktop":{"background-color":"var(--ast-global-color-4)","background-image":"","background-repeat":"repeat","background-position":"center center","background-size":"auto","background-attachment":"scroll","background-type":"","background-media":"","overlay-type":"","overlay-color":"","overlay-opacity":"","overlay-gradient":""},"tablet":{"background-color":"","background-image":"","background-repeat":"repeat","background-position":"center center","background-size":"auto","background-attachment":"scroll","background-type":"","background-media":"","overlay-type":"","overlay-color":"","overlay-opacity":"","overlay-gradient":""},"mobile":{"background-color":"","background-image":"","background-repeat":"repeat","background-position":"center center","background-size":"auto","background-attachment":"scroll","background-type":"","background-media":"","overlay-type":"","overlay-color":"","overlay-opacity":"","overlay-gradient":""}},"ast-content-background-meta":{"desktop":{"background-color":"var(--ast-global-color-5)","background-image":"","background-repeat":"repeat","background-position":"center center","background-size":"auto","background-attachment":"scroll","background-type":"","background-media":"","overlay-type":"","overlay-color":"","overlay-opacity":"","overlay-gradient":""},"tablet":{"background-color":"var(--ast-global-color-5)","background-image":"","background-repeat":"repeat","background-position":"center center","background-size":"auto","background-attachment":"scroll","background-type":"","background-media":"","overlay-type":"","overlay-color":"","overlay-opacity":"","overlay-gradient":""},"mobile":{"background-color":"var(--ast-global-color-5)","background-image":"","background-repeat":"repeat","background-position":"center center","background-size":"auto","background-attachment":"scroll","background-type":"","background-media":"","overlay-type":"","overlay-color":"","overlay-opacity":"","overlay-gradient":""}}},"product_brand":[],"product_cat":[69],"product_tag":[],"class_list":{"0":"post-4198","1":"product","2":"type-product","3":"status-publish","4":"has-post-thumbnail","6":"product_cat-vintage-romantika","7":"desktop-align-center","8":"tablet-align-left","9":"mobile-align-left","11":"first","12":"instock","13":"taxable","14":"shipping-taxable","15":"purchasable","16":"product-type-variable","17":"has-default-attributes","18":"add-to-wishlist-before_image","19":"wpzoom-wc-spi-has-enabled"},"_links":{"self":[{"href":"https:\/\/metalprints.hu\/en\/wp-json\/wp\/v2\/product\/4198","targetHints":{"allow":["GET"]}}],"collection":[{"href":"https:\/\/metalprints.hu\/en\/wp-json\/wp\/v2\/product"}],"about":[{"href":"https:\/\/metalprints.hu\/en\/wp-json\/wp\/v2\/types\/product"}],"replies":[{"embeddable":true,"href":"https:\/\/metalprints.hu\/en\/wp-json\/wp\/v2\/comments?post=4198"}],"version-history":[{"count":0,"href":"https:\/\/metalprints.hu\/en\/wp-json\/wp\/v2\/product\/4198\/revisions"}],"wp:featuredmedia":[{"embeddable":true,"href":"https:\/\/metalprints.hu\/en\/wp-json\/wp\/v2\/media\/4207"}],"wp:attachment":[{"href":"https:\/\/metalprints.hu\/en\/wp-json\/wp\/v2\/media?parent=4198"}],"wp:term":[{"taxonomy":"product_brand","embeddable":true,"href":"https:\/\/metalprints.hu\/en\/wp-json\/wp\/v2\/product_brand?post=4198"},{"taxonomy":"product_cat","embeddable":true,"href":"https:\/\/metalprints.hu\/en\/wp-json\/wp\/v2\/product_cat?post=4198"},{"taxonomy":"product_tag","embeddable":true,"href":"https:\/\/metalprints.hu\/en\/wp-json\/wp\/v2\/product_tag?post=4198"}],"curies":[{"name":"wp","href":"https:\/\/api.w.org\/{rel}","templated":true}]}}