{"id":4388,"date":"2024-07-31T00:49:33","date_gmt":"2024-07-30T22:49:33","guid":{"rendered":"https:\/\/metalprints.hu\/?post_type=product&#038;p=4388"},"modified":"2024-07-31T00:51:28","modified_gmt":"2024-07-30T22:51:28","slug":"picasso-inspiracioja-aluminium-kep","status":"publish","type":"product","link":"https:\/\/metalprints.hu\/en\/art-kollekcio\/picasso-inspiracio\/picasso-inspiracioja-aluminium-kep\/","title":{"rendered":"Picasso's Inspiration Aluminium Picture"},"content":{"rendered":"<p>The Picasso Inspiration aluminium picture is a stunning, minimalist work of art that evokes the famous style of Pablo Picasso. The combination of simple lines and contrasting colours gives a unique and modern look to any room. Made of aluminium material, the picture is durable and easy to clean, so it will retain its original beauty for a long time. It measures 30\u00d745 cm, which is perfect for any wall in the home or office. Decorate your home with this unique piece, the perfect combination of modern art and classic inspiration!<\/p>","protected":false},"excerpt":{"rendered":"<p>A Picasso Inspir\u00e1ci\u00f3ja alum\u00ednium k\u00e9p egy leny\u0171g\u00f6z\u0151, minimalista m\u0171alkot\u00e1s, amely Pablo Picasso h\u00edres st\u00edlus\u00e1t id\u00e9zi. Az egyszer\u0171 vonalak \u00e9s a kontrasztos sz\u00ednek kombin\u00e1ci\u00f3ja egyedi \u00e9s modern megjelen\u00e9st k\u00f6lcs\u00f6n\u00f6z minden helyis\u00e9gnek. Az alum\u00ednium anyagb\u00f3l k\u00e9sz\u00fclt k\u00e9p tart\u00f3ss\u00e1got \u00e9s k\u00f6nny\u0171 tiszt\u00edthat\u00f3s\u00e1got biztos\u00edt, \u00edgy hossz\u00fa t\u00e1von meg\u0151rzi eredeti sz\u00e9ps\u00e9g\u00e9t. M\u00e9rete 30&#215;45 cm, ami t\u00f6k\u00e9letesen illeszkedik b\u00e1rmely otthoni vagy [&hellip;]<\/p>\n","protected":false},"featured_media":4370,"comment_status":"open","ping_status":"closed","template":"","meta":{"site-sidebar-layout":"default","site-content-layout":"","ast-site-content-layout":"default","site-content-style":"default","site-sidebar-style":"default","ast-global-header-display":"","ast-banner-title-visibility":"","ast-main-header-display":"","ast-hfb-above-header-display":"","ast-hfb-below-header-display":"","ast-hfb-mobile-header-display":"","site-post-title":"","ast-breadcrumbs-content":"","ast-featured-img":"","footer-sml-layout":"","ast-disable-related-posts":"","theme-transparent-header-meta":"default","adv-header-id-meta":"","stick-header-meta":"","header-above-stick-meta":"","header-main-stick-meta":"","header-below-stick-meta":"","astra-migrate-meta-layouts":"set","ast-page-background-enabled":"default","ast-page-background-meta":{"desktop":{"background-color":"var(--ast-global-color-4)","background-image":"","background-repeat":"repeat","background-position":"center center","background-size":"auto","background-attachment":"scroll","background-type":"","background-media":"","overlay-type":"","overlay-color":"","overlay-opacity":"","overlay-gradient":""},"tablet":{"background-color":"","background-image":"","background-repeat":"repeat","background-position":"center center","background-size":"auto","background-attachment":"scroll","background-type":"","background-media":"","overlay-type":"","overlay-color":"","overlay-opacity":"","overlay-gradient":""},"mobile":{"background-color":"","background-image":"","background-repeat":"repeat","background-position":"center center","background-size":"auto","background-attachment":"scroll","background-type":"","background-media":"","overlay-type":"","overlay-color":"","overlay-opacity":"","overlay-gradient":""}},"ast-content-background-meta":{"desktop":{"background-color":"var(--ast-global-color-5)","background-image":"","background-repeat":"repeat","background-position":"center center","background-size":"auto","background-attachment":"scroll","background-type":"","background-media":"","overlay-type":"","overlay-color":"","overlay-opacity":"","overlay-gradient":""},"tablet":{"background-color":"var(--ast-global-color-5)","background-image":"","background-repeat":"repeat","background-position":"center center","background-size":"auto","background-attachment":"scroll","background-type":"","background-media":"","overlay-type":"","overlay-color":"","overlay-opacity":"","overlay-gradient":""},"mobile":{"background-color":"var(--ast-global-color-5)","background-image":"","background-repeat":"repeat","background-position":"center center","background-size":"auto","background-attachment":"scroll","background-type":"","background-media":"","overlay-type":"","overlay-color":"","overlay-opacity":"","overlay-gradient":""}}},"product_brand":[],"product_cat":[70],"product_tag":[],"class_list":{"0":"post-4388","1":"product","2":"type-product","3":"status-publish","4":"has-post-thumbnail","6":"product_cat-picasso-inspiracio","7":"desktop-align-center","8":"tablet-align-left","9":"mobile-align-left","11":"first","12":"instock","13":"taxable","14":"shipping-taxable","15":"purchasable","16":"product-type-variable","17":"has-default-attributes","18":"add-to-wishlist-before_image","19":"wpzoom-wc-spi-has-enabled"},"_links":{"self":[{"href":"https:\/\/metalprints.hu\/en\/wp-json\/wp\/v2\/product\/4388","targetHints":{"allow":["GET"]}}],"collection":[{"href":"https:\/\/metalprints.hu\/en\/wp-json\/wp\/v2\/product"}],"about":[{"href":"https:\/\/metalprints.hu\/en\/wp-json\/wp\/v2\/types\/product"}],"replies":[{"embeddable":true,"href":"https:\/\/metalprints.hu\/en\/wp-json\/wp\/v2\/comments?post=4388"}],"version-history":[{"count":0,"href":"https:\/\/metalprints.hu\/en\/wp-json\/wp\/v2\/product\/4388\/revisions"}],"wp:featuredmedia":[{"embeddable":true,"href":"https:\/\/metalprints.hu\/en\/wp-json\/wp\/v2\/media\/4370"}],"wp:attachment":[{"href":"https:\/\/metalprints.hu\/en\/wp-json\/wp\/v2\/media?parent=4388"}],"wp:term":[{"taxonomy":"product_brand","embeddable":true,"href":"https:\/\/metalprints.hu\/en\/wp-json\/wp\/v2\/product_brand?post=4388"},{"taxonomy":"product_cat","embeddable":true,"href":"https:\/\/metalprints.hu\/en\/wp-json\/wp\/v2\/product_cat?post=4388"},{"taxonomy":"product_tag","embeddable":true,"href":"https:\/\/metalprints.hu\/en\/wp-json\/wp\/v2\/product_tag?post=4388"}],"curies":[{"name":"wp","href":"https:\/\/api.w.org\/{rel}","templated":true}]}}