{"id":4392,"date":"2024-07-31T00:51:43","date_gmt":"2024-07-30T22:51:43","guid":{"rendered":"https:\/\/metalprints.hu\/?post_type=product&#038;p=4392"},"modified":"2024-07-31T00:54:14","modified_gmt":"2024-07-30T22:54:14","slug":"kockak-es-gorbek-aluminium-kep","status":"publish","type":"product","link":"https:\/\/metalprints.hu\/en\/art-kollekcio\/picasso-inspiracio\/kockak-es-gorbek-aluminium-kep\/","title":{"rendered":"Cubes and Curves of Aluminium Image"},"content":{"rendered":"<p>The aluminium painting \"Cubes and Curves\" is a stunning piece that combines the distinctive style of Pablo Picasso with modern artistic elements. With its unique lines and vibrant colours, this piece of art is an instant eye-catcher and the perfect addition to any home or office. The aluminium material not only adds elegance but also durability, so it will retain its beauty over time. The picture measures 30\u00d745 cm, which is ideal for decorating walls. Make your home unique with this artistic and inspiring piece!<\/p>","protected":false},"excerpt":{"rendered":"<p>A &#8220;Kock\u00e1k \u00e9s G\u00f6rb\u00e9k&#8221; alum\u00ednium k\u00e9p egy leny\u0171g\u00f6z\u0151 darab, amely Pablo Picasso jellegzetes st\u00edlus\u00e1t \u00f6tv\u00f6zi a modern m\u0171v\u00e9szeti elemekkel. Ez a m\u0171alkot\u00e1s k\u00fcl\u00f6nleges vonalvezet\u00e9s\u00e9vel \u00e9s \u00e9l\u00e9nk sz\u00edneivel azonnal mag\u00e1ra vonja a figyelmet, t\u00f6k\u00e9letes kieg\u00e9sz\u00edt\u0151je b\u00e1rmely otthonnak vagy irod\u00e1nak. Az alum\u00ednium anyag nem csak eleganci\u00e1t k\u00f6lcs\u00f6n\u00f6z a k\u00e9pnek, hanem tart\u00f3ss\u00e1 is teszi, \u00edgy hossz\u00fa t\u00e1von meg\u0151rzi [&hellip;]<\/p>\n","protected":false},"featured_media":4373,"comment_status":"open","ping_status":"closed","template":"","meta":{"site-sidebar-layout":"default","site-content-layout":"","ast-site-content-layout":"default","site-content-style":"default","site-sidebar-style":"default","ast-global-header-display":"","ast-banner-title-visibility":"","ast-main-header-display":"","ast-hfb-above-header-display":"","ast-hfb-below-header-display":"","ast-hfb-mobile-header-display":"","site-post-title":"","ast-breadcrumbs-content":"","ast-featured-img":"","footer-sml-layout":"","ast-disable-related-posts":"","theme-transparent-header-meta":"default","adv-header-id-meta":"","stick-header-meta":"","header-above-stick-meta":"","header-main-stick-meta":"","header-below-stick-meta":"","astra-migrate-meta-layouts":"set","ast-page-background-enabled":"default","ast-page-background-meta":{"desktop":{"background-color":"var(--ast-global-color-4)","background-image":"","background-repeat":"repeat","background-position":"center center","background-size":"auto","background-attachment":"scroll","background-type":"","background-media":"","overlay-type":"","overlay-color":"","overlay-opacity":"","overlay-gradient":""},"tablet":{"background-color":"","background-image":"","background-repeat":"repeat","background-position":"center center","background-size":"auto","background-attachment":"scroll","background-type":"","background-media":"","overlay-type":"","overlay-color":"","overlay-opacity":"","overlay-gradient":""},"mobile":{"background-color":"","background-image":"","background-repeat":"repeat","background-position":"center center","background-size":"auto","background-attachment":"scroll","background-type":"","background-media":"","overlay-type":"","overlay-color":"","overlay-opacity":"","overlay-gradient":""}},"ast-content-background-meta":{"desktop":{"background-color":"var(--ast-global-color-5)","background-image":"","background-repeat":"repeat","background-position":"center center","background-size":"auto","background-attachment":"scroll","background-type":"","background-media":"","overlay-type":"","overlay-color":"","overlay-opacity":"","overlay-gradient":""},"tablet":{"background-color":"var(--ast-global-color-5)","background-image":"","background-repeat":"repeat","background-position":"center center","background-size":"auto","background-attachment":"scroll","background-type":"","background-media":"","overlay-type":"","overlay-color":"","overlay-opacity":"","overlay-gradient":""},"mobile":{"background-color":"var(--ast-global-color-5)","background-image":"","background-repeat":"repeat","background-position":"center center","background-size":"auto","background-attachment":"scroll","background-type":"","background-media":"","overlay-type":"","overlay-color":"","overlay-opacity":"","overlay-gradient":""}}},"product_brand":[],"product_cat":[70],"product_tag":[],"class_list":{"0":"post-4392","1":"product","2":"type-product","3":"status-publish","4":"has-post-thumbnail","6":"product_cat-picasso-inspiracio","7":"desktop-align-center","8":"tablet-align-left","9":"mobile-align-left","11":"first","12":"instock","13":"taxable","14":"shipping-taxable","15":"purchasable","16":"product-type-variable","17":"has-default-attributes","18":"add-to-wishlist-before_image","19":"wpzoom-wc-spi-has-enabled"},"_links":{"self":[{"href":"https:\/\/metalprints.hu\/en\/wp-json\/wp\/v2\/product\/4392","targetHints":{"allow":["GET"]}}],"collection":[{"href":"https:\/\/metalprints.hu\/en\/wp-json\/wp\/v2\/product"}],"about":[{"href":"https:\/\/metalprints.hu\/en\/wp-json\/wp\/v2\/types\/product"}],"replies":[{"embeddable":true,"href":"https:\/\/metalprints.hu\/en\/wp-json\/wp\/v2\/comments?post=4392"}],"version-history":[{"count":0,"href":"https:\/\/metalprints.hu\/en\/wp-json\/wp\/v2\/product\/4392\/revisions"}],"wp:featuredmedia":[{"embeddable":true,"href":"https:\/\/metalprints.hu\/en\/wp-json\/wp\/v2\/media\/4373"}],"wp:attachment":[{"href":"https:\/\/metalprints.hu\/en\/wp-json\/wp\/v2\/media?parent=4392"}],"wp:term":[{"taxonomy":"product_brand","embeddable":true,"href":"https:\/\/metalprints.hu\/en\/wp-json\/wp\/v2\/product_brand?post=4392"},{"taxonomy":"product_cat","embeddable":true,"href":"https:\/\/metalprints.hu\/en\/wp-json\/wp\/v2\/product_cat?post=4392"},{"taxonomy":"product_tag","embeddable":true,"href":"https:\/\/metalprints.hu\/en\/wp-json\/wp\/v2\/product_tag?post=4392"}],"curies":[{"name":"wp","href":"https:\/\/api.w.org\/{rel}","templated":true}]}}