{"id":4522,"date":"2024-07-31T16:27:08","date_gmt":"2024-07-31T14:27:08","guid":{"rendered":"https:\/\/metalprints.hu\/?post_type=product&#038;p=4522"},"modified":"2024-08-02T12:33:47","modified_gmt":"2024-08-02T10:33:47","slug":"bitcoin-digitalis-vilag-aluminium-kep","status":"publish","type":"product","link":"https:\/\/metalprints.hu\/en\/art-kollekcio\/inspiralo-ikonok\/bitcoin-digitalis-vilag-aluminium-kep\/","title":{"rendered":"Bitcoin Digital World Aluminum Image"},"content":{"rendered":"<p>The \"Bitcoin Digital World\" aluminium picture is the perfect choice for those looking for inspiration in the world of modern technology and cryptocurrencies. The centrepiece of the image is the brilliant Bitcoin symbol, which shines against an intricate and detailed digital background. The aluminium material gives the image a sleek look and durability that will adorn any modern interior, whether it's an office, study or living room. This picture is not only a decoration, but also a reminder of the innovations and possibilities of the digital age. Its size is 30x45cm.<\/p>","protected":false},"excerpt":{"rendered":"<p>A &#8220;Bitcoin Digit\u00e1lis Vil\u00e1g&#8221; alum\u00ednium k\u00e9p t\u00f6k\u00e9letes v\u00e1laszt\u00e1s azok sz\u00e1m\u00e1ra, akik a modern technol\u00f3gia \u00e9s a kriptovalut\u00e1k vil\u00e1g\u00e1ban keresnek inspir\u00e1ci\u00f3t. A k\u00e9p k\u00f6zponti eleme a ragyog\u00f3 Bitcoin szimb\u00f3lum, mely egy bonyolult \u00e9s r\u00e9szletes digit\u00e1lis h\u00e1tt\u00e9r el\u0151tt t\u00fcnd\u00f6k\u00f6l. Az alum\u00ednium anyag eleg\u00e1ns megjelen\u00e9st \u00e9s tart\u00f3ss\u00e1got k\u00f6lcs\u00f6n\u00f6z a k\u00e9pnek, \u00edgy hossz\u00fa t\u00e1von d\u00edsz\u00edtheti b\u00e1rmely modern enteri\u0151rt, legyen [&hellip;]<\/p>\n","protected":false},"featured_media":4525,"comment_status":"open","ping_status":"closed","template":"","meta":{"site-sidebar-layout":"default","site-content-layout":"","ast-site-content-layout":"default","site-content-style":"default","site-sidebar-style":"default","ast-global-header-display":"","ast-banner-title-visibility":"","ast-main-header-display":"","ast-hfb-above-header-display":"","ast-hfb-below-header-display":"","ast-hfb-mobile-header-display":"","site-post-title":"","ast-breadcrumbs-content":"","ast-featured-img":"","footer-sml-layout":"","ast-disable-related-posts":"","theme-transparent-header-meta":"default","adv-header-id-meta":"","stick-header-meta":"","header-above-stick-meta":"","header-main-stick-meta":"","header-below-stick-meta":"","astra-migrate-meta-layouts":"set","ast-page-background-enabled":"default","ast-page-background-meta":{"desktop":{"background-color":"var(--ast-global-color-4)","background-image":"","background-repeat":"repeat","background-position":"center center","background-size":"auto","background-attachment":"scroll","background-type":"","background-media":"","overlay-type":"","overlay-color":"","overlay-opacity":"","overlay-gradient":""},"tablet":{"background-color":"","background-image":"","background-repeat":"repeat","background-position":"center center","background-size":"auto","background-attachment":"scroll","background-type":"","background-media":"","overlay-type":"","overlay-color":"","overlay-opacity":"","overlay-gradient":""},"mobile":{"background-color":"","background-image":"","background-repeat":"repeat","background-position":"center center","background-size":"auto","background-attachment":"scroll","background-type":"","background-media":"","overlay-type":"","overlay-color":"","overlay-opacity":"","overlay-gradient":""}},"ast-content-background-meta":{"desktop":{"background-color":"var(--ast-global-color-5)","background-image":"","background-repeat":"repeat","background-position":"center center","background-size":"auto","background-attachment":"scroll","background-type":"","background-media":"","overlay-type":"","overlay-color":"","overlay-opacity":"","overlay-gradient":""},"tablet":{"background-color":"var(--ast-global-color-5)","background-image":"","background-repeat":"repeat","background-position":"center center","background-size":"auto","background-attachment":"scroll","background-type":"","background-media":"","overlay-type":"","overlay-color":"","overlay-opacity":"","overlay-gradient":""},"mobile":{"background-color":"var(--ast-global-color-5)","background-image":"","background-repeat":"repeat","background-position":"center center","background-size":"auto","background-attachment":"scroll","background-type":"","background-media":"","overlay-type":"","overlay-color":"","overlay-opacity":"","overlay-gradient":""}}},"product_brand":[],"product_cat":[71],"product_tag":[75],"class_list":{"0":"post-4522","1":"product","2":"type-product","3":"status-publish","4":"has-post-thumbnail","6":"product_cat-inspiralo-ikonok","7":"product_tag-kiemeltalkotasok","8":"desktop-align-center","9":"tablet-align-left","10":"mobile-align-left","12":"first","13":"instock","14":"taxable","15":"shipping-taxable","16":"purchasable","17":"product-type-variable","18":"has-default-attributes","19":"add-to-wishlist-before_image","20":"wpzoom-wc-spi-has-enabled"},"_links":{"self":[{"href":"https:\/\/metalprints.hu\/en\/wp-json\/wp\/v2\/product\/4522","targetHints":{"allow":["GET"]}}],"collection":[{"href":"https:\/\/metalprints.hu\/en\/wp-json\/wp\/v2\/product"}],"about":[{"href":"https:\/\/metalprints.hu\/en\/wp-json\/wp\/v2\/types\/product"}],"replies":[{"embeddable":true,"href":"https:\/\/metalprints.hu\/en\/wp-json\/wp\/v2\/comments?post=4522"}],"version-history":[{"count":0,"href":"https:\/\/metalprints.hu\/en\/wp-json\/wp\/v2\/product\/4522\/revisions"}],"wp:featuredmedia":[{"embeddable":true,"href":"https:\/\/metalprints.hu\/en\/wp-json\/wp\/v2\/media\/4525"}],"wp:attachment":[{"href":"https:\/\/metalprints.hu\/en\/wp-json\/wp\/v2\/media?parent=4522"}],"wp:term":[{"taxonomy":"product_brand","embeddable":true,"href":"https:\/\/metalprints.hu\/en\/wp-json\/wp\/v2\/product_brand?post=4522"},{"taxonomy":"product_cat","embeddable":true,"href":"https:\/\/metalprints.hu\/en\/wp-json\/wp\/v2\/product_cat?post=4522"},{"taxonomy":"product_tag","embeddable":true,"href":"https:\/\/metalprints.hu\/en\/wp-json\/wp\/v2\/product_tag?post=4522"}],"curies":[{"name":"wp","href":"https:\/\/api.w.org\/{rel}","templated":true}]}}