{"id":4646,"date":"2024-07-31T18:23:17","date_gmt":"2024-07-31T16:23:17","guid":{"rendered":"https:\/\/metalprints.hu\/?post_type=product&#038;p=4646"},"modified":"2024-07-31T18:57:44","modified_gmt":"2024-07-31T16:57:44","slug":"isztambul-latkepe-aluminium-kep","status":"publish","type":"product","link":"https:\/\/metalprints.hu\/en\/art-kollekcio\/ikonikus-varosok\/isztambul-latkepe-aluminium-kep\/","title":{"rendered":"View of Istanbul Aluminium Picture"},"content":{"rendered":"<p>Explore the stunning views of Istanbul with this premium quality aluminium picture! The artwork depicts the city's famous buildings and fabulous panoramas, including historic mosques and the sparkling waters of the Bosphorus. This picture is the perfect choice for those who love the beauty of cities around the world and want to capture the magic of Istanbul in their home or office. The aluminium material provides durability and an elegant look that makes this picture an outstanding decoration in any room. Size 30x45cm.<\/p>\n<p>&nbsp;<\/p>","protected":false},"excerpt":{"rendered":"<p>Fedezd fel Isztambul leny\u0171g\u00f6z\u0151 l\u00e1tk\u00e9p\u00e9t ezzel a pr\u00e9mium min\u0151s\u00e9g\u0171 alum\u00ednium k\u00e9ppel! Az alkot\u00e1s a v\u00e1ros h\u00edres \u00e9p\u00fcleteit \u00e9s mes\u00e9s panor\u00e1m\u00e1j\u00e1t \u00e1br\u00e1zolja, bele\u00e9rtve a t\u00f6rt\u00e9nelmi mecseteket \u00e9s a Boszporusz csillog\u00f3 viz\u00e9t. Ez a k\u00e9p t\u00f6k\u00e9letes v\u00e1laszt\u00e1s azoknak, akik szeretik a vil\u00e1g v\u00e1rosainak sz\u00e9ps\u00e9g\u00e9t, \u00e9s szeretn\u00e9k otthonukban vagy irod\u00e1jukban meg\u00f6r\u00f6k\u00edteni Isztambul var\u00e1zs\u00e1t. Az alum\u00ednium anyag tart\u00f3ss\u00e1got \u00e9s [&hellip;]<\/p>\n","protected":false},"featured_media":4653,"comment_status":"open","ping_status":"closed","template":"","meta":{"site-sidebar-layout":"default","site-content-layout":"","ast-site-content-layout":"default","site-content-style":"default","site-sidebar-style":"default","ast-global-header-display":"","ast-banner-title-visibility":"","ast-main-header-display":"","ast-hfb-above-header-display":"","ast-hfb-below-header-display":"","ast-hfb-mobile-header-display":"","site-post-title":"","ast-breadcrumbs-content":"","ast-featured-img":"","footer-sml-layout":"","ast-disable-related-posts":"","theme-transparent-header-meta":"default","adv-header-id-meta":"","stick-header-meta":"","header-above-stick-meta":"","header-main-stick-meta":"","header-below-stick-meta":"","astra-migrate-meta-layouts":"set","ast-page-background-enabled":"default","ast-page-background-meta":{"desktop":{"background-color":"var(--ast-global-color-4)","background-image":"","background-repeat":"repeat","background-position":"center center","background-size":"auto","background-attachment":"scroll","background-type":"","background-media":"","overlay-type":"","overlay-color":"","overlay-opacity":"","overlay-gradient":""},"tablet":{"background-color":"","background-image":"","background-repeat":"repeat","background-position":"center center","background-size":"auto","background-attachment":"scroll","background-type":"","background-media":"","overlay-type":"","overlay-color":"","overlay-opacity":"","overlay-gradient":""},"mobile":{"background-color":"","background-image":"","background-repeat":"repeat","background-position":"center center","background-size":"auto","background-attachment":"scroll","background-type":"","background-media":"","overlay-type":"","overlay-color":"","overlay-opacity":"","overlay-gradient":""}},"ast-content-background-meta":{"desktop":{"background-color":"var(--ast-global-color-5)","background-image":"","background-repeat":"repeat","background-position":"center center","background-size":"auto","background-attachment":"scroll","background-type":"","background-media":"","overlay-type":"","overlay-color":"","overlay-opacity":"","overlay-gradient":""},"tablet":{"background-color":"var(--ast-global-color-5)","background-image":"","background-repeat":"repeat","background-position":"center center","background-size":"auto","background-attachment":"scroll","background-type":"","background-media":"","overlay-type":"","overlay-color":"","overlay-opacity":"","overlay-gradient":""},"mobile":{"background-color":"var(--ast-global-color-5)","background-image":"","background-repeat":"repeat","background-position":"center center","background-size":"auto","background-attachment":"scroll","background-type":"","background-media":"","overlay-type":"","overlay-color":"","overlay-opacity":"","overlay-gradient":""}}},"product_brand":[],"product_cat":[72],"product_tag":[],"class_list":{"0":"post-4646","1":"product","2":"type-product","3":"status-publish","4":"has-post-thumbnail","6":"product_cat-ikonikus-varosok","7":"desktop-align-center","8":"tablet-align-left","9":"mobile-align-left","11":"first","12":"instock","13":"taxable","14":"shipping-taxable","15":"purchasable","16":"product-type-variable","17":"has-default-attributes","18":"add-to-wishlist-before_image","19":"wpzoom-wc-spi-has-enabled"},"_links":{"self":[{"href":"https:\/\/metalprints.hu\/en\/wp-json\/wp\/v2\/product\/4646","targetHints":{"allow":["GET"]}}],"collection":[{"href":"https:\/\/metalprints.hu\/en\/wp-json\/wp\/v2\/product"}],"about":[{"href":"https:\/\/metalprints.hu\/en\/wp-json\/wp\/v2\/types\/product"}],"replies":[{"embeddable":true,"href":"https:\/\/metalprints.hu\/en\/wp-json\/wp\/v2\/comments?post=4646"}],"version-history":[{"count":0,"href":"https:\/\/metalprints.hu\/en\/wp-json\/wp\/v2\/product\/4646\/revisions"}],"wp:featuredmedia":[{"embeddable":true,"href":"https:\/\/metalprints.hu\/en\/wp-json\/wp\/v2\/media\/4653"}],"wp:attachment":[{"href":"https:\/\/metalprints.hu\/en\/wp-json\/wp\/v2\/media?parent=4646"}],"wp:term":[{"taxonomy":"product_brand","embeddable":true,"href":"https:\/\/metalprints.hu\/en\/wp-json\/wp\/v2\/product_brand?post=4646"},{"taxonomy":"product_cat","embeddable":true,"href":"https:\/\/metalprints.hu\/en\/wp-json\/wp\/v2\/product_cat?post=4646"},{"taxonomy":"product_tag","embeddable":true,"href":"https:\/\/metalprints.hu\/en\/wp-json\/wp\/v2\/product_tag?post=4646"}],"curies":[{"name":"wp","href":"https:\/\/api.w.org\/{rel}","templated":true}]}}