{"id":4759,"date":"2024-07-31T19:17:33","date_gmt":"2024-07-31T17:17:33","guid":{"rendered":"https:\/\/metalprints.hu\/?post_type=product&#038;p=4759"},"modified":"2024-07-31T19:19:44","modified_gmt":"2024-07-31T17:19:44","slug":"sevilla-plaza-de-espana-aluminium-kep","status":"publish","type":"product","link":"https:\/\/metalprints.hu\/en\/art-kollekcio\/ikonikus-varosok\/sevilla-plaza-de-espana-aluminium-kep\/","title":{"rendered":"Sevilla Plaza de Espa\u00f1a Aluminium Image"},"content":{"rendered":"<p>Discover the stunning beauty of Seville with this high quality aluminium picture of the imposing skyline of the famous Plaza de Espa\u00f1a. This artwork perfectly captures the magical atmosphere and architectural wonders of the Andalusian city. The aluminium material provides durability and a modern look that will make this picture a stylish decoration for any room. An ideal choice for anyone who wants to recreate the iconic landmarks of Seville and its Mediterranean atmosphere in their home. Size 30\u00d745 cm.<\/p>","protected":false},"excerpt":{"rendered":"<p>Fedezd fel Sevilla leny\u0171g\u00f6z\u0151 sz\u00e9ps\u00e9g\u00e9t ezzel a kiv\u00e1l\u00f3 min\u0151s\u00e9g\u0171 alum\u00ednium k\u00e9ppel, amely a h\u00edres Plaza de Espa\u00f1a impoz\u00e1ns l\u00e1tk\u00e9p\u00e9t \u00e1br\u00e1zolja. Ez a m\u0171alkot\u00e1s t\u00f6k\u00e9letesen megragadja az andal\u00faziai v\u00e1ros var\u00e1zslatos hangulat\u00e1t \u00e9s \u00e9p\u00edt\u00e9szeti csod\u00e1it. Az alum\u00ednium anyag tart\u00f3ss\u00e1got \u00e9s modern megjelen\u00e9st biztos\u00edt, amely b\u00e1rmely helyis\u00e9g st\u00edlusos d\u00edsz\u00e9v\u00e9 teszi ezt a k\u00e9pet. Ide\u00e1lis v\u00e1laszt\u00e1s mindazok sz\u00e1m\u00e1ra, akik [&hellip;]<\/p>\n","protected":false},"featured_media":4690,"comment_status":"open","ping_status":"closed","template":"","meta":{"site-sidebar-layout":"default","site-content-layout":"","ast-site-content-layout":"default","site-content-style":"default","site-sidebar-style":"default","ast-global-header-display":"","ast-banner-title-visibility":"","ast-main-header-display":"","ast-hfb-above-header-display":"","ast-hfb-below-header-display":"","ast-hfb-mobile-header-display":"","site-post-title":"","ast-breadcrumbs-content":"","ast-featured-img":"","footer-sml-layout":"","ast-disable-related-posts":"","theme-transparent-header-meta":"default","adv-header-id-meta":"","stick-header-meta":"","header-above-stick-meta":"","header-main-stick-meta":"","header-below-stick-meta":"","astra-migrate-meta-layouts":"set","ast-page-background-enabled":"default","ast-page-background-meta":{"desktop":{"background-color":"var(--ast-global-color-4)","background-image":"","background-repeat":"repeat","background-position":"center center","background-size":"auto","background-attachment":"scroll","background-type":"","background-media":"","overlay-type":"","overlay-color":"","overlay-opacity":"","overlay-gradient":""},"tablet":{"background-color":"","background-image":"","background-repeat":"repeat","background-position":"center center","background-size":"auto","background-attachment":"scroll","background-type":"","background-media":"","overlay-type":"","overlay-color":"","overlay-opacity":"","overlay-gradient":""},"mobile":{"background-color":"","background-image":"","background-repeat":"repeat","background-position":"center center","background-size":"auto","background-attachment":"scroll","background-type":"","background-media":"","overlay-type":"","overlay-color":"","overlay-opacity":"","overlay-gradient":""}},"ast-content-background-meta":{"desktop":{"background-color":"var(--ast-global-color-5)","background-image":"","background-repeat":"repeat","background-position":"center center","background-size":"auto","background-attachment":"scroll","background-type":"","background-media":"","overlay-type":"","overlay-color":"","overlay-opacity":"","overlay-gradient":""},"tablet":{"background-color":"var(--ast-global-color-5)","background-image":"","background-repeat":"repeat","background-position":"center center","background-size":"auto","background-attachment":"scroll","background-type":"","background-media":"","overlay-type":"","overlay-color":"","overlay-opacity":"","overlay-gradient":""},"mobile":{"background-color":"var(--ast-global-color-5)","background-image":"","background-repeat":"repeat","background-position":"center center","background-size":"auto","background-attachment":"scroll","background-type":"","background-media":"","overlay-type":"","overlay-color":"","overlay-opacity":"","overlay-gradient":""}}},"product_brand":[],"product_cat":[72],"product_tag":[],"class_list":{"0":"post-4759","1":"product","2":"type-product","3":"status-publish","4":"has-post-thumbnail","6":"product_cat-ikonikus-varosok","7":"desktop-align-center","8":"tablet-align-left","9":"mobile-align-left","11":"first","12":"instock","13":"taxable","14":"shipping-taxable","15":"purchasable","16":"product-type-variable","17":"has-default-attributes","18":"add-to-wishlist-before_image","19":"wpzoom-wc-spi-has-enabled"},"_links":{"self":[{"href":"https:\/\/metalprints.hu\/en\/wp-json\/wp\/v2\/product\/4759","targetHints":{"allow":["GET"]}}],"collection":[{"href":"https:\/\/metalprints.hu\/en\/wp-json\/wp\/v2\/product"}],"about":[{"href":"https:\/\/metalprints.hu\/en\/wp-json\/wp\/v2\/types\/product"}],"replies":[{"embeddable":true,"href":"https:\/\/metalprints.hu\/en\/wp-json\/wp\/v2\/comments?post=4759"}],"version-history":[{"count":0,"href":"https:\/\/metalprints.hu\/en\/wp-json\/wp\/v2\/product\/4759\/revisions"}],"wp:featuredmedia":[{"embeddable":true,"href":"https:\/\/metalprints.hu\/en\/wp-json\/wp\/v2\/media\/4690"}],"wp:attachment":[{"href":"https:\/\/metalprints.hu\/en\/wp-json\/wp\/v2\/media?parent=4759"}],"wp:term":[{"taxonomy":"product_brand","embeddable":true,"href":"https:\/\/metalprints.hu\/en\/wp-json\/wp\/v2\/product_brand?post=4759"},{"taxonomy":"product_cat","embeddable":true,"href":"https:\/\/metalprints.hu\/en\/wp-json\/wp\/v2\/product_cat?post=4759"},{"taxonomy":"product_tag","embeddable":true,"href":"https:\/\/metalprints.hu\/en\/wp-json\/wp\/v2\/product_tag?post=4759"}],"curies":[{"name":"wp","href":"https:\/\/api.w.org\/{rel}","templated":true}]}}