{"id":4771,"date":"2024-07-31T19:53:45","date_gmt":"2024-07-31T17:53:45","guid":{"rendered":"https:\/\/metalprints.hu\/?post_type=product&#038;p=4771"},"modified":"2024-08-02T12:17:25","modified_gmt":"2024-08-02T10:17:25","slug":"barcelona-sagrada-familia-aluminium-kep","status":"publish","type":"product","link":"https:\/\/metalprints.hu\/en\/art-kollekcio\/ikonikus-varosok\/barcelona-sagrada-familia-aluminium-kep\/","title":{"rendered":"Barcelona Sagrada Fam\u00edlia Aluminium Picture"},"content":{"rendered":"<p>Discover the magic of Barcelona with this stunning aluminium painting of Antoni Gaud\u00ed's masterpiece, the Sagrada Fam\u00edlia Basilica. With its vibrant colours and rich detail, the image perfectly captures the iconic architectural wonder that rises from the heart of the city. The aluminium material not only provides a modern look, but also durability, so it can adorn the walls of your home or office for many years to come. Bring the vibrant culture and architectural beauty of Barcelona directly to your wall with this unique work of art! Size 30\u00d745 cm.<\/p>","protected":false},"excerpt":{"rendered":"<p>Fedezd fel Barcelona var\u00e1zs\u00e1t ezzel a leny\u0171g\u00f6z\u0151 alum\u00ednium k\u00e9ppel, amely Antoni Gaud\u00ed mesterm\u0171v\u00e9t, a Sagrada Fam\u00edlia bazilik\u00e1t \u00e1br\u00e1zolja. A k\u00e9p \u00e9l\u00e9nk sz\u00edneivel \u00e9s r\u00e9szletgazdags\u00e1g\u00e1val t\u00f6k\u00e9letesen megragadja a v\u00e1ros ikonikus \u00e9p\u00edt\u00e9szeti csod\u00e1j\u00e1t, amely a v\u00e1ros sz\u00edv\u00e9ben emelkedik ki. Az alum\u00ednium anyag nemcsak modern megjelen\u00e9st biztos\u00edt, hanem tart\u00f3ss\u00e1got is, \u00edgy hossz\u00fa \u00e9veken \u00e1t d\u00edsz\u00edtheti otthonod vagy irod\u00e1d [&hellip;]<\/p>\n","protected":false},"featured_media":4705,"comment_status":"open","ping_status":"closed","template":"","meta":{"site-sidebar-layout":"default","site-content-layout":"","ast-site-content-layout":"default","site-content-style":"default","site-sidebar-style":"default","ast-global-header-display":"","ast-banner-title-visibility":"","ast-main-header-display":"","ast-hfb-above-header-display":"","ast-hfb-below-header-display":"","ast-hfb-mobile-header-display":"","site-post-title":"","ast-breadcrumbs-content":"","ast-featured-img":"","footer-sml-layout":"","ast-disable-related-posts":"","theme-transparent-header-meta":"default","adv-header-id-meta":"","stick-header-meta":"","header-above-stick-meta":"","header-main-stick-meta":"","header-below-stick-meta":"","astra-migrate-meta-layouts":"set","ast-page-background-enabled":"default","ast-page-background-meta":{"desktop":{"background-color":"var(--ast-global-color-4)","background-image":"","background-repeat":"repeat","background-position":"center center","background-size":"auto","background-attachment":"scroll","background-type":"","background-media":"","overlay-type":"","overlay-color":"","overlay-opacity":"","overlay-gradient":""},"tablet":{"background-color":"","background-image":"","background-repeat":"repeat","background-position":"center center","background-size":"auto","background-attachment":"scroll","background-type":"","background-media":"","overlay-type":"","overlay-color":"","overlay-opacity":"","overlay-gradient":""},"mobile":{"background-color":"","background-image":"","background-repeat":"repeat","background-position":"center center","background-size":"auto","background-attachment":"scroll","background-type":"","background-media":"","overlay-type":"","overlay-color":"","overlay-opacity":"","overlay-gradient":""}},"ast-content-background-meta":{"desktop":{"background-color":"var(--ast-global-color-5)","background-image":"","background-repeat":"repeat","background-position":"center center","background-size":"auto","background-attachment":"scroll","background-type":"","background-media":"","overlay-type":"","overlay-color":"","overlay-opacity":"","overlay-gradient":""},"tablet":{"background-color":"var(--ast-global-color-5)","background-image":"","background-repeat":"repeat","background-position":"center center","background-size":"auto","background-attachment":"scroll","background-type":"","background-media":"","overlay-type":"","overlay-color":"","overlay-opacity":"","overlay-gradient":""},"mobile":{"background-color":"var(--ast-global-color-5)","background-image":"","background-repeat":"repeat","background-position":"center center","background-size":"auto","background-attachment":"scroll","background-type":"","background-media":"","overlay-type":"","overlay-color":"","overlay-opacity":"","overlay-gradient":""}}},"product_brand":[],"product_cat":[72],"product_tag":[75],"class_list":{"0":"post-4771","1":"product","2":"type-product","3":"status-publish","4":"has-post-thumbnail","6":"product_cat-ikonikus-varosok","7":"product_tag-kiemeltalkotasok","8":"desktop-align-center","9":"tablet-align-left","10":"mobile-align-left","12":"first","13":"instock","14":"taxable","15":"shipping-taxable","16":"purchasable","17":"product-type-variable","18":"has-default-attributes","19":"add-to-wishlist-before_image","20":"wpzoom-wc-spi-has-enabled"},"_links":{"self":[{"href":"https:\/\/metalprints.hu\/en\/wp-json\/wp\/v2\/product\/4771","targetHints":{"allow":["GET"]}}],"collection":[{"href":"https:\/\/metalprints.hu\/en\/wp-json\/wp\/v2\/product"}],"about":[{"href":"https:\/\/metalprints.hu\/en\/wp-json\/wp\/v2\/types\/product"}],"replies":[{"embeddable":true,"href":"https:\/\/metalprints.hu\/en\/wp-json\/wp\/v2\/comments?post=4771"}],"version-history":[{"count":0,"href":"https:\/\/metalprints.hu\/en\/wp-json\/wp\/v2\/product\/4771\/revisions"}],"wp:featuredmedia":[{"embeddable":true,"href":"https:\/\/metalprints.hu\/en\/wp-json\/wp\/v2\/media\/4705"}],"wp:attachment":[{"href":"https:\/\/metalprints.hu\/en\/wp-json\/wp\/v2\/media?parent=4771"}],"wp:term":[{"taxonomy":"product_brand","embeddable":true,"href":"https:\/\/metalprints.hu\/en\/wp-json\/wp\/v2\/product_brand?post=4771"},{"taxonomy":"product_cat","embeddable":true,"href":"https:\/\/metalprints.hu\/en\/wp-json\/wp\/v2\/product_cat?post=4771"},{"taxonomy":"product_tag","embeddable":true,"href":"https:\/\/metalprints.hu\/en\/wp-json\/wp\/v2\/product_tag?post=4771"}],"curies":[{"name":"wp","href":"https:\/\/api.w.org\/{rel}","templated":true}]}}