{"id":4972,"date":"2024-07-31T21:47:09","date_gmt":"2024-07-31T19:47:09","guid":{"rendered":"https:\/\/metalprints.hu\/?post_type=product&#038;p=4972"},"modified":"2024-07-31T21:49:38","modified_gmt":"2024-07-31T19:49:38","slug":"lelek-tanca-aluminium-kep","status":"publish","type":"product","link":"https:\/\/metalprints.hu\/en\/art-kollekcio\/boho-muveszet\/lelek-tanca-aluminium-kep\/","title":{"rendered":"Soul Dance Aluminium Picture"},"content":{"rendered":"<p>The Dance of the Soul aluminium picture can be a unique and modern addition to your home. The abstract line drawing and harmonious colour combination conveys deep emotions and thoughts. This artwork is perfect for the living room, bedroom or even the office. The aluminium base ensures durability and longevity, while giving it a modern and clean look. Bring a piece of the world of art into your home with the Dance of the Soul picture and let it inspire and soothe your everyday life. Size 30\u00d745 cm.<\/p>","protected":false},"excerpt":{"rendered":"<p>A L\u00e9lek T\u00e1nca alum\u00ednium k\u00e9p egyedi \u00e9s modern kieg\u00e9sz\u00edt\u0151je lehet otthon\u00e1nak. Az absztrakt vonalrajz \u00e9s a harmonikus sz\u00ednkombin\u00e1ci\u00f3 m\u00e9ly \u00e9rzelmeket \u00e9s gondolatokat k\u00f6zvet\u00edt. Ez a m\u0171alkot\u00e1s t\u00f6k\u00e9letesen illik a nappaliba, h\u00e1l\u00f3szob\u00e1ba vagy ak\u00e1r az irod\u00e1ba is. Az alum\u00ednium alap biztos\u00edtja a tart\u00f3ss\u00e1got \u00e9s a hossz\u00fa \u00e9lettartamot, mik\u00f6zben modern \u00e9s letisztult megjelen\u00e9st k\u00f6lcs\u00f6n\u00f6z a k\u00e9pnek. Hozzon [&hellip;]<\/p>\n","protected":false},"featured_media":4895,"comment_status":"open","ping_status":"closed","template":"","meta":{"site-sidebar-layout":"default","site-content-layout":"","ast-site-content-layout":"default","site-content-style":"default","site-sidebar-style":"default","ast-global-header-display":"","ast-banner-title-visibility":"","ast-main-header-display":"","ast-hfb-above-header-display":"","ast-hfb-below-header-display":"","ast-hfb-mobile-header-display":"","site-post-title":"","ast-breadcrumbs-content":"","ast-featured-img":"","footer-sml-layout":"","ast-disable-related-posts":"","theme-transparent-header-meta":"default","adv-header-id-meta":"","stick-header-meta":"","header-above-stick-meta":"","header-main-stick-meta":"","header-below-stick-meta":"","astra-migrate-meta-layouts":"set","ast-page-background-enabled":"default","ast-page-background-meta":{"desktop":{"background-color":"var(--ast-global-color-4)","background-image":"","background-repeat":"repeat","background-position":"center center","background-size":"auto","background-attachment":"scroll","background-type":"","background-media":"","overlay-type":"","overlay-color":"","overlay-opacity":"","overlay-gradient":""},"tablet":{"background-color":"","background-image":"","background-repeat":"repeat","background-position":"center center","background-size":"auto","background-attachment":"scroll","background-type":"","background-media":"","overlay-type":"","overlay-color":"","overlay-opacity":"","overlay-gradient":""},"mobile":{"background-color":"","background-image":"","background-repeat":"repeat","background-position":"center center","background-size":"auto","background-attachment":"scroll","background-type":"","background-media":"","overlay-type":"","overlay-color":"","overlay-opacity":"","overlay-gradient":""}},"ast-content-background-meta":{"desktop":{"background-color":"var(--ast-global-color-5)","background-image":"","background-repeat":"repeat","background-position":"center center","background-size":"auto","background-attachment":"scroll","background-type":"","background-media":"","overlay-type":"","overlay-color":"","overlay-opacity":"","overlay-gradient":""},"tablet":{"background-color":"var(--ast-global-color-5)","background-image":"","background-repeat":"repeat","background-position":"center center","background-size":"auto","background-attachment":"scroll","background-type":"","background-media":"","overlay-type":"","overlay-color":"","overlay-opacity":"","overlay-gradient":""},"mobile":{"background-color":"var(--ast-global-color-5)","background-image":"","background-repeat":"repeat","background-position":"center center","background-size":"auto","background-attachment":"scroll","background-type":"","background-media":"","overlay-type":"","overlay-color":"","overlay-opacity":"","overlay-gradient":""}}},"product_brand":[],"product_cat":[73],"product_tag":[],"class_list":{"0":"post-4972","1":"product","2":"type-product","3":"status-publish","4":"has-post-thumbnail","6":"product_cat-boho-muveszet","7":"desktop-align-center","8":"tablet-align-left","9":"mobile-align-left","11":"first","12":"instock","13":"taxable","14":"shipping-taxable","15":"purchasable","16":"product-type-variable","17":"has-default-attributes","18":"add-to-wishlist-before_image","19":"wpzoom-wc-spi-has-enabled"},"_links":{"self":[{"href":"https:\/\/metalprints.hu\/en\/wp-json\/wp\/v2\/product\/4972","targetHints":{"allow":["GET"]}}],"collection":[{"href":"https:\/\/metalprints.hu\/en\/wp-json\/wp\/v2\/product"}],"about":[{"href":"https:\/\/metalprints.hu\/en\/wp-json\/wp\/v2\/types\/product"}],"replies":[{"embeddable":true,"href":"https:\/\/metalprints.hu\/en\/wp-json\/wp\/v2\/comments?post=4972"}],"version-history":[{"count":0,"href":"https:\/\/metalprints.hu\/en\/wp-json\/wp\/v2\/product\/4972\/revisions"}],"wp:featuredmedia":[{"embeddable":true,"href":"https:\/\/metalprints.hu\/en\/wp-json\/wp\/v2\/media\/4895"}],"wp:attachment":[{"href":"https:\/\/metalprints.hu\/en\/wp-json\/wp\/v2\/media?parent=4972"}],"wp:term":[{"taxonomy":"product_brand","embeddable":true,"href":"https:\/\/metalprints.hu\/en\/wp-json\/wp\/v2\/product_brand?post=4972"},{"taxonomy":"product_cat","embeddable":true,"href":"https:\/\/metalprints.hu\/en\/wp-json\/wp\/v2\/product_cat?post=4972"},{"taxonomy":"product_tag","embeddable":true,"href":"https:\/\/metalprints.hu\/en\/wp-json\/wp\/v2\/product_tag?post=4972"}],"curies":[{"name":"wp","href":"https:\/\/api.w.org\/{rel}","templated":true}]}}