{"id":4976,"date":"2024-07-31T21:50:04","date_gmt":"2024-07-31T19:50:04","guid":{"rendered":"https:\/\/metalprints.hu\/?post_type=product&#038;p=4976"},"modified":"2024-07-31T21:52:23","modified_gmt":"2024-07-31T19:52:23","slug":"bohem-szinek-aluminium-kep","status":"publish","type":"product","link":"https:\/\/metalprints.hu\/en\/art-kollekcio\/boho-muveszet\/bohem-szinek-aluminium-kep\/","title":{"rendered":"Bohemian Colours Aluminium Picture"},"content":{"rendered":"<p>The Bohemian Colours aluminium picture brings a unique style to your home with its vibrant colours and clean lines. The harmonious combination of abstract curves and solar motifs exudes freshness and modern elegance. This piece of art is the ideal choice for those who want to bring the freedom and creativity of a bohemian lifestyle into their home. The aluminium base ensures the durability and timelessness of the image, while giving it a modern look. Bring a piece of the world of art into your home with the Bohemian Colours picture and make your living space stand out. Size 30\u00d745 cm.<\/p>","protected":false},"excerpt":{"rendered":"<p>A Boh\u00e9m Sz\u00ednek alum\u00ednium k\u00e9p vibr\u00e1l\u00f3 sz\u00edneivel \u00e9s letisztult vonalvezet\u00e9s\u00e9vel egyedi st\u00edlust hoz otthon\u00e1ba. Az absztrakt \u00edvek \u00e9s nap mot\u00edvumok harmonikus egy\u00fcttese frissess\u00e9get \u00e9s modern eleganci\u00e1t sug\u00e1roz. Ez a m\u0171alkot\u00e1s ide\u00e1lis v\u00e1laszt\u00e1s azok sz\u00e1m\u00e1ra, akik szeretn\u00e9k otthonukba csemp\u00e9szni a boh\u00e9m \u00e9let\u00e9rz\u00e9s szabads\u00e1g\u00e1t \u00e9s kreativit\u00e1s\u00e1t. Az alum\u00ednium alap biztos\u00edtja a k\u00e9p tart\u00f3ss\u00e1g\u00e1t \u00e9s id\u0151t\u00e1ll\u00f3s\u00e1g\u00e1t, mik\u00f6zben modern [&hellip;]<\/p>\n","protected":false},"featured_media":4901,"comment_status":"open","ping_status":"closed","template":"","meta":{"site-sidebar-layout":"default","site-content-layout":"","ast-site-content-layout":"default","site-content-style":"default","site-sidebar-style":"default","ast-global-header-display":"","ast-banner-title-visibility":"","ast-main-header-display":"","ast-hfb-above-header-display":"","ast-hfb-below-header-display":"","ast-hfb-mobile-header-display":"","site-post-title":"","ast-breadcrumbs-content":"","ast-featured-img":"","footer-sml-layout":"","ast-disable-related-posts":"","theme-transparent-header-meta":"default","adv-header-id-meta":"","stick-header-meta":"","header-above-stick-meta":"","header-main-stick-meta":"","header-below-stick-meta":"","astra-migrate-meta-layouts":"set","ast-page-background-enabled":"default","ast-page-background-meta":{"desktop":{"background-color":"var(--ast-global-color-4)","background-image":"","background-repeat":"repeat","background-position":"center center","background-size":"auto","background-attachment":"scroll","background-type":"","background-media":"","overlay-type":"","overlay-color":"","overlay-opacity":"","overlay-gradient":""},"tablet":{"background-color":"","background-image":"","background-repeat":"repeat","background-position":"center center","background-size":"auto","background-attachment":"scroll","background-type":"","background-media":"","overlay-type":"","overlay-color":"","overlay-opacity":"","overlay-gradient":""},"mobile":{"background-color":"","background-image":"","background-repeat":"repeat","background-position":"center center","background-size":"auto","background-attachment":"scroll","background-type":"","background-media":"","overlay-type":"","overlay-color":"","overlay-opacity":"","overlay-gradient":""}},"ast-content-background-meta":{"desktop":{"background-color":"var(--ast-global-color-5)","background-image":"","background-repeat":"repeat","background-position":"center center","background-size":"auto","background-attachment":"scroll","background-type":"","background-media":"","overlay-type":"","overlay-color":"","overlay-opacity":"","overlay-gradient":""},"tablet":{"background-color":"var(--ast-global-color-5)","background-image":"","background-repeat":"repeat","background-position":"center center","background-size":"auto","background-attachment":"scroll","background-type":"","background-media":"","overlay-type":"","overlay-color":"","overlay-opacity":"","overlay-gradient":""},"mobile":{"background-color":"var(--ast-global-color-5)","background-image":"","background-repeat":"repeat","background-position":"center center","background-size":"auto","background-attachment":"scroll","background-type":"","background-media":"","overlay-type":"","overlay-color":"","overlay-opacity":"","overlay-gradient":""}}},"product_brand":[],"product_cat":[73],"product_tag":[],"class_list":{"0":"post-4976","1":"product","2":"type-product","3":"status-publish","4":"has-post-thumbnail","6":"product_cat-boho-muveszet","7":"desktop-align-center","8":"tablet-align-left","9":"mobile-align-left","11":"first","12":"instock","13":"taxable","14":"shipping-taxable","15":"purchasable","16":"product-type-variable","17":"has-default-attributes","18":"add-to-wishlist-before_image","19":"wpzoom-wc-spi-has-enabled"},"_links":{"self":[{"href":"https:\/\/metalprints.hu\/en\/wp-json\/wp\/v2\/product\/4976","targetHints":{"allow":["GET"]}}],"collection":[{"href":"https:\/\/metalprints.hu\/en\/wp-json\/wp\/v2\/product"}],"about":[{"href":"https:\/\/metalprints.hu\/en\/wp-json\/wp\/v2\/types\/product"}],"replies":[{"embeddable":true,"href":"https:\/\/metalprints.hu\/en\/wp-json\/wp\/v2\/comments?post=4976"}],"version-history":[{"count":0,"href":"https:\/\/metalprints.hu\/en\/wp-json\/wp\/v2\/product\/4976\/revisions"}],"wp:featuredmedia":[{"embeddable":true,"href":"https:\/\/metalprints.hu\/en\/wp-json\/wp\/v2\/media\/4901"}],"wp:attachment":[{"href":"https:\/\/metalprints.hu\/en\/wp-json\/wp\/v2\/media?parent=4976"}],"wp:term":[{"taxonomy":"product_brand","embeddable":true,"href":"https:\/\/metalprints.hu\/en\/wp-json\/wp\/v2\/product_brand?post=4976"},{"taxonomy":"product_cat","embeddable":true,"href":"https:\/\/metalprints.hu\/en\/wp-json\/wp\/v2\/product_cat?post=4976"},{"taxonomy":"product_tag","embeddable":true,"href":"https:\/\/metalprints.hu\/en\/wp-json\/wp\/v2\/product_tag?post=4976"}],"curies":[{"name":"wp","href":"https:\/\/api.w.org\/{rel}","templated":true}]}}