{"id":4992,"date":"2024-07-31T22:00:51","date_gmt":"2024-07-31T20:00:51","guid":{"rendered":"https:\/\/metalprints.hu\/?post_type=product&#038;p=4992"},"modified":"2024-07-31T22:03:23","modified_gmt":"2024-07-31T20:03:23","slug":"vidam-valosag-aluminium-kep","status":"publish","type":"product","link":"https:\/\/metalprints.hu\/en\/art-kollekcio\/boho-muveszet\/vidam-valosag-aluminium-kep\/","title":{"rendered":"Happy Reality Aluminium Picture"},"content":{"rendered":"<p>The Cheerful Reality aluminium picture is a modern, minimalist artwork that enchants with different geometric shapes and bright colours. The central elements of the picture are semi-circles of different sizes and colours, which suggest harmony and balance. The combination of geometric shapes and colours brings cheerfulness and freshness to any room. The aluminium material ensures the durability and modern look of the picture. An ideal choice for those who want to add unique and stylish decor to their home. Size 30\u00d745 cm.<\/p>","protected":false},"excerpt":{"rendered":"<p>A Vid\u00e1m Val\u00f3s\u00e1g alum\u00ednium k\u00e9p egy modern, minimalista st\u00edlus\u00fa m\u0171alkot\u00e1s, amely k\u00fcl\u00f6nb\u00f6z\u0151 geometriai form\u00e1kkal \u00e9s \u00e9l\u00e9nk sz\u00ednekkel var\u00e1zsol el. A k\u00e9p k\u00f6zponti elemei a k\u00fcl\u00f6nb\u00f6z\u0151 m\u00e9ret\u0171 \u00e9s sz\u00edn\u0171 f\u00e9lk\u00f6r\u00f6k, amelyek harm\u00f3ni\u00e1t \u00e9s egyens\u00falyt sugallnak. A geometrikus form\u00e1k \u00e9s a sz\u00ednek kombin\u00e1ci\u00f3ja vid\u00e1ms\u00e1got \u00e9s frissess\u00e9get visz b\u00e1rmely helyis\u00e9gbe. Az alum\u00ednium alapanyag biztos\u00edtja a k\u00e9p tart\u00f3ss\u00e1g\u00e1t \u00e9s [&hellip;]<\/p>\n","protected":false},"featured_media":4929,"comment_status":"open","ping_status":"closed","template":"","meta":{"site-sidebar-layout":"default","site-content-layout":"","ast-site-content-layout":"default","site-content-style":"default","site-sidebar-style":"default","ast-global-header-display":"","ast-banner-title-visibility":"","ast-main-header-display":"","ast-hfb-above-header-display":"","ast-hfb-below-header-display":"","ast-hfb-mobile-header-display":"","site-post-title":"","ast-breadcrumbs-content":"","ast-featured-img":"","footer-sml-layout":"","ast-disable-related-posts":"","theme-transparent-header-meta":"default","adv-header-id-meta":"","stick-header-meta":"","header-above-stick-meta":"","header-main-stick-meta":"","header-below-stick-meta":"","astra-migrate-meta-layouts":"set","ast-page-background-enabled":"default","ast-page-background-meta":{"desktop":{"background-color":"var(--ast-global-color-4)","background-image":"","background-repeat":"repeat","background-position":"center center","background-size":"auto","background-attachment":"scroll","background-type":"","background-media":"","overlay-type":"","overlay-color":"","overlay-opacity":"","overlay-gradient":""},"tablet":{"background-color":"","background-image":"","background-repeat":"repeat","background-position":"center center","background-size":"auto","background-attachment":"scroll","background-type":"","background-media":"","overlay-type":"","overlay-color":"","overlay-opacity":"","overlay-gradient":""},"mobile":{"background-color":"","background-image":"","background-repeat":"repeat","background-position":"center center","background-size":"auto","background-attachment":"scroll","background-type":"","background-media":"","overlay-type":"","overlay-color":"","overlay-opacity":"","overlay-gradient":""}},"ast-content-background-meta":{"desktop":{"background-color":"var(--ast-global-color-5)","background-image":"","background-repeat":"repeat","background-position":"center center","background-size":"auto","background-attachment":"scroll","background-type":"","background-media":"","overlay-type":"","overlay-color":"","overlay-opacity":"","overlay-gradient":""},"tablet":{"background-color":"var(--ast-global-color-5)","background-image":"","background-repeat":"repeat","background-position":"center center","background-size":"auto","background-attachment":"scroll","background-type":"","background-media":"","overlay-type":"","overlay-color":"","overlay-opacity":"","overlay-gradient":""},"mobile":{"background-color":"var(--ast-global-color-5)","background-image":"","background-repeat":"repeat","background-position":"center center","background-size":"auto","background-attachment":"scroll","background-type":"","background-media":"","overlay-type":"","overlay-color":"","overlay-opacity":"","overlay-gradient":""}}},"product_brand":[],"product_cat":[73],"product_tag":[],"class_list":{"0":"post-4992","1":"product","2":"type-product","3":"status-publish","4":"has-post-thumbnail","6":"product_cat-boho-muveszet","7":"desktop-align-center","8":"tablet-align-left","9":"mobile-align-left","11":"first","12":"instock","13":"taxable","14":"shipping-taxable","15":"purchasable","16":"product-type-variable","17":"has-default-attributes","18":"add-to-wishlist-before_image","19":"wpzoom-wc-spi-has-enabled"},"_links":{"self":[{"href":"https:\/\/metalprints.hu\/en\/wp-json\/wp\/v2\/product\/4992","targetHints":{"allow":["GET"]}}],"collection":[{"href":"https:\/\/metalprints.hu\/en\/wp-json\/wp\/v2\/product"}],"about":[{"href":"https:\/\/metalprints.hu\/en\/wp-json\/wp\/v2\/types\/product"}],"replies":[{"embeddable":true,"href":"https:\/\/metalprints.hu\/en\/wp-json\/wp\/v2\/comments?post=4992"}],"version-history":[{"count":0,"href":"https:\/\/metalprints.hu\/en\/wp-json\/wp\/v2\/product\/4992\/revisions"}],"wp:featuredmedia":[{"embeddable":true,"href":"https:\/\/metalprints.hu\/en\/wp-json\/wp\/v2\/media\/4929"}],"wp:attachment":[{"href":"https:\/\/metalprints.hu\/en\/wp-json\/wp\/v2\/media?parent=4992"}],"wp:term":[{"taxonomy":"product_brand","embeddable":true,"href":"https:\/\/metalprints.hu\/en\/wp-json\/wp\/v2\/product_brand?post=4992"},{"taxonomy":"product_cat","embeddable":true,"href":"https:\/\/metalprints.hu\/en\/wp-json\/wp\/v2\/product_cat?post=4992"},{"taxonomy":"product_tag","embeddable":true,"href":"https:\/\/metalprints.hu\/en\/wp-json\/wp\/v2\/product_tag?post=4992"}],"curies":[{"name":"wp","href":"https:\/\/api.w.org\/{rel}","templated":true}]}}