{"id":5448,"date":"2024-08-18T18:14:07","date_gmt":"2024-08-18T16:14:07","guid":{"rendered":"https:\/\/metalprints.hu\/?post_type=product&#038;p=5448"},"modified":"2024-09-21T22:09:04","modified_gmt":"2024-09-21T20:09:04","slug":"szines-dombok-es-volgyek-aluminium-kep","status":"publish","type":"product","link":"https:\/\/metalprints.hu\/en\/art-kollekcio\/absztrakt-muveszet\/szines-dombok-es-volgyek-aluminium-kep\/","title":{"rendered":"Colourful Hills and Valleys Aluminium Image"},"content":{"rendered":"<p>The Colourful Hills and Valleys Aluminium Picture is a magical landscape that captures the eye with its combination of vibrant colours and modern art. The image features stylized hills and valleys alternating in softly undulating forms, while a harmonious blend of pastel colours exudes peace and tranquillity. This picture could be the perfect choice for those looking for a unique and colourful decoration for their home that also exudes positive energy and serenity. The aluminium material ensures the longevity of the picture and the vibrancy of the colours, so you can enjoy it for years to come. <span style=\"font-size: 16px;\">Size 30x45cm.<\/span><\/p>","protected":false},"excerpt":{"rendered":"<p>A Sz\u00ednes Dombok \u00e9s V\u00f6lgyek Alum\u00ednium K\u00e9p egy var\u00e1zslatos t\u00e1jk\u00e9pet \u00e1br\u00e1zol, amely az \u00e9l\u00e9nk sz\u00ednek \u00e9s a modern m\u0171v\u00e9szet tal\u00e1lkoz\u00e1s\u00e1val ragadja meg a figyelmet. A k\u00e9pen stiliz\u00e1lt dombok \u00e9s v\u00f6lgyek v\u00e1ltakoznak l\u00e1gyan hull\u00e1mz\u00f3 form\u00e1kban, mik\u00f6zben a pasztell sz\u00ednek harmonikus egyvelege b\u00e9k\u00e9t \u00e9s nyugalmat sug\u00e1roz. Ez a k\u00e9p t\u00f6k\u00e9letes v\u00e1laszt\u00e1s lehet azok sz\u00e1m\u00e1ra, akik egyedi \u00e9s [&hellip;]<\/p>\n","protected":false},"featured_media":5413,"comment_status":"open","ping_status":"closed","template":"","meta":{"site-sidebar-layout":"default","site-content-layout":"","ast-site-content-layout":"default","site-content-style":"default","site-sidebar-style":"default","ast-global-header-display":"","ast-banner-title-visibility":"","ast-main-header-display":"","ast-hfb-above-header-display":"","ast-hfb-below-header-display":"","ast-hfb-mobile-header-display":"","site-post-title":"","ast-breadcrumbs-content":"","ast-featured-img":"","footer-sml-layout":"","ast-disable-related-posts":"","theme-transparent-header-meta":"default","adv-header-id-meta":"","stick-header-meta":"","header-above-stick-meta":"","header-main-stick-meta":"","header-below-stick-meta":"","astra-migrate-meta-layouts":"set","ast-page-background-enabled":"default","ast-page-background-meta":{"desktop":{"background-color":"var(--ast-global-color-4)","background-image":"","background-repeat":"repeat","background-position":"center center","background-size":"auto","background-attachment":"scroll","background-type":"","background-media":"","overlay-type":"","overlay-color":"","overlay-opacity":"","overlay-gradient":""},"tablet":{"background-color":"","background-image":"","background-repeat":"repeat","background-position":"center center","background-size":"auto","background-attachment":"scroll","background-type":"","background-media":"","overlay-type":"","overlay-color":"","overlay-opacity":"","overlay-gradient":""},"mobile":{"background-color":"","background-image":"","background-repeat":"repeat","background-position":"center center","background-size":"auto","background-attachment":"scroll","background-type":"","background-media":"","overlay-type":"","overlay-color":"","overlay-opacity":"","overlay-gradient":""}},"ast-content-background-meta":{"desktop":{"background-color":"var(--ast-global-color-5)","background-image":"","background-repeat":"repeat","background-position":"center center","background-size":"auto","background-attachment":"scroll","background-type":"","background-media":"","overlay-type":"","overlay-color":"","overlay-opacity":"","overlay-gradient":""},"tablet":{"background-color":"var(--ast-global-color-5)","background-image":"","background-repeat":"repeat","background-position":"center center","background-size":"auto","background-attachment":"scroll","background-type":"","background-media":"","overlay-type":"","overlay-color":"","overlay-opacity":"","overlay-gradient":""},"mobile":{"background-color":"var(--ast-global-color-5)","background-image":"","background-repeat":"repeat","background-position":"center center","background-size":"auto","background-attachment":"scroll","background-type":"","background-media":"","overlay-type":"","overlay-color":"","overlay-opacity":"","overlay-gradient":""}}},"product_brand":[],"product_cat":[77],"product_tag":[],"class_list":{"0":"post-5448","1":"product","2":"type-product","3":"status-publish","4":"has-post-thumbnail","6":"product_cat-absztrakt-muveszet","7":"desktop-align-center","8":"tablet-align-left","9":"mobile-align-left","11":"first","12":"instock","13":"taxable","14":"shipping-taxable","15":"purchasable","16":"product-type-variable","17":"has-default-attributes","18":"add-to-wishlist-before_image","19":"wpzoom-wc-spi-has-enabled"},"_links":{"self":[{"href":"https:\/\/metalprints.hu\/en\/wp-json\/wp\/v2\/product\/5448","targetHints":{"allow":["GET"]}}],"collection":[{"href":"https:\/\/metalprints.hu\/en\/wp-json\/wp\/v2\/product"}],"about":[{"href":"https:\/\/metalprints.hu\/en\/wp-json\/wp\/v2\/types\/product"}],"replies":[{"embeddable":true,"href":"https:\/\/metalprints.hu\/en\/wp-json\/wp\/v2\/comments?post=5448"}],"version-history":[{"count":0,"href":"https:\/\/metalprints.hu\/en\/wp-json\/wp\/v2\/product\/5448\/revisions"}],"wp:featuredmedia":[{"embeddable":true,"href":"https:\/\/metalprints.hu\/en\/wp-json\/wp\/v2\/media\/5413"}],"wp:attachment":[{"href":"https:\/\/metalprints.hu\/en\/wp-json\/wp\/v2\/media?parent=5448"}],"wp:term":[{"taxonomy":"product_brand","embeddable":true,"href":"https:\/\/metalprints.hu\/en\/wp-json\/wp\/v2\/product_brand?post=5448"},{"taxonomy":"product_cat","embeddable":true,"href":"https:\/\/metalprints.hu\/en\/wp-json\/wp\/v2\/product_cat?post=5448"},{"taxonomy":"product_tag","embeddable":true,"href":"https:\/\/metalprints.hu\/en\/wp-json\/wp\/v2\/product_tag?post=5448"}],"curies":[{"name":"wp","href":"https:\/\/api.w.org\/{rel}","templated":true}]}}