{"id":5490,"date":"2024-08-18T18:30:00","date_gmt":"2024-08-18T16:30:00","guid":{"rendered":"https:\/\/metalprints.hu\/?post_type=product&#038;p=5490"},"modified":"2024-09-21T22:04:22","modified_gmt":"2024-09-21T20:04:22","slug":"szines-dombok-utja-aluminium-kep","status":"publish","type":"product","link":"https:\/\/metalprints.hu\/en\/art-kollekcio\/absztrakt-muveszet\/szines-dombok-utja-aluminium-kep\/","title":{"rendered":"Colourful Hills Road Aluminium Picture"},"content":{"rendered":"<p><span style=\"font-size: 16px;\">The Coloured Hills Road Aluminium Picture is a beautifully crafted modern landscape that combines the beauty of nature with artistic abstraction. The image alternates between brightly coloured hills and valleys, as a winding road winds through the landscape, transporting the viewer to a peaceful, dreamlike world. The harmonious colour palette, which uses shades of pink, orange, green and blue, exudes warmth and tranquillity, perfectly suited to the interior of any modern home. The aluminium image not only enhances the visual experience, but also ensures durability and colour vibrancy, providing long-lasting pleasure for the viewer. Size 30x45cm.<\/span><\/p>","protected":false},"excerpt":{"rendered":"<p>A Sz\u00ednes Dombok \u00datja Alum\u00ednium K\u00e9p egy gy\u00f6ny\u00f6r\u0171en megalkotott modern t\u00e1jk\u00e9p, amely a term\u00e9szet sz\u00e9ps\u00e9g\u00e9t \u00e9s a m\u0171v\u00e9szi absztrakci\u00f3t \u00f6tv\u00f6zi. A k\u00e9pen \u00e9l\u00e9nk sz\u00ednekben pomp\u00e1z\u00f3 dombok \u00e9s v\u00f6lgyek v\u00e1ltakoznak, mik\u00f6zben egy kanyarg\u00f3s \u00fat vezet v\u00e9gig a t\u00e1jon, amely a n\u00e9z\u0151t egy b\u00e9k\u00e9s, \u00e1lomszer\u0171 vil\u00e1gba kalauzolja. A harmonikus sz\u00ednpaletta, amely a r\u00f3zsasz\u00edn, narancs, z\u00f6ld \u00e9s k\u00e9k [&hellip;]<\/p>\n","protected":false},"featured_media":5478,"comment_status":"open","ping_status":"closed","template":"","meta":{"site-sidebar-layout":"default","site-content-layout":"","ast-site-content-layout":"default","site-content-style":"default","site-sidebar-style":"default","ast-global-header-display":"","ast-banner-title-visibility":"","ast-main-header-display":"","ast-hfb-above-header-display":"","ast-hfb-below-header-display":"","ast-hfb-mobile-header-display":"","site-post-title":"","ast-breadcrumbs-content":"","ast-featured-img":"","footer-sml-layout":"","ast-disable-related-posts":"","theme-transparent-header-meta":"default","adv-header-id-meta":"","stick-header-meta":"","header-above-stick-meta":"","header-main-stick-meta":"","header-below-stick-meta":"","astra-migrate-meta-layouts":"set","ast-page-background-enabled":"default","ast-page-background-meta":{"desktop":{"background-color":"var(--ast-global-color-4)","background-image":"","background-repeat":"repeat","background-position":"center center","background-size":"auto","background-attachment":"scroll","background-type":"","background-media":"","overlay-type":"","overlay-color":"","overlay-opacity":"","overlay-gradient":""},"tablet":{"background-color":"","background-image":"","background-repeat":"repeat","background-position":"center center","background-size":"auto","background-attachment":"scroll","background-type":"","background-media":"","overlay-type":"","overlay-color":"","overlay-opacity":"","overlay-gradient":""},"mobile":{"background-color":"","background-image":"","background-repeat":"repeat","background-position":"center center","background-size":"auto","background-attachment":"scroll","background-type":"","background-media":"","overlay-type":"","overlay-color":"","overlay-opacity":"","overlay-gradient":""}},"ast-content-background-meta":{"desktop":{"background-color":"var(--ast-global-color-5)","background-image":"","background-repeat":"repeat","background-position":"center center","background-size":"auto","background-attachment":"scroll","background-type":"","background-media":"","overlay-type":"","overlay-color":"","overlay-opacity":"","overlay-gradient":""},"tablet":{"background-color":"var(--ast-global-color-5)","background-image":"","background-repeat":"repeat","background-position":"center center","background-size":"auto","background-attachment":"scroll","background-type":"","background-media":"","overlay-type":"","overlay-color":"","overlay-opacity":"","overlay-gradient":""},"mobile":{"background-color":"var(--ast-global-color-5)","background-image":"","background-repeat":"repeat","background-position":"center center","background-size":"auto","background-attachment":"scroll","background-type":"","background-media":"","overlay-type":"","overlay-color":"","overlay-opacity":"","overlay-gradient":""}}},"product_brand":[],"product_cat":[77],"product_tag":[],"class_list":{"0":"post-5490","1":"product","2":"type-product","3":"status-publish","4":"has-post-thumbnail","6":"product_cat-absztrakt-muveszet","7":"desktop-align-center","8":"tablet-align-left","9":"mobile-align-left","11":"first","12":"instock","13":"taxable","14":"shipping-taxable","15":"purchasable","16":"product-type-variable","17":"has-default-attributes","18":"add-to-wishlist-before_image","19":"wpzoom-wc-spi-has-enabled"},"_links":{"self":[{"href":"https:\/\/metalprints.hu\/en\/wp-json\/wp\/v2\/product\/5490","targetHints":{"allow":["GET"]}}],"collection":[{"href":"https:\/\/metalprints.hu\/en\/wp-json\/wp\/v2\/product"}],"about":[{"href":"https:\/\/metalprints.hu\/en\/wp-json\/wp\/v2\/types\/product"}],"replies":[{"embeddable":true,"href":"https:\/\/metalprints.hu\/en\/wp-json\/wp\/v2\/comments?post=5490"}],"version-history":[{"count":0,"href":"https:\/\/metalprints.hu\/en\/wp-json\/wp\/v2\/product\/5490\/revisions"}],"wp:featuredmedia":[{"embeddable":true,"href":"https:\/\/metalprints.hu\/en\/wp-json\/wp\/v2\/media\/5478"}],"wp:attachment":[{"href":"https:\/\/metalprints.hu\/en\/wp-json\/wp\/v2\/media?parent=5490"}],"wp:term":[{"taxonomy":"product_brand","embeddable":true,"href":"https:\/\/metalprints.hu\/en\/wp-json\/wp\/v2\/product_brand?post=5490"},{"taxonomy":"product_cat","embeddable":true,"href":"https:\/\/metalprints.hu\/en\/wp-json\/wp\/v2\/product_cat?post=5490"},{"taxonomy":"product_tag","embeddable":true,"href":"https:\/\/metalprints.hu\/en\/wp-json\/wp\/v2\/product_tag?post=5490"}],"curies":[{"name":"wp","href":"https:\/\/api.w.org\/{rel}","templated":true}]}}