{"id":5778,"date":"2024-11-03T22:55:24","date_gmt":"2024-11-03T20:55:24","guid":{"rendered":"https:\/\/metalprints.hu\/?post_type=product&#038;p=5778"},"modified":"2024-11-03T23:31:43","modified_gmt":"2024-11-03T21:31:43","slug":"virtualis-valosag-kollazs","status":"publish","type":"product","link":"https:\/\/metalprints.hu\/en\/art-kollekcio\/gamer-vibraciok\/virtualis-valosag-kollazs\/","title":{"rendered":"Virtual Reality Collage Aluminum Image"},"content":{"rendered":"<p>Explore the depths of the digital dreamscape with the Virtual Reality Collage Aluminium image! This vibrant, richly detailed collage captures the essence of gaming culture, evoking the arm's length proximity of VR glasses and controller, the exciting world of futuristic technologies. The colours and fine details brought to life by sublimation printing make the image truly stunning and a great addition to a gamer's setup. This image is not only a decoration, but also a gateway to an infinite universe of gaming fantasy - an ideal choice for anyone who loves the virtual.<\/p>\n<p>&nbsp;<\/p>","protected":false},"excerpt":{"rendered":"<p>Fedezd fel a digit\u00e1lis \u00e1lomvil\u00e1g m\u00e9lys\u00e9geit a Virtu\u00e1lis Val\u00f3s\u00e1g Koll\u00e1zs Alum\u00ednium k\u00e9ppel! Ez az \u00e9l\u00e9nk, r\u00e9szletgazdag koll\u00e1zs a gaming kult\u00fara esszenci\u00e1j\u00e1t s\u0171r\u00edti mag\u00e1ba, megid\u00e9zve a VR szem\u00fcvegek \u00e9s kontroller karny\u00fajt\u00e1snyi k\u00f6zels\u00e9g\u00e9t, a futurisztikus technol\u00f3gi\u00e1k izgalmas vil\u00e1g\u00e1t. A szublim\u00e1ci\u00f3s nyomtat\u00e1s \u00e1ltal \u00e9letre kel\u0151 sz\u00ednek \u00e9s apr\u00f3l\u00e9kos r\u00e9szletek teszik igaz\u00e1n leny\u0171g\u00f6z\u0151v\u00e9 a k\u00e9pet, amely remek\u00fcl kieg\u00e9sz\u00edti egy [&hellip;]<\/p>\n","protected":false},"featured_media":5782,"comment_status":"open","ping_status":"closed","template":"","meta":{"site-sidebar-layout":"default","site-content-layout":"","ast-site-content-layout":"default","site-content-style":"default","site-sidebar-style":"default","ast-global-header-display":"","ast-banner-title-visibility":"","ast-main-header-display":"","ast-hfb-above-header-display":"","ast-hfb-below-header-display":"","ast-hfb-mobile-header-display":"","site-post-title":"","ast-breadcrumbs-content":"","ast-featured-img":"","footer-sml-layout":"","ast-disable-related-posts":"","theme-transparent-header-meta":"default","adv-header-id-meta":"","stick-header-meta":"","header-above-stick-meta":"","header-main-stick-meta":"","header-below-stick-meta":"","astra-migrate-meta-layouts":"set","ast-page-background-enabled":"default","ast-page-background-meta":{"desktop":{"background-color":"var(--ast-global-color-4)","background-image":"","background-repeat":"repeat","background-position":"center center","background-size":"auto","background-attachment":"scroll","background-type":"","background-media":"","overlay-type":"","overlay-color":"","overlay-opacity":"","overlay-gradient":""},"tablet":{"background-color":"","background-image":"","background-repeat":"repeat","background-position":"center center","background-size":"auto","background-attachment":"scroll","background-type":"","background-media":"","overlay-type":"","overlay-color":"","overlay-opacity":"","overlay-gradient":""},"mobile":{"background-color":"","background-image":"","background-repeat":"repeat","background-position":"center center","background-size":"auto","background-attachment":"scroll","background-type":"","background-media":"","overlay-type":"","overlay-color":"","overlay-opacity":"","overlay-gradient":""}},"ast-content-background-meta":{"desktop":{"background-color":"var(--ast-global-color-5)","background-image":"","background-repeat":"repeat","background-position":"center center","background-size":"auto","background-attachment":"scroll","background-type":"","background-media":"","overlay-type":"","overlay-color":"","overlay-opacity":"","overlay-gradient":""},"tablet":{"background-color":"var(--ast-global-color-5)","background-image":"","background-repeat":"repeat","background-position":"center center","background-size":"auto","background-attachment":"scroll","background-type":"","background-media":"","overlay-type":"","overlay-color":"","overlay-opacity":"","overlay-gradient":""},"mobile":{"background-color":"var(--ast-global-color-5)","background-image":"","background-repeat":"repeat","background-position":"center center","background-size":"auto","background-attachment":"scroll","background-type":"","background-media":"","overlay-type":"","overlay-color":"","overlay-opacity":"","overlay-gradient":""}}},"product_brand":[],"product_cat":[63],"product_tag":[],"class_list":{"0":"post-5778","1":"product","2":"type-product","3":"status-publish","4":"has-post-thumbnail","6":"product_cat-gamer-vibraciok","7":"desktop-align-center","8":"tablet-align-left","9":"mobile-align-left","11":"first","12":"instock","13":"taxable","14":"shipping-taxable","15":"purchasable","16":"product-type-variable","17":"has-default-attributes","18":"add-to-wishlist-before_image","19":"wpzoom-wc-spi-has-enabled"},"_links":{"self":[{"href":"https:\/\/metalprints.hu\/en\/wp-json\/wp\/v2\/product\/5778","targetHints":{"allow":["GET"]}}],"collection":[{"href":"https:\/\/metalprints.hu\/en\/wp-json\/wp\/v2\/product"}],"about":[{"href":"https:\/\/metalprints.hu\/en\/wp-json\/wp\/v2\/types\/product"}],"replies":[{"embeddable":true,"href":"https:\/\/metalprints.hu\/en\/wp-json\/wp\/v2\/comments?post=5778"}],"version-history":[{"count":0,"href":"https:\/\/metalprints.hu\/en\/wp-json\/wp\/v2\/product\/5778\/revisions"}],"wp:featuredmedia":[{"embeddable":true,"href":"https:\/\/metalprints.hu\/en\/wp-json\/wp\/v2\/media\/5782"}],"wp:attachment":[{"href":"https:\/\/metalprints.hu\/en\/wp-json\/wp\/v2\/media?parent=5778"}],"wp:term":[{"taxonomy":"product_brand","embeddable":true,"href":"https:\/\/metalprints.hu\/en\/wp-json\/wp\/v2\/product_brand?post=5778"},{"taxonomy":"product_cat","embeddable":true,"href":"https:\/\/metalprints.hu\/en\/wp-json\/wp\/v2\/product_cat?post=5778"},{"taxonomy":"product_tag","embeddable":true,"href":"https:\/\/metalprints.hu\/en\/wp-json\/wp\/v2\/product_tag?post=5778"}],"curies":[{"name":"wp","href":"https:\/\/api.w.org\/{rel}","templated":true}]}}