{"id":75,"date":"2022-02-22T14:33:41","date_gmt":"2022-02-22T14:33:41","guid":{"rendered":"https:\/\/metalprints.hu\/?product=golden-lamps"},"modified":"2024-11-29T01:36:33","modified_gmt":"2024-11-28T23:36:33","slug":"egyedi-aluminium-kep-nyomtatas","status":"publish","type":"product","link":"https:\/\/metalprints.hu\/en\/art-kollekcio\/egyedi-aluminium-kep\/egyedi-aluminium-kep-nyomtatas\/","title":{"rendered":"Custom Aluminium Image Printing"},"content":{"rendered":"<h3><strong>Term\u00e9kjellemz\u0151k:<\/strong><\/h3>\n<p>&nbsp;<\/p>\n<p>A term\u00e9k\u00fcnkkel egy st\u00edlusos \u00e9s modern megjelen\u00e9s\u0171 alum\u00ednium k\u00e9pet kap, amely t\u00f6k\u00e9letesen kieg\u00e9sz\u00edti otthona vagy irod\u00e1ja dekor\u00e1ci\u00f3j\u00e1t. Mindegyik term\u00e9k tartalmaz egy eleg\u00e1ns f\u00e9m \u00e1rny\u00e9kkeretet \u00e9s egy fali akaszt\u00f3t csavarokkal, pontosan \u00fagy, ahogy a k\u00e9pen is l\u00e1that\u00f3. Az \u00d6n k\u00e9pe \u00e9letre kel nagyfelbont\u00e1s\u00fa alum\u00ednium nyomtat\u00e1sunkkal, amely \u00e9les \u00e9s tart\u00f3s sz\u00edneket garant\u00e1l.<\/p>\n<h3><strong>Hogyan Rendeljen:<\/strong><\/h3>\n<p>&nbsp;<\/p>\n<p><strong>1.Fot\u00f3 Felt\u00f6lt\u00e9se:<\/strong> V\u00e1lassza ki \u00e9s t\u00f6ltse fel azt a fot\u00f3t, amelyet alum\u00edniumra szeretne nyomtatni.<\/p>\n<p><strong>2. M\u00e9ret Kiv\u00e1laszt\u00e1sa:<\/strong><\/p>\n<p>V\u00e1lasszon a k\u00f6vetkez\u0151 m\u00e9ret\u0171 \u00e9s form\u00e1j\u00fa opci\u00f3k k\u00f6z\u00fcl, hogy t\u00f6k\u00e9letesen illeszkedjen a tervezett helyre:<\/p>\n<ul>\n<li><strong>30&#215;45 cm (T\u00e1jk\u00e9p form\u00e1tum):<\/strong> Ide\u00e1lis nagyobb t\u00e1jk\u00e9pek vagy csoportos fot\u00f3k sz\u00e1m\u00e1ra.<\/li>\n<li><strong>45&#215;30 cm (Portr\u00e9 form\u00e1tum):<\/strong> T\u00f6k\u00e9letes v\u00e1laszt\u00e1s \u00e1ll\u00f3 form\u00e1tum\u00fa k\u00e9pek, p\u00e9ld\u00e1ul portr\u00e9k vagy egy\u00e9ni fot\u00f3k eset\u00e9n.<\/li>\n<li><strong>30&#215;30 cm (N\u00e9gyzet form\u00e1tum):<\/strong> N\u00e9gyzet alak\u00fa form\u00e1tum, amely univerz\u00e1lisan alkalmazhat\u00f3 k\u00fcl\u00f6nf\u00e9le k\u00e9pt\u00edpusokhoz, t\u00f6k\u00e9letes v\u00e1laszt\u00e1s azok sz\u00e1m\u00e1ra, akik egyedi vagy absztrakt kompoz\u00edci\u00f3kat szeretn\u00e9nek.<strong>\u00a0<\/strong><\/li>\n<\/ul>\n<p><strong>3. K\u00e9p M\u00e9retre V\u00e1g\u00e1sa \u00e9s Ar\u00e1nyok:<\/strong><\/p>\n<ul>\n<li>A k\u00e9pek nyomtat\u00e1sa <strong>3:2 ar\u00e1nyban<\/strong> t\u00f6rt\u00e9nik a <strong>30&#215;45 cm-es (T\u00e1jk\u00e9p form\u00e1tum)<\/strong> \u00e9s <strong>45&#215;30 cm-es (Portr\u00e9 form\u00e1tum)<\/strong> m\u00e9retek eset\u00e9n. Amennyiben a felt\u00f6lt\u00f6tt k\u00e9p nem ebben az ar\u00e1nyban \u00e1ll rendelkez\u00e9sre, a k\u00e9p t\u00f6bbi r\u00e9sz\u00e9t lev\u00e1gjuk a megfelel\u0151 ar\u00e1ny el\u00e9r\u00e9se \u00e9rdek\u00e9ben. K\u00e9rj\u00fck, vegye ezt figyelembe a k\u00e9p kiv\u00e1laszt\u00e1sakor \u00e9s felt\u00f6lt\u00e9sekor.<\/li>\n<li>A <strong>30&#215;30 cm-es (N\u00e9gyzet form\u00e1tum)<\/strong> eset\u00e9n a nyomtat\u00e1s <strong>1:1 ar\u00e1nyban<\/strong> t\u00f6rt\u00e9nik. Amennyiben a felt\u00f6lt\u00f6tt k\u00e9p nem n\u00e9gyzet alak\u00fa, sz\u00fcks\u00e9ges lehet a k\u00e9p egy r\u00e9sz\u00e9nek lev\u00e1g\u00e1sa, hogy illeszkedjen a n\u00e9gyzet form\u00e1tumhoz.<\/li>\n<\/ul>\n<p>Amennyiben nem biztos abban, hogyan v\u00e1gja m\u00e9retre a k\u00e9pet, vagy hogy az megfelel-e a k\u00edv\u00e1nt ar\u00e1nyoknak, t\u00f6ltse fel a legjobb tud\u00e1sa szerint. Mi fel\u00fclvizsg\u00e1ljuk a k\u00e9pet, \u00e9s amennyiben sz\u00fcks\u00e9ges, optimaliz\u00e1ljuk a m\u00e9retre v\u00e1g\u00e1st a legjobb vizu\u00e1lis eredm\u00e9ny \u00e9rdek\u00e9ben. Ha a k\u00e9p ar\u00e1nya vagy min\u0151s\u00e9ge miatt b\u00e1rmilyen k\u00e9rd\u00e9s mer\u00fclne fel, felvessz\u00fck \u00d6nnel a kapcsolatot.<\/p>\n<h3><strong>K\u00e9pmin\u0151s\u00e9g:<\/strong><\/h3>\n<p>A kiv\u00e1l\u00f3 nyomtat\u00e1si min\u0151s\u00e9g \u00e9rdek\u00e9ben k\u00e9rj\u00fck, hogy lehet\u0151s\u00e9g szerint magas felbont\u00e1s\u00fa k\u00e9pet haszn\u00e1ljon. Ez biztos\u00edtja, hogy az \u00d6n eml\u00e9kei a lehet\u0151 leg\u00e9lesebben \u00e9s leg\u00e9leth\u0171bben jelenjenek meg az alum\u00edniumon. Amennyiben a felt\u00f6lt\u00f6tt k\u00e9p nem felel meg a nyomtat\u00e1si min\u0151s\u00e9gi k\u00f6vetelm\u00e9nyeknek, miel\u0151bb felvessz\u00fck \u00d6nnel a kapcsolatot a lehets\u00e9ges megold\u00e1sok megbesz\u00e9l\u00e9s\u00e9re.<\/p>\n<p>[integrate_google_drive data=&#8221;eyJ1bmlxdWVJZCI6ImlnZF9waHA4dGoiLCJ0eXBlIjoibWVkaWEiLCJzaG93RmlsZXMiOnRydWUsInNob3dGb2xkZXJzIjp0cnVlLCJtb2R1bGVXaWR0aCI6IjEwMCUiLCJtb2R1bGVIZWlnaHQiOiIiLCJlbWJlZFdpZHRoIjoiMTAwJSIsImVtYmVkSGVpZ2h0IjoiNDgwcHgiLCJnYWxsZXJ5SGVpZ2h0IjozMDAsImdhbGxlcnlNYXJnaW4iOjUsImdhbGxlcnlWaWV3Ijoicm91bmRlZCIsInNob3dIZWFkZXIiOnRydWUsInNob3dCcmVhZGNydW1icyI6dHJ1ZSwiYWxsb3dFbWJlZFBvcG91dCI6dHJ1ZSwiZW1iZWRUeXBlIjoicmVhZE9ubHkiLCJzaG93UmVmcmVzaCI6dHJ1ZSwib3BlbmVkUGxheWxpc3QiOnRydWUsInNob3dGdWxsc2NyZWVuIjp0cnVlLCJuZXh0UHJldmlvdXMiOmZhbHNlLCJ2b2x1bWVCdXR0b24iOnRydWUsInZpZXciOiJsaXN0IiwibGF6eUxvYWQiOnRydWUsImxhenlMb2FkTnVtYmVyIjoxMDAsImxhenlMb2FkVHlwZSI6InBhZ2luYXRpb24iLCJvcGVuTmV3VGFiIjp0cnVlLCJzb3J0Ijp7InNvcnRCeSI6Im5hbWUiLCJzb3J0RGlyZWN0aW9uIjoiYXNjIn0sInByZXZpZXciOnRydWUsImFsbG93UHJldmlld1BvcG91dCI6dHJ1ZSwiZG93bmxvYWQiOmZhbHNlLCJmb2xkZXJEb3dubG9hZCI6ZmFsc2UsInppcERvd25sb2FkIjpmYWxzZSwiZGlzcGxheUZvciI6ImV2ZXJ5b25lIiwiZGlzcGxheVVzZXJzIjpbImV2ZXJ5b25lIl0sImRpc3BsYXlFeGNlcHQiOltdLCJzbGlkZUhlaWdodCI6IjMwMHB4Iiwic2xpZGVzVG9TaG93IjozLCJzbGlkZXNUb1Njcm9sbCI6MSwic2xpZGVBdXRvcGxheVNwZWVkIjozMDAwLCJzbGlkZURvdHMiOnRydWUsImZvbGRlcnMiOlt7ImlkIjoiMWVncXVtaWZoaGIyNkwtV2ZYT1M0Y2NVcUR0b1NaZ0tqIiwibmFtZSI6IjAzIEZCIEFEUyBDU0FMQURJIEVNTEVLIDF4MS5tcDQiLCJ0eXBlIjoidmlkZW8vbXA0Iiwic2l6ZSI6IjM0NTY1ODc1IiwiaWNvbkxpbmsiOiJodHRwczovL2RyaXZlLXRoaXJkcGFydHkuZ29vZ2xldXNlcmNvbnRlbnQuY29tLzE2L3R5cGUvdmlkZW8vbXA0IiwidGh1bWJuYWlsTGluayI6Imh0dHBzOi8vbGgzLmdvb2dsZXVzZXJjb250ZW50LmNvbS9kcml2ZS1zdG9yYWdlL0FKUVd0Qk9aUFVMeldTMW05aHUxdFU4WmZzOHEwRWY1ekloYlp4Vi1oTU1Xb2ZpZGNEb1pJWWVMVUw1aXpPZ2ZQZmg0TTFsQmYtcjd3X2ZrVU5rV05pNG04a2pTSjA5dC0yVXNOZW9OQ2txQV9qcFBQQVk9czIyMCIsIndlYlZpZXdMaW5rIjoiaHR0cHM6Ly9kcml2ZS5nb29nbGUuY29tL2ZpbGUvZC8xZWdxdW1pZmhoYjI2TC1XZlhPUzRjY1VxRHRvU1pnS2ovdmlldz91c3A9ZHJpdmVzZGsiLCJ3ZWJDb250ZW50TGluayI6Imh0dHBzOi8vZHJpdmUuZ29vZ2xlLmNvbS91Yz9pZD0xZWdxdW1pZmhoYjI2TC1XZlhPUzRjY1VxRHRvU1pnS2omZXhwb3J0PWRvd25sb2FkIiwiY3JlYXRlZCI6IjIwMjQtMTAtMDZUMTk6MjQ6MDMuMjA1WiIsInVwZGF0ZWQiOiIyMDI0LTEwLTA2VDE2OjUzOjM1LjAwMFoiLCJkZXNjcmlwdGlvbiI6bnVsbCwic2hhcmVkIjp0cnVlLCJzaGFyZWRXaXRoTWVUaW1lIjpudWxsLCJleHRlbnNpb24iOiJtcDQiLCJyZXNvdXJjZUtleSI6bnVsbCwiY29weVJlcXVpcmVzV3JpdGVyUGVybWlzc2lvbiI6ZmFsc2UsInN0YXJyZWQiOmZhbHNlLCJleHBvcnRMaW5rcyI6bnVsbCwiYWNjb3VudElkIjoiMDMxOTg5Nzk4MDk1OTc2MzY1MjgiLCJwYXJlbnRzIjpbIjEzakE0ekFwWVpZOTVqbU02Um5ud3lRUzFMeGpzaEYxTCJdLCJwZXJtaXNzaW9ucyI6eyJjYW5QcmV2aWV3Ijp0cnVlLCJjYW5Eb3dubG9hZCI6dHJ1ZSwiY2FuRWRpdCI6ZmFsc2UsImNhbkRlbGV0ZSI6dHJ1ZSwiY2FuVHJhc2giOnRydWUsImNhbk1vdmUiOnRydWUsImNhblJlbmFtZSI6dHJ1ZSwiY2FuU2hhcmUiOnRydWUsImNvcHlSZXF1aXJlc1dyaXRlclBlcm1pc3Npb24iOmZhbHNlLCJjYW5DaGFuZ2VDb3B5UmVxdWlyZXNXcml0ZXJQZXJtaXNzaW9uIjpudWxsLCJ1c2VycyI6eyIxMTc2MDg2MTc1NDMwNjE1MTkyNyI6eyJ0eXBlIjoidXNlciIsInJvbGUiOiJ3cml0ZXIiLCJkb21haW4iOm51bGx9LCJhbnlvbmVXaXRoTGluayI6eyJ0eXBlIjoiYW55b25lIiwicm9sZSI6InJlYWRlciIsImRvbWFpbiI6bnVsbH0sIjAzMTk4OTc5ODA5NTk3NjM2NTI4Ijp7InR5cGUiOiJ1c2VyIiwicm9sZSI6Im93bmVyIiwiZG9tYWluIjpudWxsfX19LCJleHBvcnRBcyI6W10sIm1ldGFEYXRhIjp7IndpZHRoIjoxMDgwLCJoZWlnaHQiOjEwODAsImR1cmF0aW9uIjoiMjIwOTkifSwiaXNGb2xkZXIiOmZhbHNlfV0sInNob3dQbGF5bGlzdCI6ZmFsc2V9&#8243;]<\/p>\n<p><!-- notionvc: 98d88beb-b1a6-4fed-b274-9bce15694d33 --><\/p>\n","protected":false},"excerpt":{"rendered":"<p>Take pleasure in uniquely decorating your home or office with a premium quality aluminium photo print that brings to life your fond memories or inspirational quotes. All our prints are made using high-resolution technology, ensuring crisp and vibrant images that are perfect for modern or classic interiors.<\/p>","protected":false},"featured_media":782,"comment_status":"open","ping_status":"closed","template":"","meta":{"site-sidebar-layout":"default","site-content-layout":"default","ast-site-content-layout":"default","site-content-style":"default","site-sidebar-style":"default","ast-global-header-display":"","ast-banner-title-visibility":"","ast-main-header-display":"","ast-hfb-above-header-display":"","ast-hfb-below-header-display":"","ast-hfb-mobile-header-display":"","site-post-title":"","ast-breadcrumbs-content":"","ast-featured-img":"","footer-sml-layout":"","ast-disable-related-posts":"","theme-transparent-header-meta":"default","adv-header-id-meta":"","stick-header-meta":"","header-above-stick-meta":"","header-main-stick-meta":"","header-below-stick-meta":"","astra-migrate-meta-layouts":"set","ast-page-background-enabled":"default","ast-page-background-meta":{"desktop":{"background-color":"var(--ast-global-color-4)","background-image":"","background-repeat":"repeat","background-position":"center center","background-size":"auto","background-attachment":"scroll","background-type":"","background-media":"","overlay-type":"","overlay-color":"","overlay-opacity":"","overlay-gradient":""},"tablet":{"background-color":"","background-image":"","background-repeat":"repeat","background-position":"center center","background-size":"auto","background-attachment":"scroll","background-type":"","background-media":"","overlay-type":"","overlay-color":"","overlay-opacity":"","overlay-gradient":""},"mobile":{"background-color":"","background-image":"","background-repeat":"repeat","background-position":"center center","background-size":"auto","background-attachment":"scroll","background-type":"","background-media":"","overlay-type":"","overlay-color":"","overlay-opacity":"","overlay-gradient":""}},"ast-content-background-meta":{"desktop":{"background-color":"var(--ast-global-color-5)","background-image":"","background-repeat":"repeat","background-position":"center center","background-size":"auto","background-attachment":"scroll","background-type":"","background-media":"","overlay-type":"","overlay-color":"","overlay-opacity":"","overlay-gradient":""},"tablet":{"background-color":"var(--ast-global-color-5)","background-image":"","background-repeat":"repeat","background-position":"center center","background-size":"auto","background-attachment":"scroll","background-type":"","background-media":"","overlay-type":"","overlay-color":"","overlay-opacity":"","overlay-gradient":""},"mobile":{"background-color":"var(--ast-global-color-5)","background-image":"","background-repeat":"repeat","background-position":"center center","background-size":"auto","background-attachment":"scroll","background-type":"","background-media":"","overlay-type":"","overlay-color":"","overlay-opacity":"","overlay-gradient":""}}},"product_brand":[],"product_cat":[23],"product_tag":[],"class_list":{"0":"post-75","1":"product","2":"type-product","3":"status-publish","4":"has-post-thumbnail","6":"product_cat-egyedi-aluminium-kep","7":"desktop-align-center","8":"tablet-align-left","9":"mobile-align-left","11":"first","12":"instock","13":"taxable","14":"shipping-taxable","15":"purchasable","16":"product-type-variable","17":"has-default-attributes","18":"add-to-wishlist-before_image","19":"wpzoom-wc-spi-has-enabled"},"_links":{"self":[{"href":"https:\/\/metalprints.hu\/en\/wp-json\/wp\/v2\/product\/75","targetHints":{"allow":["GET"]}}],"collection":[{"href":"https:\/\/metalprints.hu\/en\/wp-json\/wp\/v2\/product"}],"about":[{"href":"https:\/\/metalprints.hu\/en\/wp-json\/wp\/v2\/types\/product"}],"replies":[{"embeddable":true,"href":"https:\/\/metalprints.hu\/en\/wp-json\/wp\/v2\/comments?post=75"}],"version-history":[{"count":0,"href":"https:\/\/metalprints.hu\/en\/wp-json\/wp\/v2\/product\/75\/revisions"}],"wp:featuredmedia":[{"embeddable":true,"href":"https:\/\/metalprints.hu\/en\/wp-json\/wp\/v2\/media\/782"}],"wp:attachment":[{"href":"https:\/\/metalprints.hu\/en\/wp-json\/wp\/v2\/media?parent=75"}],"wp:term":[{"taxonomy":"product_brand","embeddable":true,"href":"https:\/\/metalprints.hu\/en\/wp-json\/wp\/v2\/product_brand?post=75"},{"taxonomy":"product_cat","embeddable":true,"href":"https:\/\/metalprints.hu\/en\/wp-json\/wp\/v2\/product_cat?post=75"},{"taxonomy":"product_tag","embeddable":true,"href":"https:\/\/metalprints.hu\/en\/wp-json\/wp\/v2\/product_tag?post=75"}],"curies":[{"name":"wp","href":"https:\/\/api.w.org\/{rel}","templated":true}]}}